{"id":11164,"date":"2025-09-29T13:53:47","date_gmt":"2025-09-29T13:53:47","guid":{"rendered":"https:\/\/aquabluebursa.com\/?page_id=11164"},"modified":"2025-10-26T21:24:37","modified_gmt":"2025-10-26T21:24:37","slug":"odeme-ve-teslimat","status":"publish","type":"page","link":"https:\/\/aquabluebursa.com\/en\/odeme-ve-teslimat\/","title":{"rendered":"\u00d6deme ve Teslimat"},"content":{"rendered":"<p><strong>\u00d6deme Y\u00f6ntemleri<\/strong><\/p>\n<p><strong>Havale \/ EFT ile \u00f6deme :<\/strong><\/p>\n<p>Aqua Blue Bursa\u2019 dan Havale \/ EFT ile yapaca\u011f\u0131n\u0131z al\u0131\u015fveri\u015flerde, sipari\u015f tutar\u0131n\u0131n hesaplar\u0131m\u0131za ge\u00e7mesiyle teslimat s\u00fcresi ba\u015flar. 5 i\u015f g\u00fcn\u00fc i\u00e7erisinde hesaba ge\u00e7meyen havale sipari\u015fleriniz ge\u00e7ersiz say\u0131l\u0131r<\/p>\n<p><strong>Kredi Kart\u0131 ile \u00f6deme :<\/strong><\/p>\n<p>Aqua Blue Bursa 128 Bit SSL \u00fczerinden Visa ve Master Card kredi kartlar\u0131 ile g\u00fcvenli al\u0131\u015fveri\u015f yapma olana\u011f\u0131 sa\u011flar. Aqua Blue Bursa\u2019 dan, anla\u015fmal\u0131 banka kredi kartlar\u0131yla tek \u00e7ekim veya taksitli al\u0131\u015fveri\u015f yapabilirsiniz.<\/p>\n<p><strong>Teslimat<\/strong><\/p>\n<p>Sipari\u015fleriniz onayland\u0131ktan sonra en ge\u00e7 3 (\u00fc\u00e7) i\u015f g\u00fcn\u00fc sonunda Kargo firmas\u0131na teslim edilir. Kargo yoluyla g\u00f6nderimleriniz i\u00e7in kargo masraf\u0131 da sipari\u015f toplam tutar\u0131n\u0131za ekli de\u011fildir.<\/p>\n<p>M\u00fc\u015fteri temsilcimize dan\u0131\u015farak de\u011fi\u015fik teslimat \u015fartlar\u0131 konusunda g\u00f6r\u00fc\u015febilirsiniz. Kargo teslimatlar\u0131 sadece T\u00fcrkiye i\u00e7in ge\u00e7erlidir.<\/p>\n<p><strong>De\u011ferli M\u00fc\u015fterilerimizin Dikkatine.<\/strong><\/p>\n<p><strong>Kargo Teslimat\u0131nda L\u00fctfen \u00dcr\u00fcnlerinizi Kargo G\u00f6revlisinin Yan\u0131nda Kontrol Ediniz.<\/strong><\/p>\n<p><strong>Hasarl\u0131 \u00dcr\u00fcnlerde Hasar Tespit Tutana\u011f\u0131 Olmadan \u0130\u015flem Yap\u0131lmamaktad\u0131r.<\/strong><\/p>\n<p><strong>Aksi Taktirde T\u00fcm Sorumluluk Al\u0131c\u0131ya Aittir.<\/strong><\/p>\n<p><strong>TUTANAK TUTULMAMI\u015e H\u0130\u00c7B\u0130R HASAR-EKS\u0130K \u00dcR\u00dcN B\u0130LD\u0130R\u0130M\u0130 D\u0130KKATE ALINMAZ.<\/strong><\/p>","protected":false},"excerpt":{"rendered":"<p>\u00d6deme Y\u00f6ntemleri Havale \/ EFT ile \u00f6deme : Aqua Blue Bursa\u2019 dan Havale \/ EFT ile yapaca\u011f\u0131n\u0131z al\u0131\u015fveri\u015flerde, sipari\u015f tutar\u0131n\u0131n<\/p>","protected":false},"author":1,"featured_media":0,"parent":0,"menu_order":0,"comment_status":"closed","ping_status":"closed","template":"","meta":{"footnotes":""},"class_list":["post-11164","page","type-page","status-publish","hentry"],"_links":{"self":[{"href":"https:\/\/aquabluebursa.com\/en\/wp-json\/wp\/v2\/pages\/11164","targetHints":{"allow":["GET"]}}],"collection":[{"href":"https:\/\/aquabluebursa.com\/en\/wp-json\/wp\/v2\/pages"}],"about":[{"href":"https:\/\/aquabluebursa.com\/en\/wp-json\/wp\/v2\/types\/page"}],"author":[{"embeddable":true,"href":"https:\/\/aquabluebursa.com\/en\/wp-json\/wp\/v2\/users\/1"}],"replies":[{"embeddable":true,"href":"https:\/\/aquabluebursa.com\/en\/wp-json\/wp\/v2\/comments?post=11164"}],"version-history":[{"count":3,"href":"https:\/\/aquabluebursa.com\/en\/wp-json\/wp\/v2\/pages\/11164\/revisions"}],"predecessor-version":[{"id":11167,"href":"https:\/\/aquabluebursa.com\/en\/wp-json\/wp\/v2\/pages\/11164\/revisions\/11167"}],"wp:attachment":[{"href":"https:\/\/aquabluebursa.com\/en\/wp-json\/wp\/v2\/media?parent=11164"}],"curies":[{"name":"wp","href":"https:\/\/api.w.org\/{rel}","templated":true}]}}