{"id":12487,"date":"2026-03-13T20:15:58","date_gmt":"2026-03-13T20:15:58","guid":{"rendered":"https:\/\/aquabluebursa.com\/magaza\/kategorilenmemis\/zksj-reef-royal-120-internal-protein-skimmer\/"},"modified":"2026-03-13T20:15:59","modified_gmt":"2026-03-13T20:15:59","slug":"zksj-reef-royal-120-internal-protein-skimmer","status":"publish","type":"product","link":"https:\/\/aquabluebursa.com\/en\/magaza\/protein-skimmer\/zksj-reef-royal-120-internal-protein-skimmer\/","title":{"rendered":"ZKSJ &#8211; Reef Royal 120 Internal Protein Skimmer"},"content":{"rendered":"<div><span style=\"font-size: 12pt; font-weight: bold;\">ZKSJ &#8211; Reef Royal 120 Internal Protein Skimmer<\/span><\/div>\n<div><\/div>\n<div><img decoding=\"async\" style=\"margin: 0px;\" src=\"https:\/\/akvaryummerkezi.myideasoft.com\/class\/INNOVAEditor\/assets\/reef%20royal%20skimmer%20teknik%20%C3%B6zellik.jpg\" alt=\"\" border=\"0\" \/><\/div>\n<div><\/div>\n<div><span style=\"color: #ef001b; font-size: 24px;\">MOTOR BLO\u011eU 2 YIL GARANT\u0130L\u0130D\u0130R<\/span><\/div>\n<div><\/div>\n<div><img decoding=\"async\" style=\"font-size: 16px; margin: 0px;\" src=\"https:\/\/akvaryummerkezi.myideasoft.com\/class\/INNOVAEditor\/assets\/reef%20royal%20protein%20skimmer%20pump%20parts%201.jpg\" alt=\"\" border=\"0\" \/><\/div>\n<div><\/div>\n<div><img decoding=\"async\" style=\"font-size: 16px; margin: 0px;\" src=\"https:\/\/akvaryummerkezi.myideasoft.com\/class\/INNOVAEditor\/assets\/reef%20royal%20protein%20skimmer%20pump%20parts%202.jpg\" alt=\"\" border=\"0\" \/><\/div>\n<div><\/div>\n<div><img decoding=\"async\" style=\"font-size: 16px; margin: 0px;\" src=\"https:\/\/akvaryummerkezi.myideasoft.com\/class\/INNOVAEditor\/assets\/reef%20royal%20protein%20skimmer%20bubble%202.jpg\" alt=\"\" border=\"0\" \/><\/div>\n<div><\/div>\n<div><img decoding=\"async\" style=\"font-size: 16px; margin: 0px;\" src=\"https:\/\/akvaryummerkezi.myideasoft.com\/class\/INNOVAEditor\/assets\/reef%20royal%20protein%20skimmer%20bubble%20plate.jpg\" alt=\"\" border=\"0\" \/><\/div>\n<div><\/div>\n<div><img decoding=\"async\" style=\"font-size: 16px; margin: 0px;\" src=\"https:\/\/akvaryummerkezi.myideasoft.com\/class\/INNOVAEditor\/assets\/reef%20royal%20protein%20skimmer%20body.jpg\" alt=\"\" border=\"0\" \/><\/div>\n<div style=\"font-size: 12pt;\"><\/div>","protected":false},"excerpt":{"rendered":"<p>ZKSJ &#8211; Reef Royal 120 Internal Protein Skimmer MOTOR BLO\u011eU 2 YIL GARANT\u0130L\u0130D\u0130R<\/p>","protected":false},"featured_media":12996,"comment_status":"closed","ping_status":"open","template":"","meta":[],"pwb-brand":[],"product_brand":[71],"product_cat":[151],"product_tag":[],"class_list":{"0":"post-12487","1":"product","2":"type-product","3":"status-publish","4":"has-post-thumbnail","6":"product_brand-zksj","7":"product_cat-protein-skimmer","9":"first","10":"instock","11":"purchasable","12":"product-type-simple"},"brands":[],"_links":{"self":[{"href":"https:\/\/aquabluebursa.com\/en\/wp-json\/wp\/v2\/product\/12487","targetHints":{"allow":["GET"]}}],"collection":[{"href":"https:\/\/aquabluebursa.com\/en\/wp-json\/wp\/v2\/product"}],"about":[{"href":"https:\/\/aquabluebursa.com\/en\/wp-json\/wp\/v2\/types\/product"}],"replies":[{"embeddable":true,"href":"https:\/\/aquabluebursa.com\/en\/wp-json\/wp\/v2\/comments?post=12487"}],"wp:featuredmedia":[{"embeddable":true,"href":"https:\/\/aquabluebursa.com\/en\/wp-json\/wp\/v2\/media\/12996"}],"wp:attachment":[{"href":"https:\/\/aquabluebursa.com\/en\/wp-json\/wp\/v2\/media?parent=12487"}],"wp:term":[{"taxonomy":"pwb-brand","embeddable":true,"href":"https:\/\/aquabluebursa.com\/en\/wp-json\/wp\/v2\/pwb-brand?post=12487"},{"taxonomy":"product_brand","embeddable":true,"href":"https:\/\/aquabluebursa.com\/en\/wp-json\/wp\/v2\/product_brand?post=12487"},{"taxonomy":"product_cat","embeddable":true,"href":"https:\/\/aquabluebursa.com\/en\/wp-json\/wp\/v2\/product_cat?post=12487"},{"taxonomy":"product_tag","embeddable":true,"href":"https:\/\/aquabluebursa.com\/en\/wp-json\/wp\/v2\/product_tag?post=12487"}],"curies":[{"name":"wp","href":"https:\/\/api.w.org\/{rel}","templated":true}]}}