{"id":12488,"date":"2026-03-13T20:16:02","date_gmt":"2026-03-13T20:16:02","guid":{"rendered":"https:\/\/aquabluebursa.com\/magaza\/kategorilenmemis\/d-d-aquarium-aquascape-natural-rock-dogal-akvaryum-kayasi-20-kg\/"},"modified":"2026-03-13T20:16:02","modified_gmt":"2026-03-13T20:16:02","slug":"d-d-aquarium-aquascape-natural-rock-dogal-akvaryum-kayasi-20-kg","status":"publish","type":"product","link":"https:\/\/aquabluebursa.com\/en\/magaza\/kayalarcanli-kayalar\/d-d-aquarium-aquascape-natural-rock-dogal-akvaryum-kayasi-20-kg\/","title":{"rendered":"D-D Aquarium &#8211; Aquascape Natural Rock Do\u011fal Akvaryum Kayas\u0131 20 Kg."},"content":{"rendered":"<div><span style=\"font-size: 12pt;\">D-D Aquarium &#8211; Aquascape Natural Rock Do\u011fal Akvaryum Kayas\u0131 20 Kg.<\/span><\/div>\n<div><\/div>\n<div>\n<div>\n<div><span style=\"font-size: 12pt;\">Aquascape Do\u011fal Akvaryum Kayas\u0131<\/span><\/div>\n<div><span style=\"font-size: 16px;\">\u00a0<\/span><\/div>\n<div><span style=\"font-size: 16px;\">S\u00fcrd\u00fcr\u00fclebilir kaynaklardan tedarik edilerek do\u011faya zarar vermeden sizlere sunulan DD Aquarium do\u011fal akvaryum kayalas\u0131, akvaryumlar i\u00e7in zararl\u0131 olabilecek hi\u00e7bir zararl\u0131 mikro organizma ya da yosun t\u00fcrevi i\u00e7ermemektedir. Do\u011fas\u0131 gere\u011fi di\u011fer kayalardan hafif olan bu \u00fcr\u00fcn, akvaryumlar\u0131n\u0131zda dekor yapmak i\u00e7in de en ideal kayalardan biridir.<\/span><\/div>\n<div><span style=\"font-size: 16px;\">\u00a0<\/span><\/div>\n<div><span style=\"font-size: 16px;\">\u00d6zellikleri:<\/span><\/div>\n<div><span style=\"font-size: 16px;\">\u00a0<\/span><\/div>\n<div><span style=\"font-size: 16px;\">\u2022 Do\u011fal aragonit kayas\u0131d\u0131r.<\/span><\/div>\n<div><span style=\"font-size: 16px;\">\u2022 \u00c7ok eski resiflerden olu\u015fan kayalard\u0131r.\u00a0<\/span><\/div>\n<div><span style=\"font-size: 16px;\">\u2022 Mercan ve bal\u0131k akvaryumlar\u0131 i\u00e7in uygundur.<\/span><\/div>\n<div><span style=\"font-size: 16px;\">\u2022 Ciklet ve sert tatl\u0131su akvaryumlar\u0131 i\u00e7in uygundur.\u00a0<\/span><\/div>\n<div><span style=\"font-size: 16px;\">\u2022 Bakteri olu\u015fumu i\u00e7in geni\u015f y\u00fczey alan\u0131na sahiptir.<\/span><\/div>\n<div><span style=\"font-size: 16px;\">\u00a0<\/span><\/div>\n<div><span style=\"font-size: 16px;\">Teknik \u00f6zellikleri:<\/span><\/div>\n<div><span style=\"font-size: 16px;\">\u00a0<\/span><\/div>\n<div><span style=\"font-size: 16px;\">8-12 Litre akvaryum suyu i\u00e7in 1 Kg do\u011fal akvaryum kayas\u0131 kullan\u0131lmas\u0131 tavsiye edilir.\u00a0<\/span><\/div>\n<div><span style=\"font-size: 16px;\">\u00a0<\/span><\/div>\n<div><span style=\"font-size: 16px;\">\u00a0<\/span><\/div>\n<div><span style=\"font-size: 16px;\">20 Kg.\u2019lik kolilerde paketlenmi\u015ftir.\u00a0<\/span><\/div>\n<div><span style=\"font-size: 16px;\">\u00a0<\/span><\/div>\n<div><span style=\"font-size: 12pt;\">Paketleme Videosu<\/span><\/div>\n<\/div>\n<div>\n<div><a style=\"font-size: 12pt;\" href=\"https:\/\/www.youtube.com\/watch?v=Tm0d8yeD9sQ&#038;t=2s\" target=\"_blank\" rel=\"noopener\">https:\/\/www.youtube.com\/watch?v=Tm0d8yeD9sQ&#038;t=2s<\/a><\/div>\n<\/div>\n<\/div>","protected":false},"excerpt":{"rendered":"<p>D-D Aquarium &#8211; Aquascape Natural Rock Do\u011fal Akvaryum Kayas\u0131 20 Kg. Aquascape Do\u011fal Akvaryum Kayas\u0131 \u00a0 S\u00fcrd\u00fcr\u00fclebilir kaynaklardan tedarik edilerek<\/p>","protected":false},"featured_media":12999,"comment_status":"closed","ping_status":"open","template":"","meta":[],"pwb-brand":[],"product_brand":[74],"product_cat":[152],"product_tag":[],"class_list":{"0":"post-12488","1":"product","2":"type-product","3":"status-publish","4":"has-post-thumbnail","6":"product_brand-d-d-aquarium","7":"product_cat-kayalarcanli-kayalar","9":"first","10":"outofstock","11":"purchasable","12":"product-type-simple"},"brands":[],"_links":{"self":[{"href":"https:\/\/aquabluebursa.com\/en\/wp-json\/wp\/v2\/product\/12488","targetHints":{"allow":["GET"]}}],"collection":[{"href":"https:\/\/aquabluebursa.com\/en\/wp-json\/wp\/v2\/product"}],"about":[{"href":"https:\/\/aquabluebursa.com\/en\/wp-json\/wp\/v2\/types\/product"}],"replies":[{"embeddable":true,"href":"https:\/\/aquabluebursa.com\/en\/wp-json\/wp\/v2\/comments?post=12488"}],"wp:featuredmedia":[{"embeddable":true,"href":"https:\/\/aquabluebursa.com\/en\/wp-json\/wp\/v2\/media\/12999"}],"wp:attachment":[{"href":"https:\/\/aquabluebursa.com\/en\/wp-json\/wp\/v2\/media?parent=12488"}],"wp:term":[{"taxonomy":"pwb-brand","embeddable":true,"href":"https:\/\/aquabluebursa.com\/en\/wp-json\/wp\/v2\/pwb-brand?post=12488"},{"taxonomy":"product_brand","embeddable":true,"href":"https:\/\/aquabluebursa.com\/en\/wp-json\/wp\/v2\/product_brand?post=12488"},{"taxonomy":"product_cat","embeddable":true,"href":"https:\/\/aquabluebursa.com\/en\/wp-json\/wp\/v2\/product_cat?post=12488"},{"taxonomy":"product_tag","embeddable":true,"href":"https:\/\/aquabluebursa.com\/en\/wp-json\/wp\/v2\/product_tag?post=12488"}],"curies":[{"name":"wp","href":"https:\/\/api.w.org\/{rel}","templated":true}]}}