{"id":12494,"date":"2026-03-13T20:16:12","date_gmt":"2026-03-13T20:16:12","guid":{"rendered":"https:\/\/aquabluebursa.com\/magaza\/kategorilenmemis\/brightwell-coralamino-60-ml\/"},"modified":"2026-03-13T20:16:12","modified_gmt":"2026-03-13T20:16:12","slug":"brightwell-coralamino-60-ml","status":"publish","type":"product","link":"https:\/\/aquabluebursa.com\/en\/magaza\/katkilar\/brightwell-coralamino-60-ml\/","title":{"rendered":"Brightwell &#8211; CoralAmino 60 ml"},"content":{"rendered":"<div>\n<p>Brightwell &#8211; CoralAmin\u014d &#8211; Free Form Amino Acid Supplement for Corals &#8211; Amino Asit &#8211; 60 ml<\/p>\n<p>&nbsp;<\/p>\n<p>\u00dcr\u00fcn Ad\u0131: CoralAmino<\/p>\n<p>S\u0131n\u0131f\u0131: Amino Asit<\/p>\n<p>Mevcut Ebatlar: 60 ml<\/p>\n<p>&nbsp;<\/p>\n<p>\u00b7 \u00dcr\u00fcn Bilgisi:<\/p>\n<p>&nbsp;<\/p>\n<p>\u00b7 Ta\u015fl\u0131 mercanlar\u0131n dokular\u0131nda bulunan<br \/>\nserbest bi\u00e7imli amino asitler kompleksi.<\/p>\n<p>\u00b7 T\u00fcm mercanlara (ta\u015fl\u0131 ve yumu\u015fak)<br \/>\noldu\u011fu kadar koloni poliplere de faydal\u0131d\u0131r.<\/p>\n<p>\u00b7 B\u00fcy\u00fcme oran\u0131n\u0131 ve renklenmeyi<br \/>\nart\u0131rmak i\u00e7in profesyonel mercan bak\u0131c\u0131lar\u0131 taraf\u0131ndan yayg\u0131n olarak kullan\u0131l\u0131r.<\/p>\n<p>\u00b7 Mercan doku profillerini ara\u015ft\u0131ran<br \/>\no\u015finograflar taraf\u0131ndan derlenen verilere dayanarak form\u00fcle edilmi\u015ftir.<\/p>\n<p>\u00b7 So\u011futma de\u011fil, serin yerde saklama<br \/>\ngerektirir<\/p>\n<p>Serbest bi\u00e7imli amino asitler:<\/p>\n<p>1. Yeni doku olu\u015fumunu te\u015fvik etmek i\u00e7in ve mercan dokusunun yap\u0131 ta\u015flar\u0131n\u0131<br \/>\nideal oranlarda sa\u011flar.<\/p>\n<p>2. Fraglama ve b\u00fcy\u00fcme s\u0131ras\u0131nda olu\u015fan hasar\u0131 onarmak i\u00e7in yeni doku<br \/>\nolu\u015fumunu destekler.<\/p>\n<p>3. Daha h\u0131zl\u0131 ve b\u00f6l\u00fcnme yoluyla b\u00fcy\u00fcmeyi te\u015fvik eder.<\/p>\n<p>4. renklendirmeyi te\u015fvik eder.<\/p>\n<p>&nbsp;<\/p>\n<p>Brightwell Aquatics<br \/>\nCoralAmino bir\u00e7ok sert mercan t\u00fcr\u00fcnde bulunan amino asit<br \/>\noranlar\u0131na \u00e7ok yak\u0131n olan bir komplekstir; form\u00fclasyonu, o\u015finografik<br \/>\nara\u015ft\u0131rmac\u0131lar taraf\u0131ndan tropikal mercan resifleri \u00fczerinde y\u00fcr\u00fct\u00fclen kapsaml\u0131<br \/>\nara\u015ft\u0131rmalara dayanmaktad\u0131r. Mercan dokusunda bulunan amino asitlerin oranlar\u0131<br \/>\nt\u00fcrler aras\u0131nda farkl\u0131l\u0131k g\u00f6sterse de, genel olarak hepsi kullan\u0131r. Sadece sert<br \/>\nmercanlara de\u011fil, ayn\u0131 zamanda yumu\u015fak mercanlara,<br \/>\nsoliter ve koloni poliplere (\u00f6rn. Xenia, Anthelia) fayda sa\u011flayacak etkili bir<br \/>\nortalaman\u0131n olu\u015fturulmas\u0131n\u0131 sa\u011flar. , Zoanthus, Discoma, Actinodiscus, vb.).<br \/>\nAmino asitler, bir g\u0131da veya karma\u015f\u0131k besinlerin i\u00e7indeki varl\u0131klar\u0131yla en<br \/>\ntemel (&#8220;serbest form\u201d) olarak bulunurlar.<br \/>\nCoralAmin in ana faydas\u0131, mercanlar\u0131n<br \/>\nb\u00fcy\u00fcme ve doku onar\u0131m\u0131 amac\u0131yla amino asitleri dokular\u0131na asimile<br \/>\nedebilmelerinin kolayl\u0131\u011f\u0131d\u0131r. Baz\u0131 amino asitlerin ikinci faydalar\u0131,<br \/>\nmercanlar\u0131n renklenmesini artt\u0131rmadaki rolleridir.<\/p>\n<p>Talimatlar ve Dozaj<\/p>\n<p>\u00dcr\u00fcn\u00fc kullanmadan \u00f6nce iyice \u00e7alkalay\u0131n. CoralAmin\u014d&#8217;yi<br \/>\nakvaryuma eklemeden \u00f6nce protein skimmer&#8217;\u0131 ve di\u011fer mekanik filtreleme<br \/>\nbi\u00e7imlerini kapat\u0131n ve 10 &#8211; 15 dakika bekleyin . \u00dcr\u00fcn\u00fcn cam damlal\u0131\u011f\u0131n\u0131<br \/>\ndo\u011frudan akvaryum suyuna de\u011fdirmeyin veya akvaryum suyunun \u00fcr\u00fcne girmesine izin<br \/>\nvermeyin. Bunu yapmak \u00fcr\u00fcn\u00fcn safl\u0131\u011f\u0131n\u0131 bozulmas\u0131na ayr\u0131\u015fmas\u0131na neden olacakt\u0131r.<br \/>\nDamlal\u0131\u011fa akvaryum suyu bula\u015fm\u0131\u015fsa, cam<br \/>\nt\u00fcp\u00fc s\u0131cak su ve sabunla temizleyin. Alternatif olarak, dezenfekte etmek i\u00e7in<br \/>\ndamlal\u0131k t\u00fcp\u00fcn\u00fc hidrojen peroksite bat\u0131rabilirsiniz.<\/p>\n<p>CoralAmin\u014d \u00f6nerilen maksimum dozu , 190 Litre i\u00e7in 1 ml dir.<br \/>\nAkvaryumunuzdaki canl\u0131 adeti, \u00e7e\u015fidi ve b\u00fcy\u00fcme h\u0131zlar\u0131 bu miktar\u0131<br \/>\nde\u011fi\u015ftirecektir. Tavsiyemiz %50 doz ile ba\u015flaman\u0131z ve g\u00f6zlemleyerek<br \/>\nakvaryumunuzun ihtiya\u00e7lar\u0131na g\u00f6re kullan\u0131m periyodu (g\u00fcnl\u00fck veya haftada birka\u00e7<br \/>\nkez) olu\u015fturman\u0131z d\u0131r. \u00c7o\u011fu profesyonel kullan\u0131c\u0131lar haftada birka\u00e7 kez<br \/>\nuygulama yaparak iyi sonu\u00e7lar almaktad\u0131r. Mercanlar\u0131n\u0131z\u0131n t\u00fcketebilece\u011finden<br \/>\nfazla beslemek (g\u0131da ,amino asit,vitamin) akvaryumunuzun su kalitesini bozaca\u011f\u0131<br \/>\ni\u00e7in dikkatli olman\u0131z\u0131 ve takip etmeniz \u00fcr\u00fcnden istedi\u011finiz performans\u0131<br \/>\nalman\u0131z\u0131 sa\u011flayacakt\u0131r. Geni\u015f bir besin yelpazesi ve \u00e7e\u015fitlilik ile<br \/>\nmercanlar\u0131n\u0131z\u0131n beslenmesini, hayvanlar\u0131n do\u011fal ortamlar\u0131n\u0131 daha iyi sim\u00fcle edecektir.<\/p>\n<p>&nbsp;<\/p>\n<p>\u0130\u00e7erik:<\/p>\n<p>Ar\u0131t\u0131lm\u0131\u015f su, serbest bi\u00e7imli amino asitlerin tescilli<br \/>\nkompleksi.<\/p>\n<p>Boyutlar : 30 ml<\/p>\n<p>Akvaryum katk\u0131lar\u0131 ve ekipmanlar\u0131 i\u00e7in, Akvaryum Merkezi olarak bizlere<br \/>\nba\u015fvurabilir, size en uygun ve kaliteli \u00fcr\u00fcnler i\u00e7in bilgi sahibi<br \/>\nolabilirsiniz.<\/p>\n<p>&nbsp;<\/p>\n<p>&nbsp;<\/p>\n<\/div>","protected":false},"excerpt":{"rendered":"<p>Brightwell &#8211; CoralAmin\u014d &#8211; Free Form Amino Acid Supplement for Corals &#8211; Amino Asit &#8211; 60 ml &nbsp; \u00dcr\u00fcn Ad\u0131:<\/p>","protected":false},"featured_media":13009,"comment_status":"closed","ping_status":"open","template":"","meta":[],"pwb-brand":[],"product_brand":[79],"product_cat":[157],"product_tag":[],"class_list":{"0":"post-12494","1":"product","2":"type-product","3":"status-publish","4":"has-post-thumbnail","6":"product_brand-brightwell","7":"product_cat-katkilar","9":"first","10":"instock","11":"purchasable","12":"product-type-simple"},"brands":[],"_links":{"self":[{"href":"https:\/\/aquabluebursa.com\/en\/wp-json\/wp\/v2\/product\/12494","targetHints":{"allow":["GET"]}}],"collection":[{"href":"https:\/\/aquabluebursa.com\/en\/wp-json\/wp\/v2\/product"}],"about":[{"href":"https:\/\/aquabluebursa.com\/en\/wp-json\/wp\/v2\/types\/product"}],"replies":[{"embeddable":true,"href":"https:\/\/aquabluebursa.com\/en\/wp-json\/wp\/v2\/comments?post=12494"}],"wp:featuredmedia":[{"embeddable":true,"href":"https:\/\/aquabluebursa.com\/en\/wp-json\/wp\/v2\/media\/13009"}],"wp:attachment":[{"href":"https:\/\/aquabluebursa.com\/en\/wp-json\/wp\/v2\/media?parent=12494"}],"wp:term":[{"taxonomy":"pwb-brand","embeddable":true,"href":"https:\/\/aquabluebursa.com\/en\/wp-json\/wp\/v2\/pwb-brand?post=12494"},{"taxonomy":"product_brand","embeddable":true,"href":"https:\/\/aquabluebursa.com\/en\/wp-json\/wp\/v2\/product_brand?post=12494"},{"taxonomy":"product_cat","embeddable":true,"href":"https:\/\/aquabluebursa.com\/en\/wp-json\/wp\/v2\/product_cat?post=12494"},{"taxonomy":"product_tag","embeddable":true,"href":"https:\/\/aquabluebursa.com\/en\/wp-json\/wp\/v2\/product_tag?post=12494"}],"curies":[{"name":"wp","href":"https:\/\/api.w.org\/{rel}","templated":true}]}}