{"id":12500,"date":"2026-03-13T20:16:25","date_gmt":"2026-03-13T20:16:25","guid":{"rendered":"https:\/\/aquabluebursa.com\/magaza\/kategorilenmemis\/brightwell-razor-freshwater-125-ml\/"},"modified":"2026-03-13T20:16:25","modified_gmt":"2026-03-13T20:16:25","slug":"brightwell-razor-freshwater-125-ml","status":"publish","type":"product","link":"https:\/\/aquabluebursa.com\/en\/magaza\/tatli-su-ve-bitki\/brightwell-razor-freshwater-125-ml\/","title":{"rendered":"Brightwell &#8211; Razor Freshwater &#8211; 125 ml"},"content":{"rendered":"<div>\n<p>Brightwell &#8211; Razor Freshwater &#8211; 125 ml<\/p>\n<p>&nbsp;<\/p>\n<p>\u00dcr\u00fcn Ad\u0131: Razor Freshwater<\/p>\n<p>Mevcut Ebatlar: 125-250 ml<\/p>\n<p>&nbsp;<\/p>\n<p>\u2022Akvaryum kayalar\u0131n\u0131 ve dekorasyon y\u00fczeylerini sistematik olarak temizlemek i\u00e7in \u00f6zel olarak form\u00fcle edilmi\u015f,\u00a0 g\u00fcvenli, kompleks\u00a0 temizleme polimeri \u00fcr\u00fcn\u00fcd\u00fcr.<\/p>\n<p>\u2022Yararlar\u0131 \u015funlard\u0131r:<\/p>\n<p>1. Kaz\u0131ma ve vakumlama yoluyla bunlar\u0131n \u00e7\u0131kar\u0131lmas\u0131n\u0131 \u00e7ok daha kolay hale getiren istenmeyen maddelerin, d\u00f6k\u00fcnt\u00fclerin ve kaplamalar\u0131n \u00e7irkin birikimlerinin\u00a0 gev\u015fetilmesi.<\/p>\n<p>2. besin art\u0131klar\u0131, kal\u0131nt\u0131lar ve\u00a0 partik\u00fcl madde topakla\u015fmas\u0131<\/p>\n<p>3. Partik\u00fcllerin kayalara yerle\u015fmesini ve birikmesini \u00f6nler<\/p>\n<p>4. Akvaryumu daha temiz, daha berrak ve daha \u00e7ekici hale getiren genel temizlik i\u00e7indir<\/p>\n<p>&nbsp;<\/p>\n<p>Aktif karbon \u00fcr\u00fcn\u00fcn etkinli\u011fini azaltabilece\u011finden, bu \u00fcr\u00fcn\u00fc kullan\u0131rken aktif karbon kullan\u0131m\u0131n\u0131n ask\u0131ya al\u0131nmas\u0131 \u00f6nerilir. Akvaryum istenilen g\u00f6r\u00fcn\u00fcme kavu\u015ftuktan sonra istenirse aktif karbon filtrasyon sistemine geri konabilir. Filtrelerin partik\u00fcl madde toplama h\u0131z\u0131 nedeniyle, bu \u00fcr\u00fcn dozlan\u0131rken mekanik filtre malzemelerinin\u00a0 g\u00fcn a\u015f\u0131r\u0131 temizlenmesi gerekebilir.<\/p>\n<p>&nbsp;<\/p>\n<p>Talimatlar ve Dozaj<\/p>\n<p>\u00dcr\u00fcn\u00fc kullanmadan \u00f6nce iyice \u00e7alkalay\u0131n. 190 Litre akvaryum hacmi i\u00e7in 5 ml. Bu \u00fcr\u00fcn\u00fc ana akvaryumun y\u00fcksek su ak\u0131\u015fl\u0131 bir alan\u0131na ekleyin . \u0130stenilen sonu\u00e7lar elde edilene kadar her 3 g\u00fcnde bir tekrarlay\u0131n. Bak\u0131m: Ard\u0131ndan akvaryumu korumak i\u00e7in haftada bir doz verin.<\/p>\n<p>&nbsp;<\/p>\n<\/div>","protected":false},"excerpt":{"rendered":"<p>Brightwell &#8211; Razor Freshwater &#8211; 125 ml &nbsp; \u00dcr\u00fcn Ad\u0131: Razor Freshwater Mevcut Ebatlar: 125-250 ml &nbsp; \u2022Akvaryum kayalar\u0131n\u0131 ve<\/p>","protected":false},"featured_media":13015,"comment_status":"closed","ping_status":"open","template":"","meta":[],"pwb-brand":[],"product_brand":[79],"product_cat":[159],"product_tag":[],"class_list":{"0":"post-12500","1":"product","2":"type-product","3":"status-publish","4":"has-post-thumbnail","6":"product_brand-brightwell","7":"product_cat-tatli-su-ve-bitki","9":"first","10":"outofstock","11":"purchasable","12":"product-type-simple"},"brands":[],"_links":{"self":[{"href":"https:\/\/aquabluebursa.com\/en\/wp-json\/wp\/v2\/product\/12500","targetHints":{"allow":["GET"]}}],"collection":[{"href":"https:\/\/aquabluebursa.com\/en\/wp-json\/wp\/v2\/product"}],"about":[{"href":"https:\/\/aquabluebursa.com\/en\/wp-json\/wp\/v2\/types\/product"}],"replies":[{"embeddable":true,"href":"https:\/\/aquabluebursa.com\/en\/wp-json\/wp\/v2\/comments?post=12500"}],"wp:featuredmedia":[{"embeddable":true,"href":"https:\/\/aquabluebursa.com\/en\/wp-json\/wp\/v2\/media\/13015"}],"wp:attachment":[{"href":"https:\/\/aquabluebursa.com\/en\/wp-json\/wp\/v2\/media?parent=12500"}],"wp:term":[{"taxonomy":"pwb-brand","embeddable":true,"href":"https:\/\/aquabluebursa.com\/en\/wp-json\/wp\/v2\/pwb-brand?post=12500"},{"taxonomy":"product_brand","embeddable":true,"href":"https:\/\/aquabluebursa.com\/en\/wp-json\/wp\/v2\/product_brand?post=12500"},{"taxonomy":"product_cat","embeddable":true,"href":"https:\/\/aquabluebursa.com\/en\/wp-json\/wp\/v2\/product_cat?post=12500"},{"taxonomy":"product_tag","embeddable":true,"href":"https:\/\/aquabluebursa.com\/en\/wp-json\/wp\/v2\/product_tag?post=12500"}],"curies":[{"name":"wp","href":"https:\/\/api.w.org\/{rel}","templated":true}]}}