{"id":12501,"date":"2026-03-13T20:16:25","date_gmt":"2026-03-13T20:16:25","guid":{"rendered":"https:\/\/aquabluebursa.com\/magaza\/kategorilenmemis\/brightwell-florin-k-potassium-125-ml\/"},"modified":"2026-03-13T20:16:25","modified_gmt":"2026-03-13T20:16:25","slug":"brightwell-florin-k-potassium-125-ml","status":"publish","type":"product","link":"https:\/\/aquabluebursa.com\/en\/magaza\/tatli-su-ve-bitki\/brightwell-florin-k-potassium-125-ml\/","title":{"rendered":"Brightwell &#8211; Florin-K Potassium &#8211; 125 ml"},"content":{"rendered":"<div>\n<p>Brightwell &#8211; Florin-K Potassium &#8211; 125 ml<\/p>\n<p>&nbsp;<\/p>\n<p>\u00dcr\u00fcn Ad\u0131: Florin-K<\/p>\n<p>Mevcut Ebatlar: 125 ml<\/p>\n<p>&nbsp;<\/p>\n<p>\u2022Biyokimyasal reaksiyonda enzim aktivasyonu i\u00e7in su bitkiler taraf\u0131ndan gerekli olan\u00a0 y\u00fcksek safl\u0131kta potasyum kayna\u011f\u0131.<\/p>\n<p>\u2022T\u00fcm omurgas\u0131zlar i\u00e7in\u00a0 g\u00fcvenlidir.<\/p>\n<p>\u2022\u00c7o\u011fu rakip \u00fcr\u00fcnden daha g\u00fc\u00e7l\u00fc.<\/p>\n<p>\u2022 Bitki besin gereksinimleri \u00fczerine kapsaml\u0131 ara\u015ft\u0131rmalardan yararlan\u0131larak form\u00fcle edilmi\u015ftir.<\/p>\n<p>&nbsp;<\/p>\n<p>Potasyum, bitki b\u00fcy\u00fcmesi ve sa\u011fl\u0131\u011f\u0131 i\u00e7in en \u00f6nemli unsurlardan biridir; fotosentezde, iyon\u00a0 dengesinin korunmas\u0131nda, \u00f6nemli organik ve inorganik bile\u015fiklerin (s\u0131ras\u0131yla karbon ve besinler gibi) yer de\u011fi\u015ftirmesinde kullan\u0131l\u0131r ve bitki dokular\u0131nda meydana gelen bir\u00e7ok biyokimyasal reaksiyon i\u00e7in \u00e7ok \u00f6nemlidir. Belirli bir bitki t\u00fcr\u00fcn\u00fcn potasyum i\u00e7in g\u00f6sterdi\u011fi tepki, k\u0131smen o t\u00fcr\u00fcn \u00e7i\u00e7ek a\u00e7ma ve karma\u015f\u0131k k\u00f6k sistemleri olu\u015fturma e\u011filimine ba\u011fl\u0131 olabilir\u00a0 . I\u015f\u0131k \u015fiddeti ve s\u00fcresi gibi \u00e7evresel fakt\u00f6rler de t\u00fcketimde etkilidir.<\/p>\n<p>Brightwell Aquatics Florin-K y\u00fcksek safl\u0131kta bir potasyum takviyesidir ve klor\u00fcr i\u00e7ermez .Sucul bitkilerin potasyum ihtiyac\u0131 di\u011fer besin maddelerine g\u00f6re daha y\u00fcksek oldu\u011fundan, Florin-K \u00e7ok g\u00fc\u00e7l\u00fcd\u00fcr , bu da onu etkili ve ekonomik bir potasyum kayna\u011f\u0131 yapar.<\/p>\n<p>Talimatlar ve Dozaj<\/p>\n<p>\u00dcr\u00fcn\u00fc kullanmadan \u00f6nce iyice \u00e7alkalay\u0131n. Herhangi bir iyon takviyesinde Potasyum konsantrasyonunu 15 &#8211; 30 ppm aral\u0131\u011f\u0131nda tutun; 20 &#8211; 25 ppm daha dar bir aral\u0131kt\u0131r ve \u00e7o\u011fu bitkili akvaryumda en etkili y\u00f6ntemdir.<\/p>\n<p>75 L akvaryum suyuna iki g\u00fcnde bir veya gerekti\u011fi gibi 5 ml (1 kapak dolusu) \u00fcr\u00fcn ekleyin; Bu \u015fekilde kullan\u0131ld\u0131\u011f\u0131nda 250 ml, 9000 Litre i\u00e7indir<\/p>\n<p>Boyutlar : 125 ml<\/p>\n<\/div>\n<div><\/div>","protected":false},"excerpt":{"rendered":"<p>Brightwell &#8211; Florin-K Potassium &#8211; 125 ml &nbsp; \u00dcr\u00fcn Ad\u0131: Florin-K Mevcut Ebatlar: 125 ml &nbsp; \u2022Biyokimyasal reaksiyonda enzim aktivasyonu<\/p>","protected":false},"featured_media":13016,"comment_status":"closed","ping_status":"open","template":"","meta":[],"pwb-brand":[],"product_brand":[79],"product_cat":[159],"product_tag":[],"class_list":{"0":"post-12501","1":"product","2":"type-product","3":"status-publish","4":"has-post-thumbnail","6":"product_brand-brightwell","7":"product_cat-tatli-su-ve-bitki","9":"first","10":"outofstock","11":"purchasable","12":"product-type-simple"},"brands":[],"_links":{"self":[{"href":"https:\/\/aquabluebursa.com\/en\/wp-json\/wp\/v2\/product\/12501","targetHints":{"allow":["GET"]}}],"collection":[{"href":"https:\/\/aquabluebursa.com\/en\/wp-json\/wp\/v2\/product"}],"about":[{"href":"https:\/\/aquabluebursa.com\/en\/wp-json\/wp\/v2\/types\/product"}],"replies":[{"embeddable":true,"href":"https:\/\/aquabluebursa.com\/en\/wp-json\/wp\/v2\/comments?post=12501"}],"wp:featuredmedia":[{"embeddable":true,"href":"https:\/\/aquabluebursa.com\/en\/wp-json\/wp\/v2\/media\/13016"}],"wp:attachment":[{"href":"https:\/\/aquabluebursa.com\/en\/wp-json\/wp\/v2\/media?parent=12501"}],"wp:term":[{"taxonomy":"pwb-brand","embeddable":true,"href":"https:\/\/aquabluebursa.com\/en\/wp-json\/wp\/v2\/pwb-brand?post=12501"},{"taxonomy":"product_brand","embeddable":true,"href":"https:\/\/aquabluebursa.com\/en\/wp-json\/wp\/v2\/product_brand?post=12501"},{"taxonomy":"product_cat","embeddable":true,"href":"https:\/\/aquabluebursa.com\/en\/wp-json\/wp\/v2\/product_cat?post=12501"},{"taxonomy":"product_tag","embeddable":true,"href":"https:\/\/aquabluebursa.com\/en\/wp-json\/wp\/v2\/product_tag?post=12501"}],"curies":[{"name":"wp","href":"https:\/\/api.w.org\/{rel}","templated":true}]}}