{"id":12514,"date":"2026-03-13T20:16:40","date_gmt":"2026-03-13T20:16:40","guid":{"rendered":"https:\/\/aquabluebursa.com\/magaza\/kategorilenmemis\/brightwell-xport-bio-dimpled-brick-nominal-9-x-4-50-x-2-50\/"},"modified":"2026-03-13T20:16:40","modified_gmt":"2026-03-13T20:16:40","slug":"brightwell-xport-bio-dimpled-brick-nominal-9-x-4-50-x-2-50","status":"publish","type":"product","link":"https:\/\/aquabluebursa.com\/en\/magaza\/filtrasyon-malzemeleri\/brightwell-xport-bio-dimpled-brick-nominal-9-x-4-50-x-2-50\/","title":{"rendered":"Brightwell &#8211; Xport BIO Dimpled Brick  &#8211; Nominal 9&#8221; x 4.50&#8221; x 2.50&#8221;"},"content":{"rendered":"<div>\n<p>Xport BIO Dimpled Brick\u00a0 &#8211; Nominal 9&#8243; x 4.50&#8243; x 2.50&#8243;<\/p>\n<p>&nbsp;<\/p>\n<p>\u00dcr\u00fcn Ad\u0131: Xport BIO Dimpled Brick<\/p>\n<p>Mevcut Ebatlar:<\/p>\n<p>&nbsp;<\/p>\n<p>\u2022pH de\u011feri 7.5 veya \u00fczeri olan deniz ve sert tatl\u0131 su akvaryumlar\u0131nda kullan\u0131lmak \u00fczere tasarlanm\u0131\u015ft\u0131r.<\/p>\n<p>\u2022Her yerde mevcut olan t\u00fcm filtrasyon ortamlar\u0131 aras\u0131nda birim a\u011f\u0131rl\u0131k veya hacim ba\u015f\u0131na en y\u00fcksek g\u00f6zeneklilik ve en geni\u015f kullan\u0131labilir y\u00fczey alan\u0131<\/p>\n<p>\u2022Etkili bakteri kolonizasyonu i\u00e7in b\u00fcy\u00fck miktarlarda aerobik ve anaerobik y\u00fczey alan\u0131 sa\u011flar.<\/p>\n<p>\u2022Laboratuvarda Test Edildi: Ortam\u0131n litresi ba\u015f\u0131na 6,596 metrekare \u00fczerinde y\u00fczey alan\u0131 sa\u011flar. Bir tu\u011fla, bakteri kolonizasyonu i\u00e7in yakla\u015f\u0131k 100.000 fit kare kullan\u0131labilir y\u00fczey alan\u0131na sahiptir.<\/p>\n<p>\u2022Uygun \u015fekilde kolonize edildi\u011finde ve belirtildi\u011fi \u015fekilde kullan\u0131ld\u0131\u011f\u0131nda, havuzlarda ve deniz veya taze t\u00fcm akvaryumlarda toksik amonyak ve nitritleri s\u0131f\u0131ra yak\u0131n bir de\u011fere indirecektir.<\/p>\n<p>\u2022Ayr\u0131ca fosfat\u0131 ve \u00e7\u00f6z\u00fcnm\u00fc\u015f organik maddeleri \u00f6nemli \u00f6l\u00e7\u00fcde azalt\u0131r.<\/p>\n<p>\u2022Akvaryum veya havuz i\u00e7in tek filtreleme ortam\u0131 olarak m\u00fckemmel \u00e7al\u0131\u015f\u0131r veya di\u011fer filtreleme ortamlar\u0131na ek olarak kullan\u0131labilir.<\/p>\n<p>\u2022pH&#8217;\u0131 bakteri d\u00fczeyinde tamponlamak i\u00e7in Aragonit ile katk\u0131lanm\u0131\u015ft\u0131r,\u00a0 bakterileri \u00f6ld\u00fcrecek ve kapasiteyi azaltacak asit olu\u015fumunu \u00f6nler.<\/p>\n<p>&nbsp;<\/p>\n<p>Talimatlar ve Dozaj<\/p>\n<p>3,800 Litre akvaryum\u00a0 kapasitesi i\u00e7in bir XPort Bio Brick kullan\u0131n, a\u011f\u0131r biyolojik y\u00fckler i\u00e7in daha fazlas\u0131 gerekebilir. Normalde 400 Litre tank kapasitesi i\u00e7in birden fazla tu\u011fla kullanmay\u0131n. Daha k\u00fc\u00e7\u00fck sistemler i\u00e7in tu\u011flalar yar\u0131 yar\u0131ya kesilebilir.<\/p>\n<p>&nbsp;<\/p>\n<p>\u00dcr\u00fcn\u00fc Ro suyu veya akvaryum suyunda iyice durulay\u0131n. \u00dcr\u00fcn\u00fc plastik bir kovaya yerle\u015ftirerek bakteri \u00fcr\u00fcnlerinden akvaryum boyutunuz i\u00e7in \u00f6nerilen dozu ekleyin.\u00a0 \u00dcr\u00fcn\u00fc bu suda 24 saat bekleterek \u00f6nceden tohumlay\u0131n. , ara s\u0131ra hafif\u00e7e kar\u0131\u015ft\u0131rarak veya s\u0131v\u0131y\u0131 bo\u015faltarak\u00a0 yava\u015f\u00e7a kab\u0131n i\u00e7ine geri koyarak \u00e7alkalay\u0131n. Tohumlanm\u0131\u015f Xport BIO Dimpled Brick filtrenize yerle\u015ftirin. Kirlenmeyi \u00f6nlemek i\u00e7in bir \u00f6n filtrasyon , s\u00fcnger veya elyaf gibi bir mekanik \u00f6n filtrasyon kullan\u0131lmas\u0131 tavsiye edilir. Maksimum sonu\u00e7lar i\u00e7in, ayr\u0131ca geli\u015fen bakteriler i\u00e7in iyi bir karbon kayna\u011f\u0131 sa\u011flar.<\/p>\n<\/div>\n<div><\/div>","protected":false},"excerpt":{"rendered":"<p>Xport BIO Dimpled Brick\u00a0 &#8211; Nominal 9&#8243; x 4.50&#8243; x 2.50&#8243; &nbsp; \u00dcr\u00fcn Ad\u0131: Xport BIO Dimpled Brick Mevcut Ebatlar:<\/p>","protected":false},"featured_media":13029,"comment_status":"closed","ping_status":"open","template":"","meta":[],"pwb-brand":[],"product_brand":[79],"product_cat":[161],"product_tag":[],"class_list":{"0":"post-12514","1":"product","2":"type-product","3":"status-publish","4":"has-post-thumbnail","6":"product_brand-brightwell","7":"product_cat-filtrasyon-malzemeleri","9":"first","10":"instock","11":"purchasable","12":"product-type-simple"},"brands":[],"_links":{"self":[{"href":"https:\/\/aquabluebursa.com\/en\/wp-json\/wp\/v2\/product\/12514","targetHints":{"allow":["GET"]}}],"collection":[{"href":"https:\/\/aquabluebursa.com\/en\/wp-json\/wp\/v2\/product"}],"about":[{"href":"https:\/\/aquabluebursa.com\/en\/wp-json\/wp\/v2\/types\/product"}],"replies":[{"embeddable":true,"href":"https:\/\/aquabluebursa.com\/en\/wp-json\/wp\/v2\/comments?post=12514"}],"wp:featuredmedia":[{"embeddable":true,"href":"https:\/\/aquabluebursa.com\/en\/wp-json\/wp\/v2\/media\/13029"}],"wp:attachment":[{"href":"https:\/\/aquabluebursa.com\/en\/wp-json\/wp\/v2\/media?parent=12514"}],"wp:term":[{"taxonomy":"pwb-brand","embeddable":true,"href":"https:\/\/aquabluebursa.com\/en\/wp-json\/wp\/v2\/pwb-brand?post=12514"},{"taxonomy":"product_brand","embeddable":true,"href":"https:\/\/aquabluebursa.com\/en\/wp-json\/wp\/v2\/product_brand?post=12514"},{"taxonomy":"product_cat","embeddable":true,"href":"https:\/\/aquabluebursa.com\/en\/wp-json\/wp\/v2\/product_cat?post=12514"},{"taxonomy":"product_tag","embeddable":true,"href":"https:\/\/aquabluebursa.com\/en\/wp-json\/wp\/v2\/product_tag?post=12514"}],"curies":[{"name":"wp","href":"https:\/\/api.w.org\/{rel}","templated":true}]}}