{"id":12519,"date":"2026-03-13T20:16:54","date_gmt":"2026-03-13T20:16:54","guid":{"rendered":"https:\/\/aquabluebursa.com\/magaza\/kategorilenmemis\/brightwell-xport-po4-3-4-cubes-500-ml\/"},"modified":"2026-03-13T20:16:54","modified_gmt":"2026-03-13T20:16:54","slug":"brightwell-xport-po4-3-4-cubes-500-ml","status":"publish","type":"product","link":"https:\/\/aquabluebursa.com\/en\/magaza\/filtrasyon-malzemeleri\/brightwell-xport-po4-3-4-cubes-500-ml\/","title":{"rendered":"Brightwell &#8211; Xport-PO4 &#8211;  3\/4&#8221; Cubes &#8211; 500 ml"},"content":{"rendered":"<div>\n<p>Xport-PO4 &#8211;\u00a0 3\/4&#8243; Cubes &#8211; 500 ml<\/p>\n<p>&nbsp;<\/p>\n<p>\u00dcr\u00fcn Ad\u0131: Xport No3 Cube<\/p>\n<p>S\u0131n\u0131f\u0131: Ultra G\u00f6zenekli Biyolojik Medya<\/p>\n<p>Mevcut Ebatlar: 500 -1000ML<\/p>\n<p>&nbsp;<\/p>\n<p>\u2022\u00dcr\u00fcn Bilgisi:<\/p>\n<p>\u2022pH de\u011feri 7.5 veya \u00fczeri olan deniz ve\u00a0 tatl\u0131 su akvaryumlar\u0131nda kullan\u0131lmak \u00fczere tasarlanm\u0131\u015ft\u0131r.<\/p>\n<p>\u2022Geleneksel fosfat tutucu y\u00f6ntemlerinden %100&#8217;\u00fcn \u00fczerinde daha iyi performans g\u00f6sterme kapasitesine sahip, geli\u015fmi\u015f, &#8220;ultra aktif&#8221; bir malzeme ile NanoIntelex Teknolojisi kullan\u0131lm\u0131\u015ft\u0131r.<\/p>\n<p>\u2022Sistemdeki ilk konsantrasyona ba\u011fl\u0131 olarak 1 g ortam ba\u015f\u0131na ~30 &#8211; 100 mg fosfat\u0131 absorbe eder.<\/p>\n<p>\u2022Geleneksel ortamlara g\u00f6re daha y\u00fcksek absorbe kapasitesi ve fosfat al\u0131m\u0131n\u0131 sa\u011flamak i\u00e7in daha k\u00fc\u00e7\u00fck alanlar sa\u011flayarak sump\u0131n\u0131zda daha fazla alan size b\u0131rak\u0131r.<\/p>\n<p>\u2022Sisteme ilk yerle\u015ftirmeden sonra 1 y\u0131l\u0131 a\u015fk\u0131n bir s\u00fcre boyunca fosfat\u0131 giderebilir.<\/p>\n<p>\u2022Xport Bio Cubes ve Xport NO3 Cubes ile birlikte kullan\u0131labilir.<\/p>\n<p>Talimatlar ve Dozaj<\/p>\n<p>K\u00fcpleri \u00e7ok iyi\u00a0 bir \u015fekilde ters osmoz su ile ince tanecikleri temizlemek i\u00e7in nazik\u00e7e durulay\u0131n. K\u00fcpleri, \u00fczerini \u00f6rtecek kadar akvaryum suyu ile plastik bir kabda 1 gece boyunca bekletin. Yava\u015f veya\u00a0 orta ak\u0131\u015fl\u0131 bir harici filtre sistemine yerle\u015ftirin. Ak\u0131\u015f\u0131 kontrol edebildi\u011finiz bir filtre mevcutsa, bu bir art\u0131 olacakt\u0131r. Kirlenmeyi \u00f6nlemek i\u00e7in k\u00fcplerin \u00f6n\u00fcne ve arkas\u0131na da her zaman mekanik filtrasyon i\u00e7in,ince s\u00fcnger yerle\u015ftirin. XPort PO4 K\u00fcpleri g\u00fc\u00e7l\u00fcd\u00fcr ve fosfat\u0131 \u00e7ok h\u0131zl\u0131 \u00e7\u0131karabilir, bu nedenle mercanlar reaksiyon ile kapanabilir. Bu olursa, k\u00fcplerin yar\u0131s\u0131n\u0131 \u00e7\u0131kar\u0131n ve k\u00fcp say\u0131s\u0131n\u0131 azalt\u0131n.<\/p>\n<p>Ba\u015flang\u0131\u00e7ta her 76 Litre sistem kapasitesi i\u00e7in yakla\u015f\u0131k 1 XPort PO4 K\u00fcp kullan\u0131n. Fosfat seviyesini \u00f6l\u00e7\u00fcn. Y\u00fcksekse, hedeflerinize ula\u015fana kadar g\u00fcnde 1 k\u00fcp daha ekleyin. K\u00fcpler zamanla eriyip de\u011fi\u015ftirmesi gerekecektir. Eski kullan\u0131lm\u0131\u015f k\u00fcpleri at\u0131n. Saatte toplam akvaryum hacminin 1 &#8211; 3 kat\u0131 ak\u0131\u015f h\u0131z\u0131 tavsiye ediyoruz. Y\u00fcksek ak\u0131\u015f malzemenin filtrasyon verimlili\u011finin d\u00fc\u015fmesini ve h\u0131zl\u0131 erimesine neden olur. Ayr\u0131ca h\u0131zl\u0131 erimesi k\u0131smen akvaryum suyunun bulan\u0131kla\u015fmas\u0131na da neden olabilir.<\/p>\n<p>Boyutlar : | 500-1000 ML\u00a0 |<\/p>\n<p>Akvaryum katk\u0131lar\u0131 ve ekipmanlar\u0131\u00a0 i\u00e7in, Akvaryum Merkezi olarak bizlere ba\u015fvurabilir, size en uygun ve kaliteli \u00fcr\u00fcnler i\u00e7in bilgi sahibi olabilirsiniz.<\/p>\n<\/div>\n<div><\/div>","protected":false},"excerpt":{"rendered":"<p>Xport-PO4 &#8211;\u00a0 3\/4&#8243; Cubes &#8211; 500 ml &nbsp; \u00dcr\u00fcn Ad\u0131: Xport No3 Cube S\u0131n\u0131f\u0131: Ultra G\u00f6zenekli Biyolojik Medya Mevcut Ebatlar:<\/p>","protected":false},"featured_media":13034,"comment_status":"closed","ping_status":"open","template":"","meta":[],"pwb-brand":[],"product_brand":[79],"product_cat":[161],"product_tag":[],"class_list":{"0":"post-12519","1":"product","2":"type-product","3":"status-publish","4":"has-post-thumbnail","6":"product_brand-brightwell","7":"product_cat-filtrasyon-malzemeleri","9":"first","10":"outofstock","11":"purchasable","12":"product-type-simple"},"brands":[],"_links":{"self":[{"href":"https:\/\/aquabluebursa.com\/en\/wp-json\/wp\/v2\/product\/12519","targetHints":{"allow":["GET"]}}],"collection":[{"href":"https:\/\/aquabluebursa.com\/en\/wp-json\/wp\/v2\/product"}],"about":[{"href":"https:\/\/aquabluebursa.com\/en\/wp-json\/wp\/v2\/types\/product"}],"replies":[{"embeddable":true,"href":"https:\/\/aquabluebursa.com\/en\/wp-json\/wp\/v2\/comments?post=12519"}],"wp:featuredmedia":[{"embeddable":true,"href":"https:\/\/aquabluebursa.com\/en\/wp-json\/wp\/v2\/media\/13034"}],"wp:attachment":[{"href":"https:\/\/aquabluebursa.com\/en\/wp-json\/wp\/v2\/media?parent=12519"}],"wp:term":[{"taxonomy":"pwb-brand","embeddable":true,"href":"https:\/\/aquabluebursa.com\/en\/wp-json\/wp\/v2\/pwb-brand?post=12519"},{"taxonomy":"product_brand","embeddable":true,"href":"https:\/\/aquabluebursa.com\/en\/wp-json\/wp\/v2\/product_brand?post=12519"},{"taxonomy":"product_cat","embeddable":true,"href":"https:\/\/aquabluebursa.com\/en\/wp-json\/wp\/v2\/product_cat?post=12519"},{"taxonomy":"product_tag","embeddable":true,"href":"https:\/\/aquabluebursa.com\/en\/wp-json\/wp\/v2\/product_tag?post=12519"}],"curies":[{"name":"wp","href":"https:\/\/api.w.org\/{rel}","templated":true}]}}