{"id":12523,"date":"2026-03-13T20:16:57","date_gmt":"2026-03-13T20:16:57","guid":{"rendered":"https:\/\/aquabluebursa.com\/magaza\/kategorilenmemis\/brightwell-xport-bio-3-4-cubes-500-ml\/"},"modified":"2026-03-13T20:16:58","modified_gmt":"2026-03-13T20:16:58","slug":"brightwell-xport-bio-3-4-cubes-500-ml","status":"publish","type":"product","link":"https:\/\/aquabluebursa.com\/en\/magaza\/filtrasyon-malzemeleri\/brightwell-xport-bio-3-4-cubes-500-ml\/","title":{"rendered":"Brightwell &#8211; Xport-BIO &#8211;  3\/4&#8221; Cubes &#8211; 500 ml"},"content":{"rendered":"<div>\n<p>Brightwell &#8211; Xport-BIO &#8211;\u00a0 3\/4&#8243; Cubes &#8211; 500 ml<\/p>\n<p>&nbsp;<\/p>\n<p>\u00dcr\u00fcn Ad\u0131: Xport-BIO &#8211;\u00a0 3\/4&#8243; Cubes<\/p>\n<p>Mevcut Ebatlar: 250-500 ml<\/p>\n<p>&nbsp;<\/p>\n<p>\u2022pH de\u011feri 7.5 veya \u00fczeri olan deniz ve sert tatl\u0131 su akvaryumlar\u0131nda kullan\u0131lmak \u00fczere tasarlanm\u0131\u015ft\u0131r.<\/p>\n<p>\u2022Yararl\u0131 nitrifikasyon bakterileri taraf\u0131ndan kolonizasyon i\u00e7in geni\u015f y\u00fczey alan\u0131na sahip geli\u015fmi\u015f bir malzeme olu\u015fturmak i\u00e7in NanoIntelex Teknolojisini kullan\u0131r, bu da amonya\u011f\u0131n nitrit ve nitrata h\u0131zl\u0131 ve verimli bir \u015fekilde d\u00f6n\u00fc\u015ft\u00fcr\u00fclmesini sa\u011flar.<\/p>\n<p>\u2022Litre ba\u015f\u0131na 71.000 fit kareden fazlas\u0131n\u0131 sa\u011flayarak, d\u00fcnyan\u0131n herhangi bir yerinde mevcut olan sentetik veya do\u011fal biyolojik filtrasyon ortam\u0131n\u0131n en y\u00fcksek kolonize edilebilir y\u00fczey alan\u0131\/hacim oran\u0131n\u0131 sa\u011flar.<\/p>\n<p>\u2022Geleneksel medyaya g\u00f6re daha y\u00fcksek verimlilik, e\u015fde\u011fer nitrifikasyon elde etmek i\u00e7in daha k\u00fc\u00e7\u00fck alan gereksinimleriyle sonu\u00e7lan\u0131r.<\/p>\n<p>\u2022En yo\u011fun stoklu su sistemlerinde bile amonyak ve nitrit konsantrasyonlar\u0131n\u0131 h\u0131zla azaltmak i\u00e7in kullan\u0131labilir.<\/p>\n<p>\u2022Xport NO3 K\u00fcpleri ve Xport PO4 K\u00fcpleri ile birlikte kullan\u0131labilir<\/p>\n<p>&nbsp;<\/p>\n<p>Talimatlar ve Dozaj<\/p>\n<p>Her\u00a0 38 Litre\u00a0 sistem kapasitesi i\u00e7in yakla\u015f\u0131k 2 ila 4 XPort Bio K\u00fcp kullan\u0131n,\u00a0 a\u011f\u0131r biyolojik y\u00fckler i\u00e7in daha fazla kullanabilirsiniz.<\/p>\n<p>\u00dcr\u00fcn\u00fc Ro suyu veya akvaryum suyunda iyice durulay\u0131n. \u00dcr\u00fcn\u00fc plastik bir kovaya yerle\u015ftirerek bakteri \u00fcr\u00fcnlerinden akvaryum boyutunuz i\u00e7in \u00f6nerilen dozu ekleyin.\u00a0 \u00dcr\u00fcn\u00fc bu suda 24 saat bekleterek \u00f6nceden tohumlay\u0131n. , ara s\u0131ra hafif\u00e7e kar\u0131\u015ft\u0131rarak veya s\u0131v\u0131y\u0131 bo\u015faltarak\u00a0 yava\u015f\u00e7a kab\u0131n i\u00e7ine geri koyarak \u00e7alkalay\u0131n. Tohumlanm\u0131\u015f Xport-BIO\u00a0 Cubes filtrenize yerle\u015ftirin. Kirlenmeyi \u00f6nlemek i\u00e7in bir \u00f6n filtrasyon , s\u00fcnger veya elyaf gibi bir mekanik \u00f6n filtrasyon kullan\u0131lmas\u0131 tavsiye edilir. Maksimum sonu\u00e7lar i\u00e7in, ayr\u0131ca geli\u015fen bakteriler i\u00e7in iyi bir karbon kayna\u011f\u0131 sa\u011flar.<\/p>\n<p>&nbsp;<\/p>\n<\/div>","protected":false},"excerpt":{"rendered":"<p>Brightwell &#8211; Xport-BIO &#8211;\u00a0 3\/4&#8243; Cubes &#8211; 500 ml &nbsp; \u00dcr\u00fcn Ad\u0131: Xport-BIO &#8211;\u00a0 3\/4&#8243; Cubes Mevcut Ebatlar: 250-500 ml<\/p>","protected":false},"featured_media":13038,"comment_status":"closed","ping_status":"open","template":"","meta":[],"pwb-brand":[],"product_brand":[79],"product_cat":[161],"product_tag":[],"class_list":{"0":"post-12523","1":"product","2":"type-product","3":"status-publish","4":"has-post-thumbnail","6":"product_brand-brightwell","7":"product_cat-filtrasyon-malzemeleri","9":"first","10":"outofstock","11":"purchasable","12":"product-type-simple"},"brands":[],"_links":{"self":[{"href":"https:\/\/aquabluebursa.com\/en\/wp-json\/wp\/v2\/product\/12523","targetHints":{"allow":["GET"]}}],"collection":[{"href":"https:\/\/aquabluebursa.com\/en\/wp-json\/wp\/v2\/product"}],"about":[{"href":"https:\/\/aquabluebursa.com\/en\/wp-json\/wp\/v2\/types\/product"}],"replies":[{"embeddable":true,"href":"https:\/\/aquabluebursa.com\/en\/wp-json\/wp\/v2\/comments?post=12523"}],"wp:featuredmedia":[{"embeddable":true,"href":"https:\/\/aquabluebursa.com\/en\/wp-json\/wp\/v2\/media\/13038"}],"wp:attachment":[{"href":"https:\/\/aquabluebursa.com\/en\/wp-json\/wp\/v2\/media?parent=12523"}],"wp:term":[{"taxonomy":"pwb-brand","embeddable":true,"href":"https:\/\/aquabluebursa.com\/en\/wp-json\/wp\/v2\/pwb-brand?post=12523"},{"taxonomy":"product_brand","embeddable":true,"href":"https:\/\/aquabluebursa.com\/en\/wp-json\/wp\/v2\/product_brand?post=12523"},{"taxonomy":"product_cat","embeddable":true,"href":"https:\/\/aquabluebursa.com\/en\/wp-json\/wp\/v2\/product_cat?post=12523"},{"taxonomy":"product_tag","embeddable":true,"href":"https:\/\/aquabluebursa.com\/en\/wp-json\/wp\/v2\/product_tag?post=12523"}],"curies":[{"name":"wp","href":"https:\/\/api.w.org\/{rel}","templated":true}]}}