{"id":12526,"date":"2026-03-13T20:17:13","date_gmt":"2026-03-13T20:17:13","guid":{"rendered":"https:\/\/aquabluebursa.com\/magaza\/kategorilenmemis\/brightwell-ferroxiphos-g-300-gr\/"},"modified":"2026-03-13T20:17:13","modified_gmt":"2026-03-13T20:17:13","slug":"brightwell-ferroxiphos-g-300-gr","status":"publish","type":"product","link":"https:\/\/aquabluebursa.com\/en\/magaza\/filtrasyon-malzemeleri\/brightwell-ferroxiphos-g-300-gr\/","title":{"rendered":"Brightwell &#8211; FerroxiPhos-G  &#8211;  300 Gr"},"content":{"rendered":"<div>\n<p>Brightwell &#8211; FerroxiPhos-G\u00a0 &#8211;\u00a0 300 Gr<\/p>\n<p>\u2022Reaktif fosfat\u0131 akvaryum suyundan do\u011frudan ve verimli bir \u015fekilde uzakla\u015ft\u0131r\u0131r.<\/p>\n<p>\u2022Ayr\u0131ca akvaryum suyundan silikat ve fosfat bazl\u0131 organik materyali uzakla\u015ft\u0131rarak genellikle su berrakl\u0131\u011f\u0131n\u0131n artmas\u0131n\u0131 sa\u011flar (\u00f6zellikle a\u011f\u0131r biyolojik y\u00fck\u00fc olan akvaryumlarda).<\/p>\n<p>\u2022Bitkili ve resif sistemleri dahil t\u00fcm tatl\u0131 su ve deniz akvaryumlar\u0131nda kullan\u0131m i\u00e7in g\u00fcvenlidir.<\/p>\n<p>&nbsp;<\/p>\n<p>&nbsp;<\/p>\n<p>Talimatlar ve Dozaj<\/p>\n<p>FerroxiPhos, sumpl\u0131 sistemlerde bir reakt\u00f6r i\u00e7inde do\u011fru su ak\u0131\u015f\u0131 ile kullan\u0131lmas\u0131 gerekir.. Kullanmadan \u00f6nce\u00a0 tatl\u0131 suda durulay\u0131n; durulama suyunu at\u0131n.<\/p>\n<p>Her\u00a0 akvaryum sisteminin farkl\u0131 gereksinimleri vard\u0131r. Fosfat t\u00fcketimi akvaryumdaki canl\u0131 miktar\u0131na, su ak\u0131\u015f h\u0131z\u0131na ve ortama giren fosfat giri\u015fine ba\u011fl\u0131 olarak de\u011fi\u015fkenlik g\u00f6sterir.<\/p>\n<p>Daha \u00f6nce fosfat tutucu kullan\u0131lan\u00a0 resif veya bitkili akvaryumlarda kullan\u0131ld\u0131\u011f\u0131nda, ilk hafta i\u00e7in 18 Litre akvaryum i\u00e7in 1 g kullan\u0131lmas\u0131 tavsiye edilir;<\/p>\n<p>Boyutlar : 300-600 gr<\/p>\n<p>&nbsp;<\/p>\n<\/div>","protected":false},"excerpt":{"rendered":"<p>Brightwell &#8211; FerroxiPhos-G\u00a0 &#8211;\u00a0 300 Gr \u2022Reaktif fosfat\u0131 akvaryum suyundan do\u011frudan ve verimli bir \u015fekilde uzakla\u015ft\u0131r\u0131r. \u2022Ayr\u0131ca akvaryum suyundan silikat<\/p>","protected":false},"featured_media":13041,"comment_status":"closed","ping_status":"open","template":"","meta":[],"pwb-brand":[],"product_brand":[79],"product_cat":[161],"product_tag":[],"class_list":{"0":"post-12526","1":"product","2":"type-product","3":"status-publish","4":"has-post-thumbnail","6":"product_brand-brightwell","7":"product_cat-filtrasyon-malzemeleri","9":"first","10":"outofstock","11":"purchasable","12":"product-type-simple"},"brands":[],"_links":{"self":[{"href":"https:\/\/aquabluebursa.com\/en\/wp-json\/wp\/v2\/product\/12526","targetHints":{"allow":["GET"]}}],"collection":[{"href":"https:\/\/aquabluebursa.com\/en\/wp-json\/wp\/v2\/product"}],"about":[{"href":"https:\/\/aquabluebursa.com\/en\/wp-json\/wp\/v2\/types\/product"}],"replies":[{"embeddable":true,"href":"https:\/\/aquabluebursa.com\/en\/wp-json\/wp\/v2\/comments?post=12526"}],"wp:featuredmedia":[{"embeddable":true,"href":"https:\/\/aquabluebursa.com\/en\/wp-json\/wp\/v2\/media\/13041"}],"wp:attachment":[{"href":"https:\/\/aquabluebursa.com\/en\/wp-json\/wp\/v2\/media?parent=12526"}],"wp:term":[{"taxonomy":"pwb-brand","embeddable":true,"href":"https:\/\/aquabluebursa.com\/en\/wp-json\/wp\/v2\/pwb-brand?post=12526"},{"taxonomy":"product_brand","embeddable":true,"href":"https:\/\/aquabluebursa.com\/en\/wp-json\/wp\/v2\/product_brand?post=12526"},{"taxonomy":"product_cat","embeddable":true,"href":"https:\/\/aquabluebursa.com\/en\/wp-json\/wp\/v2\/product_cat?post=12526"},{"taxonomy":"product_tag","embeddable":true,"href":"https:\/\/aquabluebursa.com\/en\/wp-json\/wp\/v2\/product_tag?post=12526"}],"curies":[{"name":"wp","href":"https:\/\/api.w.org\/{rel}","templated":true}]}}