{"id":12527,"date":"2026-03-13T20:17:16","date_gmt":"2026-03-13T20:17:16","guid":{"rendered":"https:\/\/aquabluebursa.com\/magaza\/kategorilenmemis\/brightwell-carbonit-x3-225-gr\/"},"modified":"2026-03-13T20:17:16","modified_gmt":"2026-03-13T20:17:16","slug":"brightwell-carbonit-x3-225-gr","status":"publish","type":"product","link":"https:\/\/aquabluebursa.com\/en\/magaza\/filtrasyon-malzemeleri\/brightwell-carbonit-x3-225-gr\/","title":{"rendered":"Brightwell &#8211; Carbon\u012bt X3 &#8211; 225 Gr"},"content":{"rendered":"<div>\n<p>Brightwell &#8211; Carbon\u012bt X3 &#8211; Aktif Karbon &#8211; 225 Gr<\/p>\n<p>S\u0131n\u0131f\u0131: Su d\u00fczenleyici<\/p>\n<p>\u2022<span style=\"white-space:pre\"><\/span>Geleneksel aktif karbona g\u00f6re \u00fcst\u00fcn kimyasal filtreleme \u00f6zellikleri sunan yeni nesil, geli\u015ftirilmi\u015f aktif karbon.<\/p>\n<p>\u2022<span style=\"white-space:pre\"><\/span>\u00dc\u00e7l\u00fc eylem, amonyak, kloraminler ve gizli organik materyali uzakla\u015ft\u0131r\u0131r . Oksidasyon-red\u00fcksiyon potansiyelini (ORP) ve su kalitesini artt\u0131r\u0131r.<\/p>\n<p>\u2022<span style=\"white-space:pre\"><\/span>Ortalama par\u00e7ac\u0131k boyutu, optimum ak\u0131\u015f ve etkinli\u011fi art\u0131r\u0131r.<\/p>\n<p>\n\t\t<\/p>\n<p>Talimatlar ve Dozaj<\/p>\n<p>\u0130lk kullan\u0131mdan \u00f6nce, bir tatl\u0131 su ak\u0131\u015f\u0131 alt\u0131nda durulay\u0131n.&nbsp; 225 g CARBON\u012aT-X3, 852 Litre kadar suyu verimli bir \u015fekilde filtrelemek i\u00e7in uygundur. CARBON\u012aT-X3&#8217;\u00fcn kullan\u0131ld\u0131\u011f\u0131 y\u00f6ntem, su ile reaksiyon s\u00fcresine ba\u011fl\u0131 olarak de\u011fi\u015fir. Bu nedenle, karbon par\u00e7ac\u0131klar\u0131 ve su aras\u0131ndaki reaksiyon s\u00fcresi ne kadar uzun olursa, bu i\u015flem o kadar h\u0131zl\u0131 ger\u00e7ekle\u015fir.&nbsp;<\/p>\n<p>Not: CARBON\u012aT-X3, aktif karbonun geleneksel bir formu de\u011fildir; \u00e7\u00f6z\u00fcnm\u00fc\u015f organik materyali uzakla\u015ft\u0131rmada birim k\u00fctle ba\u015f\u0131na \u00e7ok daha etkilidir.&nbsp;<\/p>\n<p>Boyutlar : 225 g.<\/p>\n<p>\n\t\t<\/p>\n<\/div>","protected":false},"excerpt":{"rendered":"<p>Brightwell &#8211; Carbon\u012bt X3 &#8211; Aktif Karbon &#8211; 225 Gr S\u0131n\u0131f\u0131: Su d\u00fczenleyici \u2022Geleneksel aktif karbona g\u00f6re \u00fcst\u00fcn kimyasal filtreleme<\/p>","protected":false},"featured_media":13042,"comment_status":"closed","ping_status":"open","template":"","meta":[],"pwb-brand":[],"product_brand":[79],"product_cat":[161],"product_tag":[],"class_list":{"0":"post-12527","1":"product","2":"type-product","3":"status-publish","4":"has-post-thumbnail","6":"product_brand-brightwell","7":"product_cat-filtrasyon-malzemeleri","9":"first","10":"instock","11":"purchasable","12":"product-type-simple"},"brands":[],"_links":{"self":[{"href":"https:\/\/aquabluebursa.com\/en\/wp-json\/wp\/v2\/product\/12527","targetHints":{"allow":["GET"]}}],"collection":[{"href":"https:\/\/aquabluebursa.com\/en\/wp-json\/wp\/v2\/product"}],"about":[{"href":"https:\/\/aquabluebursa.com\/en\/wp-json\/wp\/v2\/types\/product"}],"replies":[{"embeddable":true,"href":"https:\/\/aquabluebursa.com\/en\/wp-json\/wp\/v2\/comments?post=12527"}],"wp:featuredmedia":[{"embeddable":true,"href":"https:\/\/aquabluebursa.com\/en\/wp-json\/wp\/v2\/media\/13042"}],"wp:attachment":[{"href":"https:\/\/aquabluebursa.com\/en\/wp-json\/wp\/v2\/media?parent=12527"}],"wp:term":[{"taxonomy":"pwb-brand","embeddable":true,"href":"https:\/\/aquabluebursa.com\/en\/wp-json\/wp\/v2\/pwb-brand?post=12527"},{"taxonomy":"product_brand","embeddable":true,"href":"https:\/\/aquabluebursa.com\/en\/wp-json\/wp\/v2\/product_brand?post=12527"},{"taxonomy":"product_cat","embeddable":true,"href":"https:\/\/aquabluebursa.com\/en\/wp-json\/wp\/v2\/product_cat?post=12527"},{"taxonomy":"product_tag","embeddable":true,"href":"https:\/\/aquabluebursa.com\/en\/wp-json\/wp\/v2\/product_tag?post=12527"}],"curies":[{"name":"wp","href":"https:\/\/api.w.org\/{rel}","templated":true}]}}