{"id":12529,"date":"2026-03-13T20:17:16","date_gmt":"2026-03-13T20:17:16","guid":{"rendered":"https:\/\/aquabluebursa.com\/magaza\/kategorilenmemis\/brightwell-purit-500-ml\/"},"modified":"2026-03-13T20:17:16","modified_gmt":"2026-03-13T20:17:16","slug":"brightwell-purit-500-ml","status":"publish","type":"product","link":"https:\/\/aquabluebursa.com\/en\/magaza\/filtrasyon-malzemeleri\/brightwell-purit-500-ml\/","title":{"rendered":"Brightwell &#8211; Purit 500 ml"},"content":{"rendered":"<div>Brightwell &#8211; Purit 500 ml<\/div>\n<div>&nbsp;<\/div>\n<div>\n<div>\u2022<span style=\"white-space:pre\"><\/span>Kloraminler, amonyak, nitrat, fosfat, silikat, a\u011f\u0131r metaller gibi gazlar\u0131n azalt\u0131lmas\u0131 i\u00e7in geli\u015ftirilmi\u015f aktif karbon (geleneksel aktif karbona \u00fcst\u00fcn kimyasal filtrasyon \u00f6zellikleri sunar)&nbsp;<\/div>\n<div>\u2022<span style=\"white-space:pre\"><\/span>oksidasyon\/indirgeme reaksiyonlar\u0131n\u0131 kolayla\u015ft\u0131r\u0131r, oksidasyon-red\u00fcksiyon potansiyelini (ORP) artt\u0131r\u0131r ve su kalitesini iyile\u015ftirir.<\/div>\n<div>\u2022<span style=\"white-space:pre\"><\/span>Sudaki boyalar\u0131 ve renk bozulmalar\u0131n\u0131 gidererek su berrakl\u0131\u011f\u0131n\u0131 art\u0131r\u0131r.<\/div>\n<div>\u2022<span style=\"white-space:pre\"><\/span>\u00c7\u00fcr\u00fcyen organik maddelerin neden oldu\u011fu kokular\u0131 ortadan kald\u0131r\u0131r.<\/div>\n<div>\u2022<span style=\"white-space:pre\"><\/span>Bak\u0131r\u0131 ila\u00e7l\u0131 sistemlerden \u00e7\u0131kar\u0131r. Kur\u015fun ve di\u011fer a\u011f\u0131r metalleri uzakla\u015ft\u0131r\u0131r.<\/div>\n<div>\u2022<span style=\"white-space:pre\"><\/span>T\u00fcm resiflerde, kar\u0131\u015f\u0131k resiflerde, sadece bal\u0131klarda, topluluklarda ve bitkili akvaryumlarda kullan\u0131m i\u00e7in tamamen g\u00fcvenlidir.<\/div>\n<div>\n\t\t<\/div>\n<div>\n\t\t<\/div>\n<div><span style=\"white-space:pre\"><\/span>&nbsp; \u0130lk kullan\u0131mdan \u00f6nce Pur\u012bt&#8217;i bir tatl\u0131 su ak\u0131\u015f\u0131 alt\u0131nda durulay\u0131n ve ard\u0131ndan suyu at\u0131n. <span style=\"white-space:pre\"><\/span>Belirtildi\u011fi \u015fekilde kullan\u0131ld\u0131\u011f\u0131nda, her 100 ml Pur\u012bt, 100 Litre&nbsp; akvaryum <span style=\"white-space:pre\"><\/span>i\u00e7indir.Sistemin biyolojik y\u00fck\u00fcne, sisteme, besin giri\u015fi h\u0131z\u0131na ba\u011fl\u0131 olarak su kalitesinin <span style=\"white-space:pre\"><\/span>6 aya kadar korunmas\u0131na yard\u0131mc\u0131 olacakt\u0131r.<\/div>\n<div><span style=\"white-space:pre\"><\/span>&nbsp;<\/div>\n<div>\n\t\t<\/div>\n<\/div>","protected":false},"excerpt":{"rendered":"<p>Brightwell &#8211; Purit 500 ml &nbsp; \u2022Kloraminler, amonyak, nitrat, fosfat, silikat, a\u011f\u0131r metaller gibi gazlar\u0131n azalt\u0131lmas\u0131 i\u00e7in geli\u015ftirilmi\u015f aktif karbon<\/p>","protected":false},"featured_media":13044,"comment_status":"closed","ping_status":"open","template":"","meta":[],"pwb-brand":[],"product_brand":[79],"product_cat":[161],"product_tag":[],"class_list":{"0":"post-12529","1":"product","2":"type-product","3":"status-publish","4":"has-post-thumbnail","6":"product_brand-brightwell","7":"product_cat-filtrasyon-malzemeleri","9":"first","10":"outofstock","11":"purchasable","12":"product-type-simple"},"brands":[],"_links":{"self":[{"href":"https:\/\/aquabluebursa.com\/en\/wp-json\/wp\/v2\/product\/12529","targetHints":{"allow":["GET"]}}],"collection":[{"href":"https:\/\/aquabluebursa.com\/en\/wp-json\/wp\/v2\/product"}],"about":[{"href":"https:\/\/aquabluebursa.com\/en\/wp-json\/wp\/v2\/types\/product"}],"replies":[{"embeddable":true,"href":"https:\/\/aquabluebursa.com\/en\/wp-json\/wp\/v2\/comments?post=12529"}],"wp:featuredmedia":[{"embeddable":true,"href":"https:\/\/aquabluebursa.com\/en\/wp-json\/wp\/v2\/media\/13044"}],"wp:attachment":[{"href":"https:\/\/aquabluebursa.com\/en\/wp-json\/wp\/v2\/media?parent=12529"}],"wp:term":[{"taxonomy":"pwb-brand","embeddable":true,"href":"https:\/\/aquabluebursa.com\/en\/wp-json\/wp\/v2\/pwb-brand?post=12529"},{"taxonomy":"product_brand","embeddable":true,"href":"https:\/\/aquabluebursa.com\/en\/wp-json\/wp\/v2\/product_brand?post=12529"},{"taxonomy":"product_cat","embeddable":true,"href":"https:\/\/aquabluebursa.com\/en\/wp-json\/wp\/v2\/product_cat?post=12529"},{"taxonomy":"product_tag","embeddable":true,"href":"https:\/\/aquabluebursa.com\/en\/wp-json\/wp\/v2\/product_tag?post=12529"}],"curies":[{"name":"wp","href":"https:\/\/api.w.org\/{rel}","templated":true}]}}