{"id":12530,"date":"2026-03-13T20:17:20","date_gmt":"2026-03-13T20:17:20","guid":{"rendered":"https:\/\/aquabluebursa.com\/magaza\/kategorilenmemis\/brightwell-cuprion-2-litre\/"},"modified":"2026-03-13T20:17:20","modified_gmt":"2026-03-13T20:17:20","slug":"brightwell-cuprion-2-litre","status":"publish","type":"product","link":"https:\/\/aquabluebursa.com\/en\/magaza\/balik-ve-mercan-bakimi\/brightwell-cuprion-2-litre\/","title":{"rendered":"Brightwell &#8211; Cuprion 2 Litre"},"content":{"rendered":"<div>\n<p>Brightwell &#8211; Cuprion 2 Litre<\/p>\n<p>\u2022Yaln\u0131zca deneyimli\u00a0 hobyciler taraf\u0131ndan, kullan\u0131m i\u00e7indir.<\/p>\n<p>\u2022\u0130yonik bak\u0131r \u00e7\u00f6zeltisi.<\/p>\n<p>\u20221 damla,3.7 Litre Akvaryum suyundaki serbest bak\u0131r konsantrasyonunu ~0,20 ppm artt\u0131r\u0131r.<\/p>\n<p>\u2022Sadece bal\u0131k i\u00e7eren akvaryumlar i\u00e7indir.<\/p>\n<p>\u2022Canl\u0131 bitkiler veya omurgas\u0131zlar bar\u0131nd\u0131ran akvaryumlarda kullan\u0131lmaz.<\/p>\n<p>&nbsp;<\/p>\n<p>&nbsp;<\/p>\n<p>&nbsp;<\/p>\n<p>Talimatlar ve Dozaj<\/p>\n<p>\u00d6nerilen doz:\u00a0 1 damla Cuprion, 3.7 Litre akvaryum suyunda iyonik bak\u0131r\u00a0 \u00a0 \u00a0 \u00a0 \u00a0 \u00a0 konsantrasyonunu 0.20 ppm art\u0131rmak \u00fczere form\u00fcle edilmi\u015ftir.<\/p>\n<p>\u0130yonik bak\u0131r \u00e7\u00f6zeltilerinin su sistemlerinde kullan\u0131lma \u015feklini sa\u011flam bir \u015fekilde anlam\u0131\u015f ve\u00a0 bu konuda ciddi deneyime sahip kalifiye profesyonel akvaryumcular taraf\u0131ndan a\u00e7\u0131k\u00e7a kullan\u0131lmas\u0131 ama\u00e7lanm\u0131\u015ft\u0131r.<\/p>\n<p>\u0130\u00e7indekiler:<\/p>\n<p>Saf su, bak\u0131r s\u00fclfat, dengeleyici maddeler.<\/p>\n<p>Boyutlar : 60 ml \u2013 2 Litre.<\/p>\n<p>&nbsp;<\/p>\n<\/div>","protected":false},"excerpt":{"rendered":"<p>Brightwell &#8211; Cuprion 2 Litre \u2022Yaln\u0131zca deneyimli\u00a0 hobyciler taraf\u0131ndan, kullan\u0131m i\u00e7indir. \u2022\u0130yonik bak\u0131r \u00e7\u00f6zeltisi. \u20221 damla,3.7 Litre Akvaryum suyundaki serbest<\/p>","protected":false},"featured_media":13045,"comment_status":"closed","ping_status":"open","template":"","meta":[],"pwb-brand":[],"product_brand":[79],"product_cat":[156],"product_tag":[],"class_list":{"0":"post-12530","1":"product","2":"type-product","3":"status-publish","4":"has-post-thumbnail","6":"product_brand-brightwell","7":"product_cat-balik-ve-mercan-bakimi","9":"first","10":"outofstock","11":"purchasable","12":"product-type-simple"},"brands":[],"_links":{"self":[{"href":"https:\/\/aquabluebursa.com\/en\/wp-json\/wp\/v2\/product\/12530","targetHints":{"allow":["GET"]}}],"collection":[{"href":"https:\/\/aquabluebursa.com\/en\/wp-json\/wp\/v2\/product"}],"about":[{"href":"https:\/\/aquabluebursa.com\/en\/wp-json\/wp\/v2\/types\/product"}],"replies":[{"embeddable":true,"href":"https:\/\/aquabluebursa.com\/en\/wp-json\/wp\/v2\/comments?post=12530"}],"wp:featuredmedia":[{"embeddable":true,"href":"https:\/\/aquabluebursa.com\/en\/wp-json\/wp\/v2\/media\/13045"}],"wp:attachment":[{"href":"https:\/\/aquabluebursa.com\/en\/wp-json\/wp\/v2\/media?parent=12530"}],"wp:term":[{"taxonomy":"pwb-brand","embeddable":true,"href":"https:\/\/aquabluebursa.com\/en\/wp-json\/wp\/v2\/pwb-brand?post=12530"},{"taxonomy":"product_brand","embeddable":true,"href":"https:\/\/aquabluebursa.com\/en\/wp-json\/wp\/v2\/product_brand?post=12530"},{"taxonomy":"product_cat","embeddable":true,"href":"https:\/\/aquabluebursa.com\/en\/wp-json\/wp\/v2\/product_cat?post=12530"},{"taxonomy":"product_tag","embeddable":true,"href":"https:\/\/aquabluebursa.com\/en\/wp-json\/wp\/v2\/product_tag?post=12530"}],"curies":[{"name":"wp","href":"https:\/\/api.w.org\/{rel}","templated":true}]}}