{"id":12534,"date":"2026-03-13T20:17:24","date_gmt":"2026-03-13T20:17:24","guid":{"rendered":"https:\/\/aquabluebursa.com\/magaza\/kategorilenmemis\/brightwell-fish-recover-m-500-ml\/"},"modified":"2026-03-13T20:17:24","modified_gmt":"2026-03-13T20:17:24","slug":"brightwell-fish-recover-m-500-ml","status":"publish","type":"product","link":"https:\/\/aquabluebursa.com\/en\/magaza\/balik-ve-mercan-bakimi\/brightwell-fish-recover-m-500-ml\/","title":{"rendered":"Brightwell &#8211; Fish Recover M 500 ml"},"content":{"rendered":"<div>\n<p>Brightwell &#8211; Fish Recover M 500 ml<\/p>\n<p>S\u0131n\u0131f\u0131: Bal\u0131k tedavi<\/p>\n<p>&nbsp;<\/p>\n<p>\u2022Deniz bal\u0131klar\u0131nda geni\u015f bir yelpazedeki bakteriyel enfeksiyonlar\u0131n tedavisi i\u00e7in \u00fcretilmi\u015f tamamen do\u011fal, botanik \u00f6zl\u00fc ila\u00e7t\u0131r.<\/p>\n<p>\u2022A\u00e7\u0131k yaralar\u0131, \u00fclser, y\u00fczge\u00e7lerde ve v\u00fccutta k\u0131zar\u0131kl\u0131k, bulutlu g\u00f6zler ve kuyruk ve y\u00fczge\u00e7 \u00e7\u00fcr\u00fckl\u00fc\u011f\u00fcn\u00fc tedavi eder.<\/p>\n<p>\u2022Hastal\u0131k ve stres nedeniyle hasarl\u0131 cilt dokusunun yeniden onar\u0131lmas\u0131n\u0131, y\u00fczge\u00e7 ve kuyruk kayb\u0131n\u0131 h\u0131zla destekler.<\/p>\n<p>\u2022Hastal\u0131\u011f\u0131 \u00f6nlemek ve mevcut enfeksiyonlarla sava\u015fmaya yard\u0131mc\u0131 olmak i\u00e7in bal\u0131\u011f\u0131n ba\u011f\u0131\u015f\u0131kl\u0131k sistemini uyar\u0131r ve g\u00fc\u00e7lendirir.<\/p>\n<p>\u2022Belirtildi\u011fi \u015fekilde kullan\u0131ld\u0131\u011f\u0131nda: T\u00fcm deniz bal\u0131klar\u0131 (k\u00f6pekbal\u0131klar\u0131, vatozlar, denizat\u0131 ve y\u0131lan bal\u0131klar\u0131 dahil) ve narin mercanlar, istiridyeler, anemonlar ve karides dahil deniz omurgas\u0131zlar\u0131 i\u00e7in g\u00fcvenlidir.<\/p>\n<p>\u2022Geleneksel antibiyotik kullan\u0131m\u0131nda g\u00f6r\u00fcld\u00fc\u011f\u00fc gibi biyolojik filtreyi olumsuz etkilemez.<\/p>\n<p>\u2022Su parametrelerini de\u011fi\u015ftirmez.<\/p>\n<p>\u2022Doz a\u015f\u0131m\u0131 yapmay\u0131n. A\u015fa\u011f\u0131daki y\u00f6nergeleri okuyun<\/p>\n<p>&nbsp;<\/p>\n<p>Bal\u0131k kayb\u0131n\u0131 en aza indirmek i\u00e7in erken te\u015fhis ve ard\u0131ndan acil tedavi \u00f6nemlidir. Bal\u0131k sa\u011fl\u0131\u011f\u0131n\u0131 iyile\u015ftirmeye daha fazla yard\u0131mc\u0131 olmak i\u00e7in, t\u00fcm deniz bal\u0131klar\u0131 ve resif akvaryumlar\u0131 i\u00e7in konsantre bir C Vitamini takviyesi olan Brightwell Aquatics Vitamarin-C&#8217;yi ekleyin. Vitamin-C, do\u011fal bir ba\u011f\u0131\u015f\u0131kl\u0131k uyar\u0131c\u0131s\u0131d\u0131r.<\/p>\n<p>Talimatlar ve Dozaj<\/p>\n<p>\u00d6nemli: Bu \u00fcr\u00fcn\u00fc, \u00e7al\u0131\u015fan bir protein skimmer olmadan kullanmay\u0131n!<\/p>\n<p>Bu \u00fcr\u00fcn\u00fcn t\u00fcm kullan\u0131m\u0131 boyunca mercanlar\u0131 yak\u0131ndan g\u00f6zlemlemelisiniz! Bunu yapmamak, a\u015f\u0131r\u0131 doza neden olabilir ve a\u015f\u0131r\u0131 doz uygularsan\u0131z mercanlar zarar g\u00f6rebilir! Mercanlar, yak\u0131n habitatlar\u0131ndaki ani de\u011fi\u015fikliklere kar\u015f\u0131 olduk\u00e7a hassas olduklar\u0131ndan, \u00fcr\u00fcn ilk eklendi\u011finde ge\u00e7ici mercan polip kapanmas\u0131 farkedebilirsiniz. 3 ila 5 g\u00fcnl\u00fck kullan\u0131mdan sonra mercanlar\u0131n kapanmas\u0131 veya a\u015f\u0131r\u0131 dozun g\u00f6stergesi olarak bulan\u0131kl\u0131k g\u00f6r\u00fclmesi ola\u011fand\u0131\u015f\u0131 bir durum de\u011fildir . Bu olursa, skimmer k\u00f6p\u00fck \u00fcretimini art\u0131r\u0131n ve %25 su de\u011fi\u015fimi yap\u0131n. Mercanlar hala kapal\u0131ysa, mercanlar yeniden a\u00e7\u0131l\u0131ncaya ve bulan\u0131kl\u0131k kaybolana kadar dozu azalt\u0131n veya kullanmay\u0131 b\u0131rak\u0131n. Sistemdeki ila\u00e7 seviyesini azaltmak i\u00e7in karbonu yeniden tak\u0131n. Doz a\u015f\u0131m\u0131 belirtileri mercanlar\u0131n a\u00e7\u0131lmamas\u0131 ve a\u015f\u0131r\u0131 bulan\u0131kl\u0131kt\u0131r.<\/p>\n<p>Not:\u00a0 Bu \u00fcr\u00fcn parazitleri de\u011fil bakteriyel enfeksiyonlar\u0131 tedavi eder!\u00a0 Marine ich veya Oodinium&#8217;u tedavi etmez.\u00a0 \u00a0\u00dcr\u00fcn\u00fc kullanmadan \u00f6nce iyice \u00e7alkalay\u0131n\u0131z. En iyi sonu\u00e7lar\u0131 elde etmek i\u00e7in, akvaryuma verimli bir \u015fekilde da\u011f\u0131lmas\u0131 i\u00e7in \u00fcr\u00fcn\u00fc g\u00fc\u00e7l\u00fc su ak\u0131\u015f\u0131 olan bir alana ekleyin.<\/p>\n<p>Hastal\u0131k Tedavisi i\u00e7in: 5 ml (500 ml \u015fi\u015fede 1 kapak) Fish Recover\u00a0 38 Litre akvaryum suyu i\u00e7indir. Hastal\u0131\u011f\u0131 etkili bir \u015fekilde ortadan kald\u0131rmak i\u00e7in toplam 7 g\u00fcn boyunca \u00f6nerilen dozda g\u00fcnl\u00fck olarak ekleyin.\u00a0 Tedavi s\u0131ras\u0131nda skimmer \u00e7al\u0131\u015f\u0131r durumda tutulmal\u0131d\u0131r.<\/p>\n<p>Brightwell Aquatics Fish Recover M , do\u011frudan akvaryum veya karantina sisteminde kullan\u0131lmak \u00fczere tasarlanm\u0131\u015ft\u0131r.<\/p>\n<p>Dikkat: \u00c7ocuklar\u0131n eri\u015femeyece\u011fi yerlerde saklay\u0131n. G\u00f6ze bula\u015f\u0131rsa 15 dakika su ile y\u0131kay\u0131n. Tahri\u015f devam ederse, t\u0131bbi yard\u0131m al\u0131n. Yutulmas\u0131 halinde, bir zehir kontrol merkezine ba\u015fvurun. \u0130nsan t\u00fcketimi i\u00e7in veya bal\u0131k veya omurgas\u0131zlarda insan t\u00fcketimi i\u00e7in de\u011fil!<\/p>\n<p>Boyutlar : | 250 ml | 500ml | 1 L | 2 L |<\/p>\n<p>&nbsp;<\/p>\n<p>&nbsp;<\/p>\n<\/div>","protected":false},"excerpt":{"rendered":"<p>Brightwell &#8211; Fish Recover M 500 ml S\u0131n\u0131f\u0131: Bal\u0131k tedavi &nbsp; \u2022Deniz bal\u0131klar\u0131nda geni\u015f bir yelpazedeki bakteriyel enfeksiyonlar\u0131n tedavisi i\u00e7in<\/p>","protected":false},"featured_media":13049,"comment_status":"closed","ping_status":"open","template":"","meta":[],"pwb-brand":[],"product_brand":[79],"product_cat":[156],"product_tag":[],"class_list":{"0":"post-12534","1":"product","2":"type-product","3":"status-publish","4":"has-post-thumbnail","6":"product_brand-brightwell","7":"product_cat-balik-ve-mercan-bakimi","9":"first","10":"instock","11":"purchasable","12":"product-type-simple"},"brands":[],"_links":{"self":[{"href":"https:\/\/aquabluebursa.com\/en\/wp-json\/wp\/v2\/product\/12534","targetHints":{"allow":["GET"]}}],"collection":[{"href":"https:\/\/aquabluebursa.com\/en\/wp-json\/wp\/v2\/product"}],"about":[{"href":"https:\/\/aquabluebursa.com\/en\/wp-json\/wp\/v2\/types\/product"}],"replies":[{"embeddable":true,"href":"https:\/\/aquabluebursa.com\/en\/wp-json\/wp\/v2\/comments?post=12534"}],"wp:featuredmedia":[{"embeddable":true,"href":"https:\/\/aquabluebursa.com\/en\/wp-json\/wp\/v2\/media\/13049"}],"wp:attachment":[{"href":"https:\/\/aquabluebursa.com\/en\/wp-json\/wp\/v2\/media?parent=12534"}],"wp:term":[{"taxonomy":"pwb-brand","embeddable":true,"href":"https:\/\/aquabluebursa.com\/en\/wp-json\/wp\/v2\/pwb-brand?post=12534"},{"taxonomy":"product_brand","embeddable":true,"href":"https:\/\/aquabluebursa.com\/en\/wp-json\/wp\/v2\/product_brand?post=12534"},{"taxonomy":"product_cat","embeddable":true,"href":"https:\/\/aquabluebursa.com\/en\/wp-json\/wp\/v2\/product_cat?post=12534"},{"taxonomy":"product_tag","embeddable":true,"href":"https:\/\/aquabluebursa.com\/en\/wp-json\/wp\/v2\/product_tag?post=12534"}],"curies":[{"name":"wp","href":"https:\/\/api.w.org\/{rel}","templated":true}]}}