{"id":12538,"date":"2026-03-13T20:17:29","date_gmt":"2026-03-13T20:17:29","guid":{"rendered":"https:\/\/aquabluebursa.com\/magaza\/kategorilenmemis\/brightwell-clarifi-sw-125-ml\/"},"modified":"2026-03-13T20:17:29","modified_gmt":"2026-03-13T20:17:29","slug":"brightwell-clarifi-sw-125-ml","status":"publish","type":"product","link":"https:\/\/aquabluebursa.com\/en\/magaza\/filtrasyon-malzemeleri\/brightwell-clarifi-sw-125-ml\/","title":{"rendered":"Brightwell &#8211; Clarifi-SW 125 ml"},"content":{"rendered":"<div>Brightwell &#8211; Clarifi-SW 125 ml<\/div>\n<div><\/div>\n<div>\n<div>\n<div>\n<div>S\u0131n\u0131f\u0131:\u00a0 Su d\u00fczenleyici<\/div>\n<div>\u2022Parazit salg\u0131nlar\u0131 s\u0131ras\u0131nda ve onlar\u0131 akvaryumdan \u00e7\u0131karmaya yard\u0131mc\u0131 olur.<\/div>\n<div>\u2022Deniz akvaryumlar\u0131nda su berrakl\u0131\u011f\u0131n\u0131 iyile\u015ftirmek i\u00e7in ve bulan\u0131k suyu ortadan kald\u0131rmaya yard\u0131mc\u0131 olur.<\/div>\n<div>\u2022Akvaryum suyunda as\u0131l\u0131 kalan partik\u00fcl malzemeyi ba\u011flayarak<\/div>\n<div>mekanik filtrasyon ve protein skimmer yoluyla sistemden \u00e7\u0131kar\u0131lmas\u0131n\u0131 sa\u011flar.<\/div>\n<div>\u2022Deniz akvaryumlar\u0131nda kullan\u0131m i\u00e7in \u00f6zel olarak form\u00fcle edilmi\u015ftir; tatl\u0131 su akvaryumlar\u0131nda kullan\u0131lmaz.<\/div>\n<div>\u2022Her t\u00fcrl\u00fc deniz omurgas\u0131zlar\u0131, bal\u0131klar ve makroalgler ile kullan\u0131m i\u00e7in g\u00fcvenlidir.<\/div>\n<div><\/div>\n<div>Talimatlar ve Dozaj<\/div>\n<div>\u00d6nerilen doz:\u00a0 1 ml Clarif\u012b-SW 38 Litre Akvaryum i\u00e7indir . Flok\u00fclasyon i\u015fleminin\u00a0 \u00a0tamamlanmas\u0131 i\u00e7in en az 12 saat bekleyin; gerekirse 24 saat i\u00e7inde yeniden ba\u015fvurun. \u00d6nerilen maksimum kullan\u0131m, 5 g\u00fcnl\u00fck s\u00fcre i\u00e7in 2 kezdir.<\/div>\n<div>Aktif i\u00e7erik : Polyelectrolytes.<\/div>\n<div>Boyutlar : 125 &#8211; 250 ml.<\/div>\n<div><\/div>\n<\/div>\n<\/div>\n<\/div>","protected":false},"excerpt":{"rendered":"<p>Brightwell &#8211; Clarifi-SW 125 ml S\u0131n\u0131f\u0131:\u00a0 Su d\u00fczenleyici \u2022Parazit salg\u0131nlar\u0131 s\u0131ras\u0131nda ve onlar\u0131 akvaryumdan \u00e7\u0131karmaya yard\u0131mc\u0131 olur. \u2022Deniz akvaryumlar\u0131nda su<\/p>","protected":false},"featured_media":13053,"comment_status":"closed","ping_status":"open","template":"","meta":[],"pwb-brand":[],"product_brand":[79],"product_cat":[161],"product_tag":[],"class_list":{"0":"post-12538","1":"product","2":"type-product","3":"status-publish","4":"has-post-thumbnail","6":"product_brand-brightwell","7":"product_cat-filtrasyon-malzemeleri","9":"first","10":"instock","11":"purchasable","12":"product-type-simple"},"brands":[],"_links":{"self":[{"href":"https:\/\/aquabluebursa.com\/en\/wp-json\/wp\/v2\/product\/12538","targetHints":{"allow":["GET"]}}],"collection":[{"href":"https:\/\/aquabluebursa.com\/en\/wp-json\/wp\/v2\/product"}],"about":[{"href":"https:\/\/aquabluebursa.com\/en\/wp-json\/wp\/v2\/types\/product"}],"replies":[{"embeddable":true,"href":"https:\/\/aquabluebursa.com\/en\/wp-json\/wp\/v2\/comments?post=12538"}],"wp:featuredmedia":[{"embeddable":true,"href":"https:\/\/aquabluebursa.com\/en\/wp-json\/wp\/v2\/media\/13053"}],"wp:attachment":[{"href":"https:\/\/aquabluebursa.com\/en\/wp-json\/wp\/v2\/media?parent=12538"}],"wp:term":[{"taxonomy":"pwb-brand","embeddable":true,"href":"https:\/\/aquabluebursa.com\/en\/wp-json\/wp\/v2\/pwb-brand?post=12538"},{"taxonomy":"product_brand","embeddable":true,"href":"https:\/\/aquabluebursa.com\/en\/wp-json\/wp\/v2\/product_brand?post=12538"},{"taxonomy":"product_cat","embeddable":true,"href":"https:\/\/aquabluebursa.com\/en\/wp-json\/wp\/v2\/product_cat?post=12538"},{"taxonomy":"product_tag","embeddable":true,"href":"https:\/\/aquabluebursa.com\/en\/wp-json\/wp\/v2\/product_tag?post=12538"}],"curies":[{"name":"wp","href":"https:\/\/api.w.org\/{rel}","templated":true}]}}