{"id":12547,"date":"2026-03-13T20:17:38","date_gmt":"2026-03-13T20:17:38","guid":{"rendered":"https:\/\/aquabluebursa.com\/magaza\/kategorilenmemis\/brightwell-microbacter-quikcycl-60-ml\/"},"modified":"2026-04-18T15:19:57","modified_gmt":"2026-04-18T15:19:57","slug":"brightwell-microbacter-quikcycl-60-ml","status":"publish","type":"product","link":"https:\/\/aquabluebursa.com\/en\/magaza\/bakteri-kulturleri\/brightwell-microbacter-quikcycl-60-ml\/","title":{"rendered":"Brightwell &#8211; MicroBacter QuikCycl 60 ml"},"content":{"rendered":"<div>Brightwell &#8211; MicroBacter QuikCycl Ammonia nutrient for fishless cycle &#8211; Bakteri k\u00fclt\u00fcr\u00fc &#8211; 60 ml<\/div>\n<div><\/div>\n<div><span style=\"font-weight: bold;\">\u00dcr\u00fcn Ad\u0131:<\/span> MicroBacter Quik Cycl<\/div>\n<div>\n<p><span style=\"font-weight: bold;\">S\u0131n\u0131f\u0131:<\/span> Bakteri<br \/>\nk\u00fclt\u00fcr\u00fc<\/p>\n<p><span style=\"font-weight: bold;\">Mevcut Ebatlar<\/span>: 60 ML<\/p>\n<p>&nbsp;<\/p>\n<p><span style=\"font-weight: bold;\">\u00dcr\u00fcn Bilgisi:<\/span><\/p>\n<p>\u00b7 Tatl\u0131 su ve deniz akvaryumlar\u0131nda<br \/>\nbal\u0131ks\u0131z d\u00f6ng\u00fc ba\u015flatmak ve nitrifikasyon bakteri yataklar\u0131 olu\u015fturmak i\u00e7in g\u00fc\u00e7l\u00fc bir bakteri besini.<\/p>\n<p>\u00b7 D\u0130KKAT BU \u00dcR\u00dcN Amonyak i\u00e7erir. H\u0130\u00c7B\u0130R<br \/>\nZAMAN CANLI BALIK, B\u0130TK\u0130 VEYA Omurgas\u0131z \u0130\u00e7eren B\u0130R AKVARYUMA KOYMAYIN.<\/p>\n<p>&nbsp;<\/p>\n<p>&nbsp;<\/p>\n<p><span style=\"font-weight: bold;\">Talimatlar ve Dozaj:<\/span><\/p>\n<p>TAM doz i\u00e7in 20 Litre akvaryum<br \/>\nsuyuna 1 ML ekleyin<\/p>\n<p><span style=\"font-weight: bold;\">Boyutlar<\/span> : 60 ML<\/p>\n<p>Akvaryum katk\u0131lar\u0131 i\u00e7in, Akvaryum Merkezi olarak bizlere<br \/>\nba\u015fvurabilir, size en uygun ve kaliteli \u00fcr\u00fcnler i\u00e7in bilgi sahibi<br \/>\nolabilirsiniz.<\/p>\n<p>&nbsp;<\/p>\n<\/div>","protected":false},"excerpt":{"rendered":"<p>Brightwell &#8211; MicroBacter QuikCycl Ammonia nutrient for fishless cycle &#8211; Bakteri k\u00fclt\u00fcr\u00fc &#8211; 60 ml \u00dcr\u00fcn Ad\u0131: MicroBacter Quik Cycl<\/p>","protected":false},"featured_media":13062,"comment_status":"closed","ping_status":"open","template":"","meta":[],"pwb-brand":[],"product_brand":[79],"product_cat":[158],"product_tag":[],"class_list":{"0":"post-12547","1":"product","2":"type-product","3":"status-publish","4":"has-post-thumbnail","6":"product_brand-brightwell","7":"product_cat-bakteri-kulturleri","9":"first","10":"instock","11":"purchasable","12":"product-type-simple"},"brands":[],"_links":{"self":[{"href":"https:\/\/aquabluebursa.com\/en\/wp-json\/wp\/v2\/product\/12547","targetHints":{"allow":["GET"]}}],"collection":[{"href":"https:\/\/aquabluebursa.com\/en\/wp-json\/wp\/v2\/product"}],"about":[{"href":"https:\/\/aquabluebursa.com\/en\/wp-json\/wp\/v2\/types\/product"}],"replies":[{"embeddable":true,"href":"https:\/\/aquabluebursa.com\/en\/wp-json\/wp\/v2\/comments?post=12547"}],"wp:featuredmedia":[{"embeddable":true,"href":"https:\/\/aquabluebursa.com\/en\/wp-json\/wp\/v2\/media\/13062"}],"wp:attachment":[{"href":"https:\/\/aquabluebursa.com\/en\/wp-json\/wp\/v2\/media?parent=12547"}],"wp:term":[{"taxonomy":"pwb-brand","embeddable":true,"href":"https:\/\/aquabluebursa.com\/en\/wp-json\/wp\/v2\/pwb-brand?post=12547"},{"taxonomy":"product_brand","embeddable":true,"href":"https:\/\/aquabluebursa.com\/en\/wp-json\/wp\/v2\/product_brand?post=12547"},{"taxonomy":"product_cat","embeddable":true,"href":"https:\/\/aquabluebursa.com\/en\/wp-json\/wp\/v2\/product_cat?post=12547"},{"taxonomy":"product_tag","embeddable":true,"href":"https:\/\/aquabluebursa.com\/en\/wp-json\/wp\/v2\/product_tag?post=12547"}],"curies":[{"name":"wp","href":"https:\/\/api.w.org\/{rel}","templated":true}]}}