{"id":12548,"date":"2026-03-13T20:17:42","date_gmt":"2026-03-13T20:17:42","guid":{"rendered":"https:\/\/aquabluebursa.com\/magaza\/kategorilenmemis\/brightwell-koralcolor-500-ml\/"},"modified":"2026-03-13T20:17:42","modified_gmt":"2026-03-13T20:17:42","slug":"brightwell-koralcolor-500-ml","status":"publish","type":"product","link":"https:\/\/aquabluebursa.com\/en\/magaza\/katkilar\/brightwell-koralcolor-500-ml\/","title":{"rendered":"Brightwell &#8211; KoralColor 500 ml"},"content":{"rendered":"<div>Brightwell &#8211; KoralColor &#8211; Encourages Increased Coloration in Corals &#8211; Element &#8211; 500 ml<\/div>\n<div><\/div>\n<div>\n<p><span style=\"font-weight: bold;\">\u00dcr\u00fcn Ad\u0131:<\/span> KoralColor<\/p>\n<p><span style=\"font-weight: bold;\">S\u0131n\u0131f\u0131:<\/span> Element<\/p>\n<p><span style=\"font-weight: bold;\">Mevcut Ebatlar<\/span>: 500 ML<\/p>\n<p>&nbsp;<\/p>\n<p><span style=\"font-weight: bold;\">\u00dcr\u00fcn Bilgisi:<\/span><\/p>\n<p>&nbsp;<\/p>\n<p>\u00b7 Bir \u00e7ok mercan\u0131n biyokromlar\u0131na (biyolojik pigmentler) renk veren molek\u00fcllerinin olu\u015fumu i\u00e7in \u00e7ok \u00f6nemli<br \/>\nelementleri sa\u011flar .<\/p>\n<p>\u00b7 Zooxanthellae i\u00e7inde meydana geldi\u011fi<br \/>\nbilinen Klorofiller a ve c, beta karoten ve ksantofiller gibi biyokromlar\u0131n<br \/>\nkademeli olarak dahil edilmesi ve olu\u015fumu i\u00e7in eser miktarlarda element<br \/>\nsa\u011flamak \u00fczere \u00f6zel olarak form\u00fcle edilmi\u015ftir<\/p>\n<p>\u00b7 Doz a\u015f\u0131m\u0131nda Zooxanthellae yo\u011funlu\u011funu etkilemez.<\/p>\n<p>\u00b7 Brightwell Restor ile birlikte<br \/>\nkullanman\u0131z verimini art\u0131r\u0131r.<\/p>\n<p>\u00b7 Mercanlar\u0131n\u0131zda renk kararmalar\u0131<br \/>\nya\u015famazs\u0131n\u0131z.<\/p>\n<p>\u00b7 Uzman deniz bilimcileri taraf\u0131ndan<br \/>\nform\u00fcle edilmi\u015ftir.<\/p>\n<p>Bir \u00e7ok y\u00f6nden<br \/>\nakvaryumlar\u0131m\u0131zdaki ya\u015fatt\u0131\u011f\u0131m\u0131z mercanlar\u0131n ,\u00e7e\u015fitlili\u011fi, renkleri, sa\u011fl\u0131\u011f\u0131 bir<br \/>\nressam\u0131n tuvalindeki sanatsal bir ifadesi olarak d\u00fc\u015f\u00fcn\u00fclebilir. Bu ekosistemin<br \/>\n\u00e7e\u015fitlili\u011fi ve renkleri bir\u00e7ok deniz akvaryumu hobicisinin ilham kayna\u011f\u0131<br \/>\nolmu\u015ftur.<\/p>\n<p>Mercanlar\u0131n, istiridyelerin \u00e7o\u011fu, dokular\u0131nda bulunan<br \/>\nsimbiyotik zooxanthellae taraf\u0131ndan olu\u015fturulan biyolojik pigmentler ile<br \/>\nrenklenir. Bu pigmentler &#8220;Biyokromlar&#8221; olarak adland\u0131r\u0131l\u0131r. KoralColor<br \/>\n, bir dizi \u00f6zel biyokroma elementler i\u00e7erir.<br \/>\nY\u00f6nlendirildi\u011fi \u015fekilde kullan\u0131ld\u0131\u011f\u0131nda KoralColor , akvaryumda besledi\u011fimiz<br \/>\npek \u00e7ok mercan\u0131n renklerini geli\u015ftirebilmemize g\u00f6zle g\u00f6r\u00fcl\u00fcr katk\u0131 sa\u011flar.<br \/>\nKoralColor var olan mercanlar\u0131n\u0131z\u0131n renk de\u011fi\u015ftirmesini de\u011fil var olan<br \/>\nrenklerinin yo\u011funla\u015fmas\u0131n\u0131 sa\u011flar. Her akvaryumun canl\u0131 pop\u00fclasyonu ve<br \/>\n\u00e7e\u015fitlili\u011fi farkl\u0131 oldu\u011fundan do\u011fru dozlama i\u00e7in ilk g\u00fcnden itibaren<br \/>\ncanl\u0131lar\u0131n\u0131z\u0131 g\u00f6zlemleyerek haftal\u0131k ya da g\u00fcnl\u00fck eklemeleri sizin belirlemeniz<br \/>\nen do\u011frusu olacakt\u0131r.<\/p>\n<p><span style=\"font-weight: bold;\">Talimatlar ve Dozaj: <\/span>Haftada 2 kez 100 Litre akvaryum suyuna 5 ml ekleyin.<\/p>\n<p>&nbsp;<\/p>\n<p><span style=\"font-weight: bold;\">\u0130\u00e7erik : <\/span>Ar\u0131t\u0131lm\u0131\u015f su, biyolojik pigmentlere (biyokromlar) etkisibilinen maj\u00f6r, min\u00f6r ve eser<br \/>\nelementlerin tescilli kar\u0131\u015f\u0131m\u0131.<\/p>\n<p><span style=\"font-weight: bold;\">Boyutlar<\/span> :500 ML<\/p>\n<p>Akvaryum katk\u0131lar\u0131 i\u00e7in, Akvaryum Merkezi olarak bizlere<br \/>\nba\u015fvurabilir, size en uygun ve kaliteli \u00fcr\u00fcnler i\u00e7in bilgi sahibi<br \/>\nolabilirsiniz.<\/p>\n<p>&nbsp;<\/p>\n<\/div>","protected":false},"excerpt":{"rendered":"<p>Brightwell &#8211; KoralColor &#8211; Encourages Increased Coloration in Corals &#8211; Element &#8211; 500 ml \u00dcr\u00fcn Ad\u0131: KoralColor S\u0131n\u0131f\u0131: Element Mevcut<\/p>","protected":false},"featured_media":13063,"comment_status":"closed","ping_status":"open","template":"","meta":[],"pwb-brand":[],"product_brand":[79],"product_cat":[157],"product_tag":[],"class_list":{"0":"post-12548","1":"product","2":"type-product","3":"status-publish","4":"has-post-thumbnail","6":"product_brand-brightwell","7":"product_cat-katkilar","9":"first","10":"instock","11":"purchasable","12":"product-type-simple"},"brands":[],"_links":{"self":[{"href":"https:\/\/aquabluebursa.com\/en\/wp-json\/wp\/v2\/product\/12548","targetHints":{"allow":["GET"]}}],"collection":[{"href":"https:\/\/aquabluebursa.com\/en\/wp-json\/wp\/v2\/product"}],"about":[{"href":"https:\/\/aquabluebursa.com\/en\/wp-json\/wp\/v2\/types\/product"}],"replies":[{"embeddable":true,"href":"https:\/\/aquabluebursa.com\/en\/wp-json\/wp\/v2\/comments?post=12548"}],"wp:featuredmedia":[{"embeddable":true,"href":"https:\/\/aquabluebursa.com\/en\/wp-json\/wp\/v2\/media\/13063"}],"wp:attachment":[{"href":"https:\/\/aquabluebursa.com\/en\/wp-json\/wp\/v2\/media?parent=12548"}],"wp:term":[{"taxonomy":"pwb-brand","embeddable":true,"href":"https:\/\/aquabluebursa.com\/en\/wp-json\/wp\/v2\/pwb-brand?post=12548"},{"taxonomy":"product_brand","embeddable":true,"href":"https:\/\/aquabluebursa.com\/en\/wp-json\/wp\/v2\/product_brand?post=12548"},{"taxonomy":"product_cat","embeddable":true,"href":"https:\/\/aquabluebursa.com\/en\/wp-json\/wp\/v2\/product_cat?post=12548"},{"taxonomy":"product_tag","embeddable":true,"href":"https:\/\/aquabluebursa.com\/en\/wp-json\/wp\/v2\/product_tag?post=12548"}],"curies":[{"name":"wp","href":"https:\/\/api.w.org\/{rel}","templated":true}]}}