{"id":12551,"date":"2026-03-13T20:17:46","date_gmt":"2026-03-13T20:17:46","guid":{"rendered":"https:\/\/aquabluebursa.com\/magaza\/kategorilenmemis\/zksj-reef-royal-6000-dc-variable-pump-kontrol-uniteli-sirkulasyon-pompasi\/"},"modified":"2026-03-13T20:17:47","modified_gmt":"2026-03-13T20:17:47","slug":"zksj-reef-royal-6000-dc-variable-pump-kontrol-uniteli-sirkulasyon-pompasi","status":"publish","type":"product","link":"https:\/\/aquabluebursa.com\/en\/magaza\/kafa-motorlari\/zksj-reef-royal-6000-dc-variable-pump-kontrol-uniteli-sirkulasyon-pompasi\/","title":{"rendered":"ZKSJ &#8211; Reef Royal 6000 DC Variable Pump &#8211; Kontrol \u00dcniteli Sirk\u00fclasyon Pompas\u0131"},"content":{"rendered":"<div><span style=\"font-size: 12pt;\">ZKSJ &#8211; Reef Royal 6000 DC Variable Pump &#8211; Kontrol \u00dcniteli Sirk\u00fclasyon Pompas\u0131\u00a0<\/span><\/div>\n<div><\/div>\n<div><span style=\"font-size: medium;\">Ak\u0131\u015f H\u0131z\u0131: 6000 Litre \/ Saat<\/span><\/div>\n<div><span style=\"font-size: 12pt;\">Su Bas\u0131\u015f Y\u00fcksekli\u011fi: 5 metre<\/span><\/div>\n<div><span style=\"font-size: medium;\">Maks. G\u00fc\u00e7 T\u00fcketimi: 65W<\/span><\/div>\n<div><span style=\"font-size: medium;\">Min. G\u00fc\u00e7 T\u00fcketimi: 20W<\/span><\/div>\n<div><span style=\"font-size: medium;\">Voltaj: DC24V<\/span><\/div>\n<div><span style=\"font-size: medium;\">\u00d6l\u00e7\u00fcler: 164 x 85 x 161 mm<\/span><\/div>\n<div><span style=\"font-size: medium;\">Su Giri\u015f \u00c7ap\u0131: 32 mm<\/span><\/div>\n<div><span style=\"font-size: medium;\">Su \u00c7\u0131k\u0131\u015f \u00c7ap\u0131: 25 \/ 32 mm<\/span><\/div>\n<div><\/div>\n<div><span style=\"color: #ef001b; font-size: 24px;\">MOTOR BLO\u011eU 2 YIL GARANT\u0130L\u0130D\u0130R<\/span><\/div>\n<div><\/div>\n<div><img decoding=\"async\" style=\"margin: 0px;\" src=\"\/class\/INNOVAEditor\/assets\/reef royal dc pump 1.jpg\" alt=\"\" border=\"0\" \/><\/div>","protected":false},"excerpt":{"rendered":"<p>ZKSJ &#8211; Reef Royal 6000 DC Variable Pump &#8211; Kontrol \u00dcniteli Sirk\u00fclasyon Pompas\u0131\u00a0 Ak\u0131\u015f H\u0131z\u0131: 6000 Litre \/ Saat Su<\/p>","protected":false},"featured_media":13068,"comment_status":"closed","ping_status":"open","template":"","meta":[],"pwb-brand":[],"product_brand":[71],"product_cat":[163],"product_tag":[],"class_list":{"0":"post-12551","1":"product","2":"type-product","3":"status-publish","4":"has-post-thumbnail","6":"product_brand-zksj","7":"product_cat-kafa-motorlari","9":"first","10":"instock","11":"purchasable","12":"product-type-simple"},"brands":[],"_links":{"self":[{"href":"https:\/\/aquabluebursa.com\/en\/wp-json\/wp\/v2\/product\/12551","targetHints":{"allow":["GET"]}}],"collection":[{"href":"https:\/\/aquabluebursa.com\/en\/wp-json\/wp\/v2\/product"}],"about":[{"href":"https:\/\/aquabluebursa.com\/en\/wp-json\/wp\/v2\/types\/product"}],"replies":[{"embeddable":true,"href":"https:\/\/aquabluebursa.com\/en\/wp-json\/wp\/v2\/comments?post=12551"}],"wp:featuredmedia":[{"embeddable":true,"href":"https:\/\/aquabluebursa.com\/en\/wp-json\/wp\/v2\/media\/13068"}],"wp:attachment":[{"href":"https:\/\/aquabluebursa.com\/en\/wp-json\/wp\/v2\/media?parent=12551"}],"wp:term":[{"taxonomy":"pwb-brand","embeddable":true,"href":"https:\/\/aquabluebursa.com\/en\/wp-json\/wp\/v2\/pwb-brand?post=12551"},{"taxonomy":"product_brand","embeddable":true,"href":"https:\/\/aquabluebursa.com\/en\/wp-json\/wp\/v2\/product_brand?post=12551"},{"taxonomy":"product_cat","embeddable":true,"href":"https:\/\/aquabluebursa.com\/en\/wp-json\/wp\/v2\/product_cat?post=12551"},{"taxonomy":"product_tag","embeddable":true,"href":"https:\/\/aquabluebursa.com\/en\/wp-json\/wp\/v2\/product_tag?post=12551"}],"curies":[{"name":"wp","href":"https:\/\/api.w.org\/{rel}","templated":true}]}}