{"id":12555,"date":"2026-03-13T20:17:51","date_gmt":"2026-03-13T20:17:51","guid":{"rendered":"https:\/\/aquabluebursa.com\/magaza\/kategorilenmemis\/prodibio-pure-ocean-salt-20-kg-probiotix\/"},"modified":"2026-03-13T20:17:51","modified_gmt":"2026-03-13T20:17:51","slug":"prodibio-pure-ocean-salt-20-kg-probiotix","status":"publish","type":"product","link":"https:\/\/aquabluebursa.com\/en\/magaza\/tuzlar\/prodibio-pure-ocean-salt-20-kg-probiotix\/","title":{"rendered":"Prodibio &#8211; Pure Ocean Salt 20 Kg + Probiotix"},"content":{"rendered":"<div><span style=\"font-size: 12pt;\">Prodibio &#8211; Pure Ocean Salt Deniz Akvaryum Tuzu &#8211; 20 Kg + Probiotix<\/span><\/div>\n<div><\/div>\n<div><span style=\"font-size: 12pt;\">\u00dcr\u00fcn i\u00e7eri\u011fi: 20 kg&#8217;lik Kova, i\u00e7eri\u011finde ayr\u0131ca Prodibio Probiotix \u00fcr\u00fcn\u00fc mevcuttur.<\/span><\/div>\n<div><\/div>\n<div><span style=\"font-size: 12pt;\">\u00dcr\u00fcn a\u00e7\u0131klamas\u0131: PRODIBIO PURE OCEAN SALT \u00fcr\u00fcn\u00fc, \u00e7ok y\u00fcksek safl\u0131kta iz ( trace) elementler ve tuz mineralleri ile zenginle\u015ftirilmi\u015f probiyotik bir deniz akvaryumu tuzudur.<\/span><\/div>\n<div><\/div>\n<div>\n<div><span style=\"font-size: medium;\">Ambalaj i\u00e7eri\u011finde cam t\u00fcpler i\u00e7erisinde &#8220;PRODIBIO PROBIOTIX&#8221; yani probiyotik nitrifikasyon bakterisi \u00fcr\u00fcn\u00fc bulunmaktad\u0131r. Bu bakteri, en ideal deniz akvaryum suyu ko\u015fullar\u0131n\u0131 yaratmaya ve bunun kontrol\u00fcn\u00fc sa\u011flamaya olanak sa\u011flar.<\/span><\/div>\n<\/div>\n<div>\n<div><\/div>\n<div><span style=\"font-size: 12pt;\">SPS sert mercan a\u011f\u0131rl\u0131kl\u0131 ya da kar\u0131\u015f\u0131k t\u00fcrde mercanlar ve bal\u0131k akvaryumlar\u0131 i\u00e7in de ideal bir tuzdur.<\/span><\/div>\n<\/div>\n<div>\n<div><\/div>\n<div><span style=\"font-size: medium;\">PRODIBIO PURE OCEAN SALT deniz akvaryum tuzu 5 ve 20 kg&#8217;lik kovalarda sat\u0131lmaktad\u0131r.<\/span><\/div>\n<\/div>\n<div><span style=\"font-size: medium;\">\u00a0<\/span><\/div>\n<div><img decoding=\"async\" style=\"margin: 0px;\" src=\"\/class\/INNOVAEditor\/assets\/Screenshot_20220317-221457_Drive.jpg\" alt=\"\" border=\"0\" \/><\/div>","protected":false},"excerpt":{"rendered":"<p>Prodibio &#8211; Pure Ocean Salt Deniz Akvaryum Tuzu &#8211; 20 Kg + Probiotix \u00dcr\u00fcn i\u00e7eri\u011fi: 20 kg&#8217;lik Kova, i\u00e7eri\u011finde ayr\u0131ca<\/p>","protected":false},"featured_media":13080,"comment_status":"closed","ping_status":"open","template":"","meta":[],"pwb-brand":[],"product_brand":[88],"product_cat":[162],"product_tag":[],"class_list":{"0":"post-12555","1":"product","2":"type-product","3":"status-publish","4":"has-post-thumbnail","6":"product_brand-prodibio","7":"product_cat-tuzlar","9":"first","10":"outofstock","11":"purchasable","12":"product-type-simple"},"brands":[],"_links":{"self":[{"href":"https:\/\/aquabluebursa.com\/en\/wp-json\/wp\/v2\/product\/12555","targetHints":{"allow":["GET"]}}],"collection":[{"href":"https:\/\/aquabluebursa.com\/en\/wp-json\/wp\/v2\/product"}],"about":[{"href":"https:\/\/aquabluebursa.com\/en\/wp-json\/wp\/v2\/types\/product"}],"replies":[{"embeddable":true,"href":"https:\/\/aquabluebursa.com\/en\/wp-json\/wp\/v2\/comments?post=12555"}],"wp:featuredmedia":[{"embeddable":true,"href":"https:\/\/aquabluebursa.com\/en\/wp-json\/wp\/v2\/media\/13080"}],"wp:attachment":[{"href":"https:\/\/aquabluebursa.com\/en\/wp-json\/wp\/v2\/media?parent=12555"}],"wp:term":[{"taxonomy":"pwb-brand","embeddable":true,"href":"https:\/\/aquabluebursa.com\/en\/wp-json\/wp\/v2\/pwb-brand?post=12555"},{"taxonomy":"product_brand","embeddable":true,"href":"https:\/\/aquabluebursa.com\/en\/wp-json\/wp\/v2\/product_brand?post=12555"},{"taxonomy":"product_cat","embeddable":true,"href":"https:\/\/aquabluebursa.com\/en\/wp-json\/wp\/v2\/product_cat?post=12555"},{"taxonomy":"product_tag","embeddable":true,"href":"https:\/\/aquabluebursa.com\/en\/wp-json\/wp\/v2\/product_tag?post=12555"}],"curies":[{"name":"wp","href":"https:\/\/api.w.org\/{rel}","templated":true}]}}