{"id":12557,"date":"2026-03-13T20:17:54","date_gmt":"2026-03-13T20:17:54","guid":{"rendered":"https:\/\/aquabluebursa.com\/magaza\/kategorilenmemis\/prodibio-essential-ocean-salt-12-kg-probiotix-16-x-750gr\/"},"modified":"2026-03-13T20:17:54","modified_gmt":"2026-03-13T20:17:54","slug":"prodibio-essential-ocean-salt-12-kg-probiotix-16-x-750gr","status":"publish","type":"product","link":"https:\/\/aquabluebursa.com\/en\/magaza\/tuzlar\/prodibio-essential-ocean-salt-12-kg-probiotix-16-x-750gr\/","title":{"rendered":"Prodibio &#8211; Essential Ocean Salt 12 Kg + Probiotix &#8211; 16 x 750gr"},"content":{"rendered":"<div><span style=\"font-size: 12pt;\">Prodibio &#8211; Essential Ocean Salt Deniz Akvaryum Tuzu &#8211; 12 Kg + Probiotix<\/span><\/div>\n<div><\/div>\n<div><span style=\"font-size: 12pt;\">\u00dcr\u00fcn i\u00e7eri\u011fi: 16 adet\u00a0 750&#8217;\u015fer graml\u0131k vakumlu paketler halinde toplam 12 Kg deniz akvaryum tuzu. Kutu i\u00e7eri\u011finde ayr\u0131ca Prodibio Probiotix \u00fcr\u00fcn\u00fc mevcuttur.<\/span><\/div>\n<div><\/div>\n<div>\n<div><span style=\"font-size: 12pt;\">\u00dcr\u00fcn a\u00e7\u0131klamas\u0131: PRODIBIO ESSENTIAL OCEAN SALT en \u00fcst kalitede birinci s\u0131n\u0131f bir deniz akvaryum tuzudur. Bal\u0131k, omurgas\u0131z ve mercan i\u00e7eren akvaryumlar i\u00e7in kullan\u0131ma uygun bir tuzdur.<\/span><\/div>\n<div><\/div>\n<div><span style=\"font-size: 12pt;\">&#8220;Low nutrient&#8221; yani d\u00fc\u015f\u00fck besin sistemli akvaryumlar i\u00e7in de uygun bir tuzdur.<\/span><\/div>\n<div><\/div>\n<div><span style=\"font-size: 12pt;\">T\u00fcm mercan \u00e7e\u015fitleri ve y\u00fcksek yo\u011funluklu bal\u0131k akvaryumlar\u0131 i\u00e7in de ideal bir tuzdur.<\/span><\/div>\n<div><span style=\"font-size: medium;\">\u00a0<\/span><\/div>\n<div><span style=\"font-size: medium;\">Ambalaj i\u00e7eri\u011finde cam t\u00fcpler i\u00e7erisinde &#8220;PRODIBIO PROBIOTIX&#8221; yani probiyotik nitrifikasyon bakterisi \u00fcr\u00fcn\u00fc bulunmaktad\u0131r.\u00a0<\/span><\/div>\n<div><span style=\"font-size: medium;\">\u00a0<\/span><\/div>\n<div><span style=\"font-size: medium;\">PRODIBIO ESSENTIAL OCEANSALT deniz akvaryum tuzu 5 ve 20 kg&#8217;lik kovalarda ya da 12 kg&#8217;lik karton kutu i\u00e7erisinde toplam 16 adet 750&#8217;\u015fer graml\u0131k vakumlu po\u015fetlerden olu\u015fan ambalaj \u015feklinde sat\u0131lmaktad\u0131r.<\/span><\/div>\n<\/div>\n<div><span style=\"font-size: medium;\">\u00a0<\/span><\/div>\n<div><img decoding=\"async\" style=\"margin: 0px;\" src=\"\/class\/INNOVAEditor\/assets\/Screenshot_20220317-221542_Drive.jpg\" alt=\"\" border=\"0\" \/><\/div>","protected":false},"excerpt":{"rendered":"<p>Prodibio &#8211; Essential Ocean Salt Deniz Akvaryum Tuzu &#8211; 12 Kg + Probiotix \u00dcr\u00fcn i\u00e7eri\u011fi: 16 adet\u00a0 750&#8217;\u015fer graml\u0131k vakumlu<\/p>","protected":false},"featured_media":13083,"comment_status":"closed","ping_status":"open","template":"","meta":[],"pwb-brand":[],"product_brand":[88],"product_cat":[162],"product_tag":[],"class_list":{"0":"post-12557","1":"product","2":"type-product","3":"status-publish","4":"has-post-thumbnail","6":"product_brand-prodibio","7":"product_cat-tuzlar","9":"first","10":"outofstock","11":"purchasable","12":"product-type-simple"},"brands":[],"_links":{"self":[{"href":"https:\/\/aquabluebursa.com\/en\/wp-json\/wp\/v2\/product\/12557","targetHints":{"allow":["GET"]}}],"collection":[{"href":"https:\/\/aquabluebursa.com\/en\/wp-json\/wp\/v2\/product"}],"about":[{"href":"https:\/\/aquabluebursa.com\/en\/wp-json\/wp\/v2\/types\/product"}],"replies":[{"embeddable":true,"href":"https:\/\/aquabluebursa.com\/en\/wp-json\/wp\/v2\/comments?post=12557"}],"wp:featuredmedia":[{"embeddable":true,"href":"https:\/\/aquabluebursa.com\/en\/wp-json\/wp\/v2\/media\/13083"}],"wp:attachment":[{"href":"https:\/\/aquabluebursa.com\/en\/wp-json\/wp\/v2\/media?parent=12557"}],"wp:term":[{"taxonomy":"pwb-brand","embeddable":true,"href":"https:\/\/aquabluebursa.com\/en\/wp-json\/wp\/v2\/pwb-brand?post=12557"},{"taxonomy":"product_brand","embeddable":true,"href":"https:\/\/aquabluebursa.com\/en\/wp-json\/wp\/v2\/product_brand?post=12557"},{"taxonomy":"product_cat","embeddable":true,"href":"https:\/\/aquabluebursa.com\/en\/wp-json\/wp\/v2\/product_cat?post=12557"},{"taxonomy":"product_tag","embeddable":true,"href":"https:\/\/aquabluebursa.com\/en\/wp-json\/wp\/v2\/product_tag?post=12557"}],"curies":[{"name":"wp","href":"https:\/\/api.w.org\/{rel}","templated":true}]}}