{"id":12560,"date":"2026-03-13T20:17:58","date_gmt":"2026-03-13T20:17:58","guid":{"rendered":"https:\/\/aquabluebursa.com\/magaza\/kategorilenmemis\/brightwell-rainbocode-125-ml\/"},"modified":"2026-03-13T20:17:58","modified_gmt":"2026-03-13T20:17:58","slug":"brightwell-rainbocode-125-ml","status":"publish","type":"product","link":"https:\/\/aquabluebursa.com\/en\/magaza\/tatli-su-ve-bitki\/brightwell-rainbocode-125-ml\/","title":{"rendered":"Brightwell &#8211; RainboCode 125 ml"},"content":{"rendered":"<div>\n<p>Brightwell &#8211; RainboCode trace mineral supplement for Rainbowfishes &#8211; Trace Element &#8211; 125 ml<\/p>\n<p>&nbsp;<\/p>\n<p>\u00dcr\u00fcn Ad\u0131: RainboCode<\/p>\n<p>S\u0131n\u0131f\u0131: Trace Element<\/p>\n<p>Mevcut Ebatlar: 125 ml<\/p>\n<p>&nbsp;<\/p>\n<p>\u00b7 \u00dcr\u00fcn Bilgisi:<\/p>\n<p>\u00b7 rainbowfish bal\u0131klar ve Tropic<br \/>\nbal\u0131klar i\u00e7in faydal\u0131 oldu\u011fu tespit<br \/>\nedilen eser ve min\u00f6r elementler sa\u011flayan benzersiz kompleks.<\/p>\n<p>\u00b7 Renklendirme i\u00e7in do\u011fal<br \/>\nbiyopigmentleri destekleyen min\u00f6r ve eser elementler i\u00e7erir.<\/p>\n<p>\u00b7 kimyasal filtrasyon (re\u00e7ineler ve<br \/>\naktif karbon gibi )kullan\u0131m\u0131 ile sudan al\u0131nan<br \/>\neser elementleri takviye eder.<\/p>\n<p>\u00b7 Ar\u0131t\u0131lm\u0131\u015f su ve ultra y\u00fcksek safl\u0131kta<br \/>\nmalzemelerden olu\u015fur.<\/p>\n<p>\u00b7 GH veya KH&#8217;yi \u00f6nemli \u00f6l\u00e7\u00fcde art\u0131rmaz.<\/p>\n<p>\u00b7 Rainbowfish ve blue-eyes bal\u0131klar\u0131n\u0131n<br \/>\ndo\u011fal olarak ya\u015fad\u0131\u011f\u0131 sular\u0131n kimyas\u0131 ile bunlar\u0131n eser ve min\u00f6r element<br \/>\ngereksinimleri \u00fczerine kapsaml\u0131 ara\u015ft\u0131rmalardan yararlan\u0131larak form\u00fcle<br \/>\nedilmi\u015ftir.<\/p>\n<p>Talimatlar ve Dozaj<\/p>\n<p>\u00dcr\u00fcn\u00fc kullanmadan \u00f6nce iyice \u00e7alkalay\u0131n.<\/p>\n<p>Her iki g\u00fcnde bir 100 Litre akvaryum suyuna 10 damla \u00fcr\u00fcn<br \/>\nekleyin<\/p>\n<p>.\u0130\u00e7erik: \u00c7inko<br \/>\n(min) 0.015 mg\/oz.; Demir (min) 0,0016 mg\/oz.; Manganez 0.00086 mg\/oz.; (min)<br \/>\nKobalt (min) 0.000086 mg\/oz.<\/p>\n<p>Akvaryum katk\u0131lar\u0131 ve ekipmanlar\u0131 i\u00e7in, Akvaryum Merkezi olarak bizlere<br \/>\nba\u015fvurabilir, size en uygun ve kaliteli \u00fcr\u00fcnler i\u00e7in bilgi sahibi<br \/>\nolabilirsiniz.<\/p>\n<p>&nbsp;<\/p>\n<p>&nbsp;<\/p>\n<\/div>","protected":false},"excerpt":{"rendered":"<p>Brightwell &#8211; RainboCode trace mineral supplement for Rainbowfishes &#8211; Trace Element &#8211; 125 ml &nbsp; \u00dcr\u00fcn Ad\u0131: RainboCode S\u0131n\u0131f\u0131: Trace<\/p>","protected":false},"featured_media":13087,"comment_status":"closed","ping_status":"open","template":"","meta":[],"pwb-brand":[],"product_brand":[79],"product_cat":[159],"product_tag":[],"class_list":{"0":"post-12560","1":"product","2":"type-product","3":"status-publish","4":"has-post-thumbnail","6":"product_brand-brightwell","7":"product_cat-tatli-su-ve-bitki","9":"first","10":"outofstock","11":"purchasable","12":"product-type-simple"},"brands":[],"_links":{"self":[{"href":"https:\/\/aquabluebursa.com\/en\/wp-json\/wp\/v2\/product\/12560","targetHints":{"allow":["GET"]}}],"collection":[{"href":"https:\/\/aquabluebursa.com\/en\/wp-json\/wp\/v2\/product"}],"about":[{"href":"https:\/\/aquabluebursa.com\/en\/wp-json\/wp\/v2\/types\/product"}],"replies":[{"embeddable":true,"href":"https:\/\/aquabluebursa.com\/en\/wp-json\/wp\/v2\/comments?post=12560"}],"wp:featuredmedia":[{"embeddable":true,"href":"https:\/\/aquabluebursa.com\/en\/wp-json\/wp\/v2\/media\/13087"}],"wp:attachment":[{"href":"https:\/\/aquabluebursa.com\/en\/wp-json\/wp\/v2\/media?parent=12560"}],"wp:term":[{"taxonomy":"pwb-brand","embeddable":true,"href":"https:\/\/aquabluebursa.com\/en\/wp-json\/wp\/v2\/pwb-brand?post=12560"},{"taxonomy":"product_brand","embeddable":true,"href":"https:\/\/aquabluebursa.com\/en\/wp-json\/wp\/v2\/product_brand?post=12560"},{"taxonomy":"product_cat","embeddable":true,"href":"https:\/\/aquabluebursa.com\/en\/wp-json\/wp\/v2\/product_cat?post=12560"},{"taxonomy":"product_tag","embeddable":true,"href":"https:\/\/aquabluebursa.com\/en\/wp-json\/wp\/v2\/product_tag?post=12560"}],"curies":[{"name":"wp","href":"https:\/\/api.w.org\/{rel}","templated":true}]}}