{"id":12561,"date":"2026-03-13T20:17:58","date_gmt":"2026-03-13T20:17:58","guid":{"rendered":"https:\/\/aquabluebursa.com\/magaza\/kategorilenmemis\/brightwell-fish-recover-fw-250-ml\/"},"modified":"2026-03-13T20:17:58","modified_gmt":"2026-03-13T20:17:58","slug":"brightwell-fish-recover-fw-250-ml","status":"publish","type":"product","link":"https:\/\/aquabluebursa.com\/en\/magaza\/balik-ve-mercan-bakimi\/brightwell-fish-recover-fw-250-ml\/","title":{"rendered":"Brightwell &#8211; Fish Recover Fw 250 ml"},"content":{"rendered":"<div>\n<p>Brightwell &#8211; Fish Recover Fw (Fresh) natural herbal medication for open sores, redness in fins and body, cloudy eyes, tail and fin rot &#8211; Bal\u0131k Bak\u0131m\u0131 &#8211; 250 ml<\/p>\n<p>&nbsp;<\/p>\n<p>\u00dcr\u00fcn Ad\u0131: Fish Recover-FW<\/p>\n<p>S\u0131n\u0131f\u0131: Bal\u0131k Bak\u0131m\u0131<\/p>\n<p>Mevcut Ebatlar: 125-250 ml<\/p>\n<p>&nbsp;<\/p>\n<p>\u00b7 \u00dcr\u00fcn Bilgisi:<\/p>\n<p>\u00b7 Tatl\u0131 su bal\u0131klar\u0131nda geni\u015f bir<br \/>\nyelpazedeki bakteriyel enfeksiyonlar\u0131n tedavisi i\u00e7in tamamen do\u011fal, botanik<br \/>\n\u00f6zl\u00fc ila\u00e7.<\/p>\n<p>\u00b7 A\u00e7\u0131k yaralar\u0131, \u00fclserasyonlar\u0131,<br \/>\ny\u00fczge\u00e7lerde ve v\u00fccutta k\u0131zar\u0131kl\u0131k, bulutlu g\u00f6zler ve kuyruk ve y\u00fczge\u00e7<br \/>\n\u00e7\u00fcr\u00fcmelerini tedavi eder.<\/p>\n<p>\u00b7 Hastal\u0131k ve stres nedeniyle hasarl\u0131<br \/>\ncilt dokusunun yeniden olu\u015fmas\u0131n\u0131 ve y\u00fczge\u00e7 ve kuyruk kayb\u0131n\u0131n iyle\u015fmesini<br \/>\nh\u0131zla destekler.<\/p>\n<p>\u00b7 Hastal\u0131\u011f\u0131 \u00f6nlemek ve mevcut<br \/>\nenfeksiyonlarla sava\u015fmaya yard\u0131mc\u0131 olmak i\u00e7in bal\u0131\u011f\u0131n ba\u011f\u0131\u015f\u0131kl\u0131k sistemini<br \/>\ndestekler.<\/p>\n<p>\u00b7 T\u00fcm tatl\u0131 su bal\u0131klar\u0131, salyangozlar,<br \/>\nkaridesler ve canl\u0131 bitkiler i\u00e7in g\u00fcvenlidir.<\/p>\n<p>\u00b7 Geleneksel antibiyotik kullan\u0131m\u0131nda<br \/>\ng\u00f6r\u00fcld\u00fc\u011f\u00fc gibi biyolojik filtreyi olumsuz etkilemez.<\/p>\n<p>\u00b7 Akvaryum suyunun rengini bozmaz veya<br \/>\nsu parametrelerini de\u011fi\u015ftirmez.<\/p>\n<p>Talimatlar ve Dozaj<\/p>\n<p>\u00dcr\u00fcn\u00fc kullanmadan \u00f6nce iyice \u00e7alkalay\u0131n. En iyi sonu\u00e7lar\u0131<br \/>\nelde etmek i\u00e7in \u00fcr\u00fcn\u00fc akvaryuma verimli bir \u015fekilde da\u011f\u0131tmak \u00fczere g\u00fc\u00e7l\u00fc su<br \/>\nak\u0131\u015f\u0131 olan bir alana do\u011fru ekleyin. Hastal\u0131k<br \/>\nTedavisi i\u00e7in: Her 40 Litre akvaryum suyu i\u00e7in 5 ml Fish Recover FW ekleyin . Hastal\u0131\u011f\u0131 etkili bir<br \/>\n\u015fekilde ortadan kald\u0131rmak i\u00e7in toplam 7 g\u00fcn boyunca \u00f6nerilen dozda g\u00fcnl\u00fck<br \/>\nekleyin. 7 g\u00fcnl\u00fck tedavi d\u00f6ng\u00fcs\u00fcnden sonra %20 su de\u011fi\u015fimi yap\u0131n. \u0130lk tedavi<br \/>\nd\u00f6ng\u00fcs\u00fcnden sonra hastal\u0131k belirtileri devam ederse, m\u00fcteakip dozlama<br \/>\nuygulanabilir. En iyi sonu\u00e7lar i\u00e7in, , tedavi boyunca aktif karbon ve kimyasal<br \/>\nfiltrasyon re\u00e7inelerini \u00e7\u0131kar\u0131n. Son dozdan sonra karbonu de\u011fi\u015ftirin.<\/p>\n<p>&nbsp;<\/p>\n<p>Hastal\u0131k salg\u0131nlar\u0131n\u0131n<br \/>\n\u00f6nlenmesi i\u00e7in: 40<br \/>\nLitre akvaryum suyu i\u00e7in 1 kapak (5 mL)<br \/>\nFish Recover FW 3 g\u00fcn boyunca akvaryumunuza ekleyin. Her yeni bal\u0131k<br \/>\neklendi\u011finde bu doz, hastal\u0131k salg\u0131nlar\u0131n\u0131n \u00f6nlenmesine yard\u0131mc\u0131 olacakt\u0131r.<\/p>\n<p>Akvaryum katk\u0131lar\u0131 ve ekipmanlar\u0131 i\u00e7in, Akvaryum Merkezi olarak bizlere<br \/>\nba\u015fvurabilir, size en uygun ve kaliteli \u00fcr\u00fcnler i\u00e7in bilgi sahibi olabilirsiniz.<\/p>\n<p>&nbsp;<\/p>\n<p>&nbsp;<\/p>\n<\/div>","protected":false},"excerpt":{"rendered":"<p>Brightwell &#8211; Fish Recover Fw (Fresh) natural herbal medication for open sores, redness in fins and body, cloudy eyes, tail<\/p>","protected":false},"featured_media":13088,"comment_status":"closed","ping_status":"open","template":"","meta":[],"pwb-brand":[],"product_brand":[79],"product_cat":[156],"product_tag":[],"class_list":{"0":"post-12561","1":"product","2":"type-product","3":"status-publish","4":"has-post-thumbnail","6":"product_brand-brightwell","7":"product_cat-balik-ve-mercan-bakimi","9":"first","10":"outofstock","11":"purchasable","12":"product-type-simple"},"brands":[],"_links":{"self":[{"href":"https:\/\/aquabluebursa.com\/en\/wp-json\/wp\/v2\/product\/12561","targetHints":{"allow":["GET"]}}],"collection":[{"href":"https:\/\/aquabluebursa.com\/en\/wp-json\/wp\/v2\/product"}],"about":[{"href":"https:\/\/aquabluebursa.com\/en\/wp-json\/wp\/v2\/types\/product"}],"replies":[{"embeddable":true,"href":"https:\/\/aquabluebursa.com\/en\/wp-json\/wp\/v2\/comments?post=12561"}],"wp:featuredmedia":[{"embeddable":true,"href":"https:\/\/aquabluebursa.com\/en\/wp-json\/wp\/v2\/media\/13088"}],"wp:attachment":[{"href":"https:\/\/aquabluebursa.com\/en\/wp-json\/wp\/v2\/media?parent=12561"}],"wp:term":[{"taxonomy":"pwb-brand","embeddable":true,"href":"https:\/\/aquabluebursa.com\/en\/wp-json\/wp\/v2\/pwb-brand?post=12561"},{"taxonomy":"product_brand","embeddable":true,"href":"https:\/\/aquabluebursa.com\/en\/wp-json\/wp\/v2\/product_brand?post=12561"},{"taxonomy":"product_cat","embeddable":true,"href":"https:\/\/aquabluebursa.com\/en\/wp-json\/wp\/v2\/product_cat?post=12561"},{"taxonomy":"product_tag","embeddable":true,"href":"https:\/\/aquabluebursa.com\/en\/wp-json\/wp\/v2\/product_tag?post=12561"}],"curies":[{"name":"wp","href":"https:\/\/api.w.org\/{rel}","templated":true}]}}