{"id":12563,"date":"2026-03-13T20:18:06","date_gmt":"2026-03-13T20:18:06","guid":{"rendered":"https:\/\/aquabluebursa.com\/magaza\/kategorilenmemis\/brightwell-clarifi-fw-250-ml\/"},"modified":"2026-03-13T20:18:07","modified_gmt":"2026-03-13T20:18:07","slug":"brightwell-clarifi-fw-250-ml","status":"publish","type":"product","link":"https:\/\/aquabluebursa.com\/en\/magaza\/tatli-su-ve-bitki\/brightwell-clarifi-fw-250-ml\/","title":{"rendered":"Brightwell &#8211; Clarifi-FW 250 ml"},"content":{"rendered":"<div>\n<p>Brightwell &#8211; Clarifi-FW &#8211; Advanced Clarifier for all Freshwater and Planted Aquaria &#8211; Su D\u00fczenleyici &#8211; 250 ml<\/p>\n<p>&nbsp;<\/p>\n<p>\u00dcr\u00fcn Ad\u0131: Clarifi-Fw<\/p>\n<p>S\u0131n\u0131f\u0131: Su d\u00fczenleyici<\/p>\n<p>Mevcut Ebatlar: 125-250 ml<\/p>\n<p>&nbsp;<\/p>\n<p>\u00b7 \u00dcr\u00fcn Bilgisi:<\/p>\n<p>\u00b7 Tatl\u0131 su akvaryumlar\u0131nda su berrakl\u0131\u011f\u0131n\u0131<br \/>\niyile\u015ftirmek i\u00e7in ve bulan\u0131k suyu ortadan kald\u0131rmaya yard\u0131mc\u0131 olur.<\/p>\n<p>\u00b7 Akvaryum suyunda as\u0131l\u0131 kalan partik\u00fcl<br \/>\nmalzemeyi ba\u011flayarakmekanik filtrasyon yoluyla sistemden uzakla\u015ft\u0131r\u0131lmas\u0131n\u0131<br \/>\nsa\u011flar.<\/p>\n<p>\u00b7 Tatl\u0131 su akvaryumlar\u0131nda kullan\u0131m<br \/>\ni\u00e7in \u00f6zel olarak form\u00fcle edilmi\u015ftir; deniz akvaryumlar\u0131nda kullan\u0131lmaz.<\/p>\n<p>\u00b7 Her t\u00fcrl\u00fc tatl\u0131 su bal\u0131\u011f\u0131, bitki ve<br \/>\nomurgas\u0131z ile kullan\u0131m i\u00e7in g\u00fcvenlidir<\/p>\n<p>Talimatlar ve Dozaj<\/p>\n<p>Kullanmadan \u00f6nce \u015fi\u015feyi \u00e7alkalay\u0131n. A\u015f\u0131r\u0131, kal\u0131c\u0131 bulan\u0131kl\u0131\u011fa<br \/>\nneden olabilecek \u015fekilde akvaryuma &#8220;serbest\u00e7e d\u00f6kmeyin&#8221;. Mikroalg<br \/>\npatlamalar\u0131ndan kaynaklanan bulan\u0131kl\u0131k oksijen \u00fcretimi ve karbondioksit al\u0131m\u0131<br \/>\nazald\u0131k\u00e7a pH&#8217;\u0131n d\u00fc\u015fmesine neden olabilir; bu nedenle, kullan\u0131mdan \u00f6nce<br \/>\nalkalinitenin en az 2 dKH \u00f6l\u00e7t\u00fc\u011f\u00fcn\u00fczden emin olun ve \u0131\u015f\u0131klar\u0131 kapand\u0131ktan sonra<br \/>\nekleme yapmay\u0131n.<\/p>\n<p>Flok\u00fclasyon i\u015fleminin tamamlanmas\u0131 i\u00e7in en az 12 saat<br \/>\nbekleyin; gerekirse 24 saat i\u00e7inde yeniden dozlama yap\u0131n. \u00d6nerilen maksimum<br \/>\nkullan\u0131m, 5 g\u00fcnl\u00fck s\u00fcre i\u00e7in iki kezdir.<\/p>\n<p>\u00d6nerilen 40 Litre akvaryum suyuna 1 ml dir<\/p>\n<p>\u0130\u00e7erik: Polielektrolitler.<\/p>\n<p>Akvaryum katk\u0131lar\u0131 ve ekipmanlar\u0131 i\u00e7in, Akvaryum Merkezi olarak bizlere<br \/>\nba\u015fvurabilir, size en uygun ve kaliteli \u00fcr\u00fcnler i\u00e7in bilgi sahibi<br \/>\nolabilirsiniz.<\/p>\n<p>&nbsp;<\/p>\n<p>&nbsp;<\/p>\n<\/div>","protected":false},"excerpt":{"rendered":"<p>Brightwell &#8211; Clarifi-FW &#8211; Advanced Clarifier for all Freshwater and Planted Aquaria &#8211; Su D\u00fczenleyici &#8211; 250 ml &nbsp; \u00dcr\u00fcn<\/p>","protected":false},"featured_media":13090,"comment_status":"closed","ping_status":"open","template":"","meta":[],"pwb-brand":[],"product_brand":[79],"product_cat":[159],"product_tag":[],"class_list":{"0":"post-12563","1":"product","2":"type-product","3":"status-publish","4":"has-post-thumbnail","6":"product_brand-brightwell","7":"product_cat-tatli-su-ve-bitki","9":"first","10":"outofstock","11":"purchasable","12":"product-type-simple"},"brands":[],"_links":{"self":[{"href":"https:\/\/aquabluebursa.com\/en\/wp-json\/wp\/v2\/product\/12563","targetHints":{"allow":["GET"]}}],"collection":[{"href":"https:\/\/aquabluebursa.com\/en\/wp-json\/wp\/v2\/product"}],"about":[{"href":"https:\/\/aquabluebursa.com\/en\/wp-json\/wp\/v2\/types\/product"}],"replies":[{"embeddable":true,"href":"https:\/\/aquabluebursa.com\/en\/wp-json\/wp\/v2\/comments?post=12563"}],"wp:featuredmedia":[{"embeddable":true,"href":"https:\/\/aquabluebursa.com\/en\/wp-json\/wp\/v2\/media\/13090"}],"wp:attachment":[{"href":"https:\/\/aquabluebursa.com\/en\/wp-json\/wp\/v2\/media?parent=12563"}],"wp:term":[{"taxonomy":"pwb-brand","embeddable":true,"href":"https:\/\/aquabluebursa.com\/en\/wp-json\/wp\/v2\/pwb-brand?post=12563"},{"taxonomy":"product_brand","embeddable":true,"href":"https:\/\/aquabluebursa.com\/en\/wp-json\/wp\/v2\/product_brand?post=12563"},{"taxonomy":"product_cat","embeddable":true,"href":"https:\/\/aquabluebursa.com\/en\/wp-json\/wp\/v2\/product_cat?post=12563"},{"taxonomy":"product_tag","embeddable":true,"href":"https:\/\/aquabluebursa.com\/en\/wp-json\/wp\/v2\/product_tag?post=12563"}],"curies":[{"name":"wp","href":"https:\/\/api.w.org\/{rel}","templated":true}]}}