{"id":12567,"date":"2026-03-13T20:18:10","date_gmt":"2026-03-13T20:18:10","guid":{"rendered":"https:\/\/aquabluebursa.com\/magaza\/kategorilenmemis\/brightwell-cichlidcode-250-ml\/"},"modified":"2026-03-13T20:18:10","modified_gmt":"2026-03-13T20:18:10","slug":"brightwell-cichlidcode-250-ml","status":"publish","type":"product","link":"https:\/\/aquabluebursa.com\/en\/magaza\/tatli-su-ve-bitki\/brightwell-cichlidcode-250-ml\/","title":{"rendered":"Brightwell &#8211; CichlidCode 250 ml"},"content":{"rendered":"<div>\n<p>Brightwell &#8211; CichlidCode trace mineral supplement for African Cichlids &#8211; Trace Element &#8211; 250 ml<\/p>\n<p>&nbsp;<\/p>\n<p>\u00dcr\u00fcn Ad\u0131: CichlidCode<\/p>\n<p>S\u0131n\u0131f\u0131: Trace Element<\/p>\n<p>Mevcut Ebatlar: 125-250 ml<\/p>\n<p>&nbsp;<\/p>\n<p>\u00b7 \u00dcr\u00fcn Bilgisi:<\/p>\n<p>\u00b7 Victoria, Malawi ve Tanganika<br \/>\nG\u00f6llerine \u00f6zg\u00fc \u00e7iklitler ve di\u011fer bal\u0131klar i\u00e7in faydal\u0131 oldu\u011fu tespit edilen<br \/>\neser ve k\u00fc\u00e7\u00fck elementler sa\u011flayan benzersiz kompleks.<\/p>\n<p>\u00b7 Renklendirme i\u00e7in do\u011fal<br \/>\nbiyopigmentleri destekleyen min\u00f6r ve eser elementler i\u00e7erir.<\/p>\n<p>\u00b7 Kimyasal filtrasyon (re\u00e7ineler ve<br \/>\naktif karbon gibi) yoluyla kaybolan k\u00fc\u00e7\u00fck ve eser elementlerin tamamlar.<\/p>\n<p>\u00b7 Ar\u0131t\u0131lm\u0131\u015f su ve ultra y\u00fcksek safl\u0131kta<br \/>\nmalzemelerden olu\u015fur.<\/p>\n<p>\u00b7 GH veya KH&#8217;yi \u00f6nemli \u00f6l\u00e7\u00fcde art\u0131rmaz.<\/p>\n<p>\u00b7 Victoria, Malawi ve Tanganika<br \/>\nG\u00f6llerinin kimyas\u0131 ve bu canl\u0131lar\u0131n ihtiya\u00e7 duydu\u011fu min\u00f6r element gereksinimleri<br \/>\nincelenerek \u00fczerine kapsaml\u0131 ara\u015ft\u0131rmalar sonunda form\u00fcle edilmi\u015ftir<\/p>\n<p>Talimatlar ve Dozaj<\/p>\n<p>\u00dcr\u00fcn\u00fc kullanmadan \u00f6nce iyice \u00e7alkalay\u0131n.<\/p>\n<p>Victoria G\u00f6l\u00fc: Her g\u00fcn 100 Litre akvaryum suyuna 5<br \/>\ndamla \u00fcr\u00fcn ekleyin.<\/p>\n<p>Malavi G\u00f6l\u00fc: \u0130ki g\u00fcnde bir 100 Litre akvaryum<br \/>\nsuyuna 10 damla \u00fcr\u00fcn ekleyin.<\/p>\n<p>Tanganyika G\u00f6l\u00fc: \u0130ki g\u00fcnde bir 100 Litre akvaryum<br \/>\nsuyuna 15 damla \u00fcr\u00fcn ekleyin.<\/p>\n<p>Boyutlar :125-250 ml<\/p>\n<p>Akvaryum katk\u0131lar\u0131 ve ekipmanlar\u0131 i\u00e7in, Akvaryum Merkezi olarak bizlere<br \/>\nba\u015fvurabilir, size en uygun ve kaliteli \u00fcr\u00fcnler i\u00e7in bilgi sahibi<br \/>\nolabilirsiniz.<\/p>\n<p>&nbsp;<\/p>\n<p>&nbsp;<\/p>\n<\/div>","protected":false},"excerpt":{"rendered":"<p>Brightwell &#8211; CichlidCode trace mineral supplement for African Cichlids &#8211; Trace Element &#8211; 250 ml &nbsp; \u00dcr\u00fcn Ad\u0131: CichlidCode S\u0131n\u0131f\u0131:<\/p>","protected":false},"featured_media":13094,"comment_status":"closed","ping_status":"open","template":"","meta":[],"pwb-brand":[],"product_brand":[79],"product_cat":[159],"product_tag":[],"class_list":{"0":"post-12567","1":"product","2":"type-product","3":"status-publish","4":"has-post-thumbnail","6":"product_brand-brightwell","7":"product_cat-tatli-su-ve-bitki","9":"first","10":"outofstock","11":"purchasable","12":"product-type-simple"},"brands":[],"_links":{"self":[{"href":"https:\/\/aquabluebursa.com\/en\/wp-json\/wp\/v2\/product\/12567","targetHints":{"allow":["GET"]}}],"collection":[{"href":"https:\/\/aquabluebursa.com\/en\/wp-json\/wp\/v2\/product"}],"about":[{"href":"https:\/\/aquabluebursa.com\/en\/wp-json\/wp\/v2\/types\/product"}],"replies":[{"embeddable":true,"href":"https:\/\/aquabluebursa.com\/en\/wp-json\/wp\/v2\/comments?post=12567"}],"wp:featuredmedia":[{"embeddable":true,"href":"https:\/\/aquabluebursa.com\/en\/wp-json\/wp\/v2\/media\/13094"}],"wp:attachment":[{"href":"https:\/\/aquabluebursa.com\/en\/wp-json\/wp\/v2\/media?parent=12567"}],"wp:term":[{"taxonomy":"pwb-brand","embeddable":true,"href":"https:\/\/aquabluebursa.com\/en\/wp-json\/wp\/v2\/pwb-brand?post=12567"},{"taxonomy":"product_brand","embeddable":true,"href":"https:\/\/aquabluebursa.com\/en\/wp-json\/wp\/v2\/product_brand?post=12567"},{"taxonomy":"product_cat","embeddable":true,"href":"https:\/\/aquabluebursa.com\/en\/wp-json\/wp\/v2\/product_cat?post=12567"},{"taxonomy":"product_tag","embeddable":true,"href":"https:\/\/aquabluebursa.com\/en\/wp-json\/wp\/v2\/product_tag?post=12567"}],"curies":[{"name":"wp","href":"https:\/\/api.w.org\/{rel}","templated":true}]}}