{"id":12570,"date":"2026-03-13T20:18:13","date_gmt":"2026-03-13T20:18:13","guid":{"rendered":"https:\/\/aquabluebursa.com\/magaza\/kategorilenmemis\/brightwell-florinaxis-125-ml\/"},"modified":"2026-03-13T20:18:14","modified_gmt":"2026-03-13T20:18:14","slug":"brightwell-florinaxis-125-ml","status":"publish","type":"product","link":"https:\/\/aquabluebursa.com\/en\/magaza\/tatli-su-ve-bitki\/brightwell-florinaxis-125-ml\/","title":{"rendered":"Brightwell &#8211; FlorinAxis 125 ml"},"content":{"rendered":"<div>\n<p>Brightwell &#8211; FlorinAxis Carbon Source &#038; Krebs for Planted Freshwater Aquaria &#8211; Florin Katk\u0131s\u0131 &#8211; 125 ml<\/p>\n<p>&nbsp;<\/p>\n<p>\u00dcr\u00fcn Ad\u0131: FlorinAxis<\/p>\n<p>S\u0131n\u0131f\u0131: Florin katk\u0131s\u0131<\/p>\n<p>Mevcut Ebatlar: 125 ml<\/p>\n<p>&nbsp;<\/p>\n<p>\u00b7 \u00dcr\u00fcn Bilgisi:<\/p>\n<p>\u00b7 Biyolojik olarak Konsantre karbon<br \/>\nkayna\u011f\u0131, fitohormonlar.<\/p>\n<p>\u00b7 Ek karbon kayna\u011f\u0131 (CO2 takviyesi ile uyumlu).<\/p>\n<p>\u00b7 T\u00fcm aerobik organizmalar\u0131n ve organik<br \/>\nmolek\u00fcllerin temel bile\u015fenlerini<\/p>\n<p>\u00b7 Bitkilerin demir, kalsiyum, magnezyum<br \/>\nvb. gibi \u00f6nemli besin maddelerini almas\u0131na yard\u0131mc\u0131 olan ve hatta bu maddelerin<br \/>\nakvaryum ortam\u0131ndaki kullan\u0131labilirli\u011fini art\u0131rabilen do\u011fal kaynaklar\u0131.<\/p>\n<p>\u00b7 Sucul bitkilerin besin gereksinimleri<br \/>\nve Molek\u00fcler Biyolojisi \u00fczerine yap\u0131lan ara\u015ft\u0131rmalardan yararlan\u0131larak form\u00fcle<br \/>\nedilmi\u015ftir.<\/p>\n<p>Talimatlar ve Dozaj<\/p>\n<p>\u0130lk 3 &#8211; 5 haftal\u0131k kullan\u0131m i\u00e7in, her 190 Litre akvaryum suyu<br \/>\ni\u00e7in haftada bir kez 5 ml (1 kapak dolusu) \u00fcr\u00fcn ekleyin; bitkilerin alg\u0131lanan<br \/>\nbesin ihtiya\u00e7lar\u0131na ba\u011fl\u0131 olarak daha sonra dozu art\u0131r\u0131n.<\/p>\n<p>Boyutlar :125 ml<\/p>\n<p>Akvaryum katk\u0131lar\u0131 ve ekipmanlar\u0131 i\u00e7in, Akvaryum Merkezi olarak bizlere<br \/>\nba\u015fvurabilir, size en uygun ve kaliteli \u00fcr\u00fcnler i\u00e7in bilgi sahibi<br \/>\nolabilirsiniz.<\/p>\n<p>&nbsp;<\/p>\n<p>&nbsp;<\/p>\n<\/div>","protected":false},"excerpt":{"rendered":"<p>Brightwell &#8211; FlorinAxis Carbon Source &#038; Krebs for Planted Freshwater Aquaria &#8211; Florin Katk\u0131s\u0131 &#8211; 125 ml &nbsp; \u00dcr\u00fcn Ad\u0131:<\/p>","protected":false},"featured_media":13097,"comment_status":"closed","ping_status":"open","template":"","meta":[],"pwb-brand":[],"product_brand":[79],"product_cat":[159],"product_tag":[],"class_list":{"0":"post-12570","1":"product","2":"type-product","3":"status-publish","4":"has-post-thumbnail","6":"product_brand-brightwell","7":"product_cat-tatli-su-ve-bitki","9":"first","10":"outofstock","11":"purchasable","12":"product-type-simple"},"brands":[],"_links":{"self":[{"href":"https:\/\/aquabluebursa.com\/en\/wp-json\/wp\/v2\/product\/12570","targetHints":{"allow":["GET"]}}],"collection":[{"href":"https:\/\/aquabluebursa.com\/en\/wp-json\/wp\/v2\/product"}],"about":[{"href":"https:\/\/aquabluebursa.com\/en\/wp-json\/wp\/v2\/types\/product"}],"replies":[{"embeddable":true,"href":"https:\/\/aquabluebursa.com\/en\/wp-json\/wp\/v2\/comments?post=12570"}],"wp:featuredmedia":[{"embeddable":true,"href":"https:\/\/aquabluebursa.com\/en\/wp-json\/wp\/v2\/media\/13097"}],"wp:attachment":[{"href":"https:\/\/aquabluebursa.com\/en\/wp-json\/wp\/v2\/media?parent=12570"}],"wp:term":[{"taxonomy":"pwb-brand","embeddable":true,"href":"https:\/\/aquabluebursa.com\/en\/wp-json\/wp\/v2\/pwb-brand?post=12570"},{"taxonomy":"product_brand","embeddable":true,"href":"https:\/\/aquabluebursa.com\/en\/wp-json\/wp\/v2\/product_brand?post=12570"},{"taxonomy":"product_cat","embeddable":true,"href":"https:\/\/aquabluebursa.com\/en\/wp-json\/wp\/v2\/product_cat?post=12570"},{"taxonomy":"product_tag","embeddable":true,"href":"https:\/\/aquabluebursa.com\/en\/wp-json\/wp\/v2\/product_tag?post=12570"}],"curies":[{"name":"wp","href":"https:\/\/api.w.org\/{rel}","templated":true}]}}