{"id":12572,"date":"2026-03-13T20:18:17","date_gmt":"2026-03-13T20:18:17","guid":{"rendered":"https:\/\/aquabluebursa.com\/magaza\/kategorilenmemis\/brightwell-microbacterstartxlf-pro-60-ml\/"},"modified":"2026-03-13T20:18:17","modified_gmt":"2026-03-13T20:18:17","slug":"brightwell-microbacterstartxlf-pro-60-ml","status":"publish","type":"product","link":"https:\/\/aquabluebursa.com\/en\/magaza\/bakteri-kulturleri\/brightwell-microbacterstartxlf-pro-60-ml\/","title":{"rendered":"Brightwell &#8211; Micr\u014dBacterSTARTXLF Pro 60 ml"},"content":{"rendered":"<div>\n<p>Brightwell &#8211; Micr\u014dBacterSTARTXLF &#8211; Professional 15X Strong FW Nitrifying Tank Starter Bacteria Culture &#8211; Bakteri k\u00fclt\u00fcr\u00fc &#8211; 60 ml<\/p>\n<p>&nbsp;<\/p>\n<p><span style=\"font-weight: bold;\">\u00dcr\u00fcn Ad\u0131:<\/span> MicroBacter StartXLM<\/p>\n<p><span style=\"font-weight: bold;\">S\u0131n\u0131f\u0131:<\/span> Bakteri<br \/>\nk\u00fclt\u00fcr\u00fc<\/p>\n<p><span style=\"font-weight: bold;\">Mevcut Ebatlar<\/span>: 60 \u2013125 ML<\/p>\n<p>&nbsp;<\/p>\n<p><span style=\"font-weight: bold;\">\u00dcr\u00fcn Bilgisi:<\/span><\/p>\n<p>\u00b7 Yeni akvaryum kurulumlar\u0131nda son<br \/>\nderece h\u0131zl\u0131 bir \u015fekilde biyolojik filtrasyon olu\u015fturmak ve mevcut sistemlerde<br \/>\nnitrifikasyon oran\u0131n\u0131 art\u0131rmak i\u00e7in \u00f6zel olarak form\u00fcle edilmi\u015f, patojenik<br \/>\nolmayan 15 kat daha g\u00fc\u00e7l\u00fc bakteri S\u00fcspansiyonu.<\/p>\n<p>\u00b7 Acil bir durumlarda nitrifikasyon<br \/>\nbakterilerini h\u0131zla yeniden olu\u015fturmak i\u00e7in son derece kullan\u0131\u015fl\u0131d\u0131r.<\/p>\n<p>\u00b7 \u00d6zellikle y\u00fcksek yo\u011funlu\u011fa sahip<br \/>\nakvaryumlarda ve yeni bal\u0131k eklerken kullan\u0131\u015fl\u0131d\u0131r.<\/p>\n<p>\u00b7 Kayalar\u0131 ve y\u00fczeyleri temizledikten<br \/>\nve ila\u00e7 kulland\u0131ktan sonra nitrifikasyon bakterilerinin yeniden olu\u015fmas\u0131na<br \/>\nyard\u0131mc\u0131 olur.<\/p>\n<p>\u00b7 Amonyak ve nitritin h\u0131zl\u0131 ortadan<br \/>\nkald\u0131r\u0131r.<\/p>\n<p>\u00b7 Yeni Tank Sendromunu\u201d \u00f6nler.<\/p>\n<p>\u00b7 Mikrobiyologlar taraf\u0131ndan kapsaml\u0131<br \/>\nveriler kullan\u0131larak form\u00fcle edilmi\u015ftir.<\/p>\n<p><span style=\"font-weight: bold;\">A\u00e7\u0131klama:<\/span><\/p>\n<p>Micr\u014dBacter Start XLMher t\u00fcr deniz ve tuzlu su<br \/>\nakvaryumunda nitrifikasyon bakterileriolu\u015fturur ve \u00f6zellikle yeni ba\u015flayanlar i\u00e7in kullan\u0131\u015fl\u0131d\u0131r. Talimatlara uyulursa, ba\u015fka bakteri k\u00fclt\u00fcr\u00fc veya<br \/>\ntoksik hi\u00e7bir \u015fey eklenmezse, yakla\u015f\u0131k 7 g\u00fcn i\u00e7inde d\u00f6ng\u00fcy\u00fc olu\u015fturur.<br \/>\nPatojenik olmayan nitrifikasyon bakteri etkisi ile, toksik amonyak ve nitriti do\u011fal<br \/>\nolarak h\u0131zla uzakla\u015ft\u0131r\u0131r. Bu \u00fcr\u00fcn son derece g\u00fc\u00e7l\u00fc olmas\u0131na ra\u011fmen, akvaryum<br \/>\nacil durumlar\u0131nda dozaj\u0131n\u0131n 5 kat\u0131na<br \/>\nkadar a\u015f\u0131r\u0131 doz kullan\u0131labilir. \u00c7okyo\u011fun akvaryumlarda, kaya nakli yap\u0131lan durumlarda veya ani bal\u0131k<br \/>\n\u00f6l\u00fcmleri ya\u015fanan durumlarda, amonya\u011f\u0131n \u00e7ok h\u0131zl\u0131 bir \u015fekilde uzakla\u015ft\u0131r\u0131lmas\u0131<br \/>\ni\u00e7in kullanabilirsiniz.<\/p>\n<p>&nbsp;<\/p>\n<p><span style=\"font-weight: bold;\">Tavsiyeler:<\/span><\/p>\n<p>Ba\u015fka bakteri k\u00fclt\u00fcrleri ile (probiyotik) asla beraber<br \/>\nkullanmay\u0131n.<\/p>\n<p>Canl\u0131 kumdan gelebilecek fark\u0131 bakteri k\u00fclt\u00fcrleri d\u00f6ng\u00fcye<br \/>\nzarar verir. Tavsiyemiz kuru kum kullan\u0131n.<\/p>\n<p>En etkili d\u00f6ng\u00fc olu\u015fumu i\u00e7in kuru kaya kullan\u0131n\u0131z. Islak<br \/>\ncanl\u0131 kayalardan gelebilecek farkl\u0131 bakteri k\u00fclt\u00fcrleri d\u00f6ng\u00fcye zarar verebilir.<\/p>\n<p><span style=\"font-weight: bold;\">Talimatlar ve Dozaj:<\/span><\/p>\n<p>Yeni akvaryumlarda Biyolojik<br \/>\nFiltrasyon ba\u015flatmak i\u00e7in: 100 Litre Akvaryum i\u00e7in 30 ml (6 kap dolusu) Micr\u014dBacter<br \/>\nStart XLM ekleyin. Herhangi bir filtre torbas\u0131 kullanmay\u0131n., UV<br \/>\nsterilizasyonunu, ozon veya protein skimmer&#8217;\u0131 bu \u00fcr\u00fcn\u00fc dozlamay\u0131 bitirene kadar<br \/>\nt\u00fcm d\u00f6ng\u00fc boyunca kapat\u0131n. 7 g\u00fcn veya daha uzun bir s\u00fcre sonra, amonyak , nitrit seviyelerinin s\u0131f\u0131r olmas\u0131 ve<br \/>\nnitrat\u0131n s\u0131f\u0131r\u0131n \u00fczerinde olmas\u0131 durumunda d\u00f6ng\u00fc tamamlanm\u0131\u015f olacakt\u0131r. Amonyak veya nitrit seviyeleri s\u0131f\u0131r\u0131n<br \/>\n\u00fczerindeyse, hen\u00fcz nitrojen d\u00f6ng\u00fc<br \/>\ntamamlanmam\u0131\u015ft\u0131r ve bal\u0131k eklememelisiniz.<\/p>\n<p><span style=\"font-weight: bold;\">\u0130\u00e7erik :<\/span><\/p>\n<p>Ar\u0131t\u0131lm\u0131\u015f su, do\u011fal enzimlerin ve<br \/>\npatojenik olmayan, faydal\u0131 mikroorganizmalar\u0131n tescilli kar\u0131\u015f\u0131m\u0131.<\/p>\n<p><span style=\"font-weight: bold;\">Boyutlar<\/span> : 60 \u2013 125 ML<\/p>\n<p>Akvaryum katk\u0131lar\u0131 i\u00e7in, Akvaryum Merkezi olarak bizlere<br \/>\nba\u015fvurabilir, size en uygun ve kaliteli \u00fcr\u00fcnler i\u00e7in bilgi sahibi<br \/>\nolabilirsiniz.<\/p>\n<p>&nbsp;<\/p>\n<p>&nbsp;<\/p>\n<\/div>","protected":false},"excerpt":{"rendered":"<p>Brightwell &#8211; Micr\u014dBacterSTARTXLF &#8211; Professional 15X Strong FW Nitrifying Tank Starter Bacteria Culture &#8211; Bakteri k\u00fclt\u00fcr\u00fc &#8211; 60 ml &nbsp;<\/p>","protected":false},"featured_media":13099,"comment_status":"closed","ping_status":"open","template":"","meta":[],"pwb-brand":[],"product_brand":[79],"product_cat":[158],"product_tag":[],"class_list":{"0":"post-12572","1":"product","2":"type-product","3":"status-publish","4":"has-post-thumbnail","6":"product_brand-brightwell","7":"product_cat-bakteri-kulturleri","9":"first","10":"outofstock","11":"purchasable","12":"product-type-simple"},"brands":[],"_links":{"self":[{"href":"https:\/\/aquabluebursa.com\/en\/wp-json\/wp\/v2\/product\/12572","targetHints":{"allow":["GET"]}}],"collection":[{"href":"https:\/\/aquabluebursa.com\/en\/wp-json\/wp\/v2\/product"}],"about":[{"href":"https:\/\/aquabluebursa.com\/en\/wp-json\/wp\/v2\/types\/product"}],"replies":[{"embeddable":true,"href":"https:\/\/aquabluebursa.com\/en\/wp-json\/wp\/v2\/comments?post=12572"}],"wp:featuredmedia":[{"embeddable":true,"href":"https:\/\/aquabluebursa.com\/en\/wp-json\/wp\/v2\/media\/13099"}],"wp:attachment":[{"href":"https:\/\/aquabluebursa.com\/en\/wp-json\/wp\/v2\/media?parent=12572"}],"wp:term":[{"taxonomy":"pwb-brand","embeddable":true,"href":"https:\/\/aquabluebursa.com\/en\/wp-json\/wp\/v2\/pwb-brand?post=12572"},{"taxonomy":"product_brand","embeddable":true,"href":"https:\/\/aquabluebursa.com\/en\/wp-json\/wp\/v2\/product_brand?post=12572"},{"taxonomy":"product_cat","embeddable":true,"href":"https:\/\/aquabluebursa.com\/en\/wp-json\/wp\/v2\/product_cat?post=12572"},{"taxonomy":"product_tag","embeddable":true,"href":"https:\/\/aquabluebursa.com\/en\/wp-json\/wp\/v2\/product_tag?post=12572"}],"curies":[{"name":"wp","href":"https:\/\/api.w.org\/{rel}","templated":true}]}}