{"id":12573,"date":"2026-03-13T20:18:17","date_gmt":"2026-03-13T20:18:17","guid":{"rendered":"https:\/\/aquabluebursa.com\/magaza\/kategorilenmemis\/brightwell-vitamarin-c-125-ml\/"},"modified":"2026-03-13T20:18:17","modified_gmt":"2026-03-13T20:18:17","slug":"brightwell-vitamarin-c-125-ml","status":"publish","type":"product","link":"https:\/\/aquabluebursa.com\/en\/magaza\/katkilar\/brightwell-vitamarin-c-125-ml\/","title":{"rendered":"Brightwell &#8211; Vitamarin-C 125 ml"},"content":{"rendered":"<div>\n<p>Brightwell &#8211; Vitamarin-C &#8211; Vitamin-C Supplement for all Marine Aquaria &#8211; Vitamin &#8211; 125 ml<\/p>\n<p>&nbsp;<\/p>\n<p><span style=\"font-weight: bold;\">\u00dcr\u00fcn Ad\u0131:<\/span> Vitamarin-C<\/p>\n<p><span style=\"font-weight: bold;\">S\u0131n\u0131f\u0131:<\/span> Vitamin<\/p>\n<p><span style=\"font-weight: bold;\">Mevcut Ebatlar<\/span>: 125 ml<\/p>\n<p>&nbsp;<\/p>\n<p>\u00b7 <span style=\"font-weight: bold;\">\u00dcr\u00fcn Bilgisi:<\/span><\/p>\n<p>\u00b7 Y\u00fcksek konsantrasyonlu C vitamini<br \/>\nsol\u00fcsyonu.<\/p>\n<p>\u00b7 Belirtildi\u011fi \u015fekilde kullan\u0131ld\u0131\u011f\u0131nda<br \/>\npH&#8217;\u0131 etkilemez.<\/p>\n<p>\u00b7 Rakip \u00fcr\u00fcnlerden daha g\u00fc\u00e7l\u00fc.<\/p>\n<p>\u00b7 Vitamin-C, doku geli\u015fimi ve ba\u011f\u0131\u015f\u0131kl\u0131k sistemine yard\u0131mc\u0131<br \/>\nolur.<\/p>\n<p>\u00b7 T\u00fcm akvaryum sakinlerine fayda<br \/>\nsa\u011flamak i\u00e7in tasarlanm\u0131\u015ft\u0131r.<\/p>\n<p>\u00b7 Mercan \u00fcremesinde kullan\u0131ma \u00e7ok<br \/>\nuygundur.<\/p>\n<p>\u00b7 So\u011futma gerektirmez.<\/p>\n<p>\u00b7 Ar\u0131t\u0131lm\u0131\u015f su ve ultra y\u00fcksek safl\u0131kta<br \/>\nbile\u015fenlerden olu\u015fur.<\/p>\n<p>\u00b7 Bir deniz bilimcisi taraf\u0131ndan<br \/>\nform\u00fcle edilmi\u015ftir.<\/p>\n<p>Talimatlar ve Dozaj<\/p>\n<p><span style=\"font-weight: bold;\">Yemleri takviye etmek<br \/>\ni\u00e7in kullan\u0131l\u0131yorsa (\u00f6nerilen):<\/span> Yemleri k\u00fc\u00e7\u00fck bir<br \/>\nkase veya fincan gibi temiz bir kaba koyun ve \u0131slanacak \u015fekilde V\u012btamarin-C<br \/>\nekleyin . Beslemeden \u00f6nce en az 5 dakika ge\u00e7mesine izin verin, vitaminlerin<br \/>\ng\u0131da taraf\u0131ndan tamamen emilmesi i\u00e7in yeterli zaman sa\u011flay\u0131n. S\u0131v\u0131 g\u0131da yemler<br \/>\ni\u00e7in , 10 ml yem i\u00e7in 1 ml (yakla\u015f\u0131k 8 damla) V\u012btamarin-C eklenerek<br \/>\ng\u00fc\u00e7lendirebilirsiniz. Beslemeden \u00f6nce 5 dakika ge\u00e7mesine izin verin.<\/p>\n<p><span style=\"font-weight: bold;\">Do\u011frudan<br \/>\nakvaryum suyuna ekleniyorsa<\/span> : \u0130lk<br \/>\nd\u00f6rt hafta boyunca her 75 Litre suya 2 ml (yakla\u015f\u0131k 16 damla) V\u012btamarin-C<br \/>\nekleyerek ba\u015flay\u0131n ; bu, her g\u00fcn 75 Litre ba\u015f\u0131na yakla\u015f\u0131k 2 damla eklenmesine<br \/>\nkar\u015f\u0131l\u0131k gelir. Ard\u0131ndan, takip eden d\u00f6rt hafta boyunca haftal\u0131k dozu kademeli<br \/>\nolarak 75 Litre ba\u015f\u0131na 4 ml&#8217;ye y\u00fckseltin ve bu dozu koruyun. [Not:<br \/>\nV\u012btamarin-C&#8217;yi Brightwell Aquatics V\u012btamarin-M ile birlikte kullan\u0131yorsan\u0131z,<br \/>\ndozlar\u0131 %50 azalt\u0131n.] D\u00fc\u015f\u00fck dozda ba\u015flamak hayvanlara herhangi bir zarar vermez<br \/>\nve g\u00f6r\u00fcn\u00fcm\u00fcndeki ince de\u011fi\u015fiklikleri fark etmenizi sa\u011flar. \u00fcr\u00fcn\u00fcn etkinli\u011fini<br \/>\nve ihtiyac\u0131n\u0131 g\u00f6steren sistem.<\/p>\n<p>&nbsp;<\/p>\n<\/div>","protected":false},"excerpt":{"rendered":"<p>Brightwell &#8211; Vitamarin-C &#8211; Vitamin-C Supplement for all Marine Aquaria &#8211; Vitamin &#8211; 125 ml &nbsp; \u00dcr\u00fcn Ad\u0131: Vitamarin-C S\u0131n\u0131f\u0131:<\/p>","protected":false},"featured_media":13100,"comment_status":"closed","ping_status":"open","template":"","meta":[],"pwb-brand":[],"product_brand":[79],"product_cat":[157],"product_tag":[],"class_list":{"0":"post-12573","1":"product","2":"type-product","3":"status-publish","4":"has-post-thumbnail","6":"product_brand-brightwell","7":"product_cat-katkilar","9":"first","10":"instock","11":"purchasable","12":"product-type-simple"},"brands":[],"_links":{"self":[{"href":"https:\/\/aquabluebursa.com\/en\/wp-json\/wp\/v2\/product\/12573","targetHints":{"allow":["GET"]}}],"collection":[{"href":"https:\/\/aquabluebursa.com\/en\/wp-json\/wp\/v2\/product"}],"about":[{"href":"https:\/\/aquabluebursa.com\/en\/wp-json\/wp\/v2\/types\/product"}],"replies":[{"embeddable":true,"href":"https:\/\/aquabluebursa.com\/en\/wp-json\/wp\/v2\/comments?post=12573"}],"wp:featuredmedia":[{"embeddable":true,"href":"https:\/\/aquabluebursa.com\/en\/wp-json\/wp\/v2\/media\/13100"}],"wp:attachment":[{"href":"https:\/\/aquabluebursa.com\/en\/wp-json\/wp\/v2\/media?parent=12573"}],"wp:term":[{"taxonomy":"pwb-brand","embeddable":true,"href":"https:\/\/aquabluebursa.com\/en\/wp-json\/wp\/v2\/pwb-brand?post=12573"},{"taxonomy":"product_brand","embeddable":true,"href":"https:\/\/aquabluebursa.com\/en\/wp-json\/wp\/v2\/product_brand?post=12573"},{"taxonomy":"product_cat","embeddable":true,"href":"https:\/\/aquabluebursa.com\/en\/wp-json\/wp\/v2\/product_cat?post=12573"},{"taxonomy":"product_tag","embeddable":true,"href":"https:\/\/aquabluebursa.com\/en\/wp-json\/wp\/v2\/product_tag?post=12573"}],"curies":[{"name":"wp","href":"https:\/\/api.w.org\/{rel}","templated":true}]}}