{"id":12574,"date":"2026-03-13T20:18:17","date_gmt":"2026-03-13T20:18:17","guid":{"rendered":"https:\/\/aquabluebursa.com\/magaza\/kategorilenmemis\/brightwell-vitamarin-m-125-ml\/"},"modified":"2026-03-13T20:18:17","modified_gmt":"2026-03-13T20:18:17","slug":"brightwell-vitamarin-m-125-ml","status":"publish","type":"product","link":"https:\/\/aquabluebursa.com\/en\/magaza\/katkilar\/brightwell-vitamarin-m-125-ml\/","title":{"rendered":"Brightwell &#8211; Vitamarin-M 125 ml"},"content":{"rendered":"<div>\n<p>Brightwell &#8211; Vitamarin-M &#8211; Multivitamin Supplement for all Marine Aquaria &#8211; Vitamin &#8211; 125 ml<\/p>\n<p>&nbsp;<\/p>\n<p>\u00dcr\u00fcn Ad\u0131: Vitamarin-M<\/p>\n<p>S\u0131n\u0131f\u0131: Vitamin<\/p>\n<p>Mevcut Ebatlar: 125 ml<\/p>\n<p>&nbsp;<\/p>\n<p>\u00b7 \u00dcr\u00fcn Bilgisi:<\/p>\n<p>\u00b7 Deniz bal\u0131klar\u0131, mercanlar ve di\u011fer<br \/>\nomurgas\u0131zlar i\u00e7in form\u00fcle edilmi\u015f tam spektrumlu vitamin takviyesi.<\/p>\n<p>\u00b7 Filtre ile beslenen deniz<br \/>\nomurgas\u0131zlar\u0131n\u0131n, plankton ile beslenen bir\u00e7ok resif sakini taraf\u0131ndan<br \/>\nt\u00fcketilen organizmalar\u0131n dokular\u0131nda bulunan vitaminleri sa\u011flar.<\/p>\n<p>\u00b7 So\u011futma gerektirmez.<\/p>\n<p>\u00b7 Ar\u0131t\u0131lm\u0131\u015f su ve ultra y\u00fcksek safl\u0131kta<br \/>\nmalzemelerden olu\u015fur.<\/p>\n<p>\u00b7 Bir deniz bilimcisi taraf\u0131ndan<br \/>\nform\u00fcle edilmi\u015ftir.<\/p>\n<p>Talimatlar ve Dozaj<\/p>\n<p>Yemleri takviye etmek<br \/>\ni\u00e7in kullan\u0131l\u0131yorsa (\u00f6nerilen): Yemleri k\u00fc\u00e7\u00fck bir kase veya fincan gibi temiz bir kaba<br \/>\nkoyun ve yetecek kadar V\u012btamarin-M ekleyin . Beslemeden \u00f6nce en az 5 dakika<br \/>\nge\u00e7mesine izin verin, vitaminlerin g\u0131da taraf\u0131ndan tamamen emilmesi i\u00e7in<br \/>\nyeterli zaman sa\u011flay\u0131n. S\u0131v\u0131 g\u0131da yemler i\u00e7in , 10 ml yem e 1 ml (yakla\u015f\u0131k 8<br \/>\ndamla) V\u012btamarin-M ekleyerek g\u00fc\u00e7lendirebilirsiniz .<\/p>\n<p>Do\u011frudan akvaryum suyuna ekliyorsan\u0131z: \u0130lk d\u00f6rt haftal\u0131k<br \/>\nkullan\u0131m i\u00e7in haftada bir 75 Litre suya 2 ml (yakla\u015f\u0131k 16 damla) V\u012btamarin-M<br \/>\nekleyerek ba\u015flay\u0131n; Ard\u0131ndan, takip eden d\u00f6rt hafta boyunca haftal\u0131k dozu<br \/>\nkademeli olarak 75 litre ba\u015f\u0131na 4 ml&#8217;ye y\u00fckseltin ve bu dozu koruyun. [Not:<br \/>\nV\u012btamarin-M&#8217;yi Brightwell Aquatics Koralle-VM ile birlikte kullan\u0131yorsan\u0131z ,<br \/>\ndozlar\u0131 %50 azalt\u0131n.] D\u00fc\u015f\u00fck dozda ba\u015flamak hayvanlara herhangi bir zarar vermez<br \/>\nve g\u00f6r\u00fcn\u00fcm\u00fcndeki k\u00fc\u00e7\u00fck de\u011fi\u015fiklikleri fark etmenizi sa\u011flar.<\/p>\n<p>&nbsp;<\/p>\n<p>&nbsp;<\/p>\n<p>\u0130\u00e7erik:<\/p>\n<p>Saf su, Askorbik asit, Niasin, dl-a-tokoferol asetat,<br \/>\nKalsiyum pantotenat, Tiamin hidroklor\u00fcr, Riboflavin, Piridoksin hidroklor\u00fcr,<br \/>\nKolekalsiferol, Vitamin-A propiyonat, Siyanokobalamin, Folik asit, Biotin,<br \/>\nMenadione dimetilpirimidinol<\/p>\n<p>Boyutlar : 125 ml<\/p>\n<p>Akvaryum katk\u0131lar\u0131 ve ekipmanlar\u0131 i\u00e7in, Akvaryum Merkezi olarak bizlere<br \/>\nba\u015fvurabilir, size en uygun ve kaliteli \u00fcr\u00fcnler i\u00e7in bilgi sahibi<br \/>\nolabilirsiniz.<\/p>\n<p>&nbsp;<\/p>\n<\/div>","protected":false},"excerpt":{"rendered":"<p>Brightwell &#8211; Vitamarin-M &#8211; Multivitamin Supplement for all Marine Aquaria &#8211; Vitamin &#8211; 125 ml &nbsp; \u00dcr\u00fcn Ad\u0131: Vitamarin-M S\u0131n\u0131f\u0131:<\/p>","protected":false},"featured_media":13101,"comment_status":"closed","ping_status":"open","template":"","meta":[],"pwb-brand":[],"product_brand":[79],"product_cat":[157],"product_tag":[],"class_list":{"0":"post-12574","1":"product","2":"type-product","3":"status-publish","4":"has-post-thumbnail","6":"product_brand-brightwell","7":"product_cat-katkilar","9":"first","10":"instock","11":"purchasable","12":"product-type-simple"},"brands":[],"_links":{"self":[{"href":"https:\/\/aquabluebursa.com\/en\/wp-json\/wp\/v2\/product\/12574","targetHints":{"allow":["GET"]}}],"collection":[{"href":"https:\/\/aquabluebursa.com\/en\/wp-json\/wp\/v2\/product"}],"about":[{"href":"https:\/\/aquabluebursa.com\/en\/wp-json\/wp\/v2\/types\/product"}],"replies":[{"embeddable":true,"href":"https:\/\/aquabluebursa.com\/en\/wp-json\/wp\/v2\/comments?post=12574"}],"wp:featuredmedia":[{"embeddable":true,"href":"https:\/\/aquabluebursa.com\/en\/wp-json\/wp\/v2\/media\/13101"}],"wp:attachment":[{"href":"https:\/\/aquabluebursa.com\/en\/wp-json\/wp\/v2\/media?parent=12574"}],"wp:term":[{"taxonomy":"pwb-brand","embeddable":true,"href":"https:\/\/aquabluebursa.com\/en\/wp-json\/wp\/v2\/pwb-brand?post=12574"},{"taxonomy":"product_brand","embeddable":true,"href":"https:\/\/aquabluebursa.com\/en\/wp-json\/wp\/v2\/product_brand?post=12574"},{"taxonomy":"product_cat","embeddable":true,"href":"https:\/\/aquabluebursa.com\/en\/wp-json\/wp\/v2\/product_cat?post=12574"},{"taxonomy":"product_tag","embeddable":true,"href":"https:\/\/aquabluebursa.com\/en\/wp-json\/wp\/v2\/product_tag?post=12574"}],"curies":[{"name":"wp","href":"https:\/\/api.w.org\/{rel}","templated":true}]}}