{"id":12577,"date":"2026-03-13T20:18:21","date_gmt":"2026-03-13T20:18:21","guid":{"rendered":"https:\/\/aquabluebursa.com\/magaza\/kategorilenmemis\/brightwell-koralle-vm-500-ml\/"},"modified":"2026-03-13T20:18:22","modified_gmt":"2026-03-13T20:18:22","slug":"brightwell-koralle-vm-500-ml","status":"publish","type":"product","link":"https:\/\/aquabluebursa.com\/en\/magaza\/katkilar\/brightwell-koralle-vm-500-ml\/","title":{"rendered":"Brightwell &#8211; K\u014dralle-VM 500 ml"},"content":{"rendered":"<div>\n<p>Brightwell &#8211; K\u014dralle-VM &#8211; Vitamin &#038; Mineral Supplement for Corals, Clams etc. &#8211; Amino Asit &#8211; 500 ml<\/p>\n<p>&nbsp;<\/p>\n<p><span style=\"font-weight: bold;\">\u00dcr\u00fcn Ad\u0131:<\/span> Koralle-VM<\/p>\n<\/p>\n<p>S\u0131n\u0131f\u0131: Element-vitamin<\/p>\n<p><span style=\"font-weight: bold;\">Mevcut Ebatlar<\/span>: 125-250-500 ml<\/p>\n<p>&nbsp;<\/p>\n<p>\u00b7 <span style=\"font-weight: bold;\">\u00dcr\u00fcn Bilgisi:<\/span><\/p>\n<p>\u00b7 Mercanlar, istiridyeler ve deniz<br \/>\nomurgas\u0131zlar\u0131 i\u00e7in \u00f6nemli olan maddeleri olu\u015fturmak ve de\u011fi\u015ftirmek i\u00e7in<br \/>\nbenzersiz vitamin ve min\u00f6r ve eser element kompleksi.<\/p>\n<p>\u00b7 Deniz organizmalar\u0131 taraf\u0131ndan<br \/>\nkullan\u0131ld\u0131\u011f\u0131 veya kimyasal etkile\u015fimlerde uygun olmayan eser elementler<br \/>\ni\u00e7ermez.<\/p>\n<p>\u00b7 Ar\u0131t\u0131lm\u0131\u015f su ve ultra y\u00fcksek safl\u0131kta<br \/>\nbile\u015fenlerden olu\u015fur.<\/p>\n<p>\u00b7 Bir deniz bilimcisi taraf\u0131ndan<br \/>\nform\u00fcle edilmi\u015ftir.<\/p>\n<p><span style=\"font-weight: bold;\"><\/span><\/p>\n<p><span style=\"font-weight: bold;\">Talimatlar ve Dozaj<\/span><\/p>\n<p>O\u015finograflar taraf\u0131ndan deniz suyunda tespit edilen,<br \/>\n\u00e7o\u011funlukla istiridyeler ve omurgas\u0131zlar<br \/>\ntaraf\u0131ndan kullan\u0131lan baz\u0131 micro elementler ve besinler tespit edilmi\u015ftir.Bu elementler, bu t\u00fcr<br \/>\nbeslenmeye ihtiya\u00e7 duyan canl\u0131lar\u0131n enzimatik ve vitamin sentezi reaksiyonlar\u0131<br \/>\ni\u00e7in \u00e7ok \u00f6nemlidir; Bir \u00e7ok filtreleme yolu ile beslenen canl\u0131larda bu<br \/>\nelement ve besinler hayatidir. K\u014dralle-VM,<br \/>\nbu elementleri ve besini sa\u011flayacak bir dizi form\u00fcl ile \u00fcretilmi\u015ftir.<\/p>\n<p>Kullanmadan \u00f6nce iyice \u00e7alkalay\u0131n. \u0130lk d\u00f6rt haftal\u0131k kullan\u0131m<br \/>\ni\u00e7in, 100 litre akvaryum suyu i\u00e7in 5 ml<br \/>\n(1 kapak dolusu) ekleyin; daha sonra, istenirse dozaj\u0131 yava\u015f yava\u015f 10 ml&#8217;ye kadar<br \/>\ny\u00fckseltebilirsiniz. Unutulmamal\u0131d\u0131r ki pek \u00e7ok akvaryumda canl\u0131 \u00e7e\u015fitlili\u011fi ve<br \/>\nkullan\u0131m ihtiya\u00e7lar\u0131 de\u011fi\u015fkenlik g\u00f6sterebilece\u011finden do\u011fru miktar ve dozu sizin<br \/>\nbelirlemeniz \u00fcr\u00fcn\u00fc maksimum verimlilikte kullanman\u0131z\u0131 sa\u011flayacakt\u0131r.<\/p>\n<p><span style=\"font-weight: bold;\">\u0130\u00e7erik: <\/span>Ar\u0131t\u0131lm\u0131\u015f su, Baryum Tuzlar\u0131,<br \/>\nVanadyum, \u00c7inko, Nikel, Krom, Demir, Manganez ve Vitaminler: Askorbik asit,<br \/>\nNiasin, dl-a-tokoferol asetat, Kalsiyum pantotenat, Tiamin hidroklor\u00fcr,<br \/>\nRiboflavin, Piridoksin hidroklor\u00fcr, Kolekalsiferol, Vitamin- Bir propiyonat,<br \/>\nSiyanokobalamin, Folik asit, Biotin, Menadione dimetilpirimidinol<span style=\"font-weight: bold;\"><\/span><\/p>\n<p><span style=\"font-weight: bold;\">Boyutlar<\/span> : 125-250-500 ml<\/p>\n<p>Akvaryum katk\u0131lar\u0131 ve ekipmanlar\u0131 i\u00e7in, Akvaryum Merkezi olarak bizlere<br \/>\nba\u015fvurabilir, size en uygun ve kaliteli \u00fcr\u00fcnler i\u00e7in bilgi sahibi<br \/>\nolabilirsiniz.<\/p>\n<p><\/p>\n<p>&nbsp;<\/p>\n<\/div>","protected":false},"excerpt":{"rendered":"<p>Brightwell &#8211; K\u014dralle-VM &#8211; Vitamin &#038; Mineral Supplement for Corals, Clams etc. &#8211; Amino Asit &#8211; 500 ml &nbsp; \u00dcr\u00fcn<\/p>","protected":false},"featured_media":13104,"comment_status":"closed","ping_status":"open","template":"","meta":[],"pwb-brand":[],"product_brand":[79],"product_cat":[157],"product_tag":[],"class_list":{"0":"post-12577","1":"product","2":"type-product","3":"status-publish","4":"has-post-thumbnail","6":"product_brand-brightwell","7":"product_cat-katkilar","9":"first","10":"outofstock","11":"purchasable","12":"product-type-simple"},"brands":[],"_links":{"self":[{"href":"https:\/\/aquabluebursa.com\/en\/wp-json\/wp\/v2\/product\/12577","targetHints":{"allow":["GET"]}}],"collection":[{"href":"https:\/\/aquabluebursa.com\/en\/wp-json\/wp\/v2\/product"}],"about":[{"href":"https:\/\/aquabluebursa.com\/en\/wp-json\/wp\/v2\/types\/product"}],"replies":[{"embeddable":true,"href":"https:\/\/aquabluebursa.com\/en\/wp-json\/wp\/v2\/comments?post=12577"}],"wp:featuredmedia":[{"embeddable":true,"href":"https:\/\/aquabluebursa.com\/en\/wp-json\/wp\/v2\/media\/13104"}],"wp:attachment":[{"href":"https:\/\/aquabluebursa.com\/en\/wp-json\/wp\/v2\/media?parent=12577"}],"wp:term":[{"taxonomy":"pwb-brand","embeddable":true,"href":"https:\/\/aquabluebursa.com\/en\/wp-json\/wp\/v2\/pwb-brand?post=12577"},{"taxonomy":"product_brand","embeddable":true,"href":"https:\/\/aquabluebursa.com\/en\/wp-json\/wp\/v2\/product_brand?post=12577"},{"taxonomy":"product_cat","embeddable":true,"href":"https:\/\/aquabluebursa.com\/en\/wp-json\/wp\/v2\/product_cat?post=12577"},{"taxonomy":"product_tag","embeddable":true,"href":"https:\/\/aquabluebursa.com\/en\/wp-json\/wp\/v2\/product_tag?post=12577"}],"curies":[{"name":"wp","href":"https:\/\/api.w.org\/{rel}","templated":true}]}}