{"id":12581,"date":"2026-03-13T20:18:30","date_gmt":"2026-03-13T20:18:30","guid":{"rendered":"https:\/\/aquabluebursa.com\/magaza\/kategorilenmemis\/brightwell-garlic-power-30-ml\/"},"modified":"2026-03-13T20:18:30","modified_gmt":"2026-03-13T20:18:30","slug":"brightwell-garlic-power-30-ml","status":"publish","type":"product","link":"https:\/\/aquabluebursa.com\/en\/magaza\/balik-ve-mercan-bakimi\/brightwell-garlic-power-30-ml\/","title":{"rendered":"Brightwell &#8211; Garlic Power 30 ml"},"content":{"rendered":"<div>\n<p>Brightwell &#8211; Garlic Power &#8211; Concentrated Garlic Supplement for Marine Fishes &#8211; Amino Asit &#8211; 30 ml<\/p>\n<p>&nbsp;<\/p>\n<p>\u00dcr\u00fcn Ad\u0131: CoralAmino<\/p>\n<p>S\u0131n\u0131f\u0131: Amino Asit<\/p>\n<p>Mevcut Ebatlar: 30-60 ml<\/p>\n<p>&nbsp;<\/p>\n<p>\u00b7 \u00dcr\u00fcn Bilgisi:<\/p>\n<p>&nbsp;<\/p>\n<p>\u00b7 \u00d6ncelikli bal\u0131klar\u0131n yemlerine<br \/>\neklemek ve besin de\u011ferini art\u0131rmak i\u00e7in \u00e7i\u011f sar\u0131msak deste\u011fi.<\/p>\n<p>\u00b7 Koruyucu olarak az miktarda C vitamini i\u00e7eren \u00e7i\u011f sar\u0131msak<br \/>\n\u00f6z\u00fcnden olu\u015fur.<\/p>\n<p>\u00b7 So\u011futma gerektirmez.<\/p>\n<p>\u00b7 Bir deniz bilimcisi taraf\u0131ndan<br \/>\nform\u00fcle edilmi\u015ftir.<\/p>\n<p>&nbsp;<\/p>\n<p>Akvaryumlarda, \u00f6zellikle parazitlerle zorluk ya\u015fayan sistemlerde,<br \/>\nsar\u0131msak kullan\u0131m\u0131 bal\u0131klar\u0131n ba\u011f\u0131\u015f\u0131kl\u0131k<br \/>\nsistemini desteklemesi ile bal\u0131\u011f\u0131n hastal\u0131klara kar\u015f\u0131 daha diren\u00e7li olmalar\u0131n\u0131<br \/>\nsa\u011flarlar. Bu \u00fcr\u00fcn ila\u00e7 olarak<br \/>\n\u00fcretilmemi\u015ftir. Bal\u0131klara kulland\u0131\u011f\u0131n\u0131z yemleri az miktarda GarlicPower<br \/>\nile birka\u00e7 dakika bekleterek vermeniz<br \/>\ncanl\u0131lar\u0131n sa\u011fl\u0131klar\u0131n\u0131 korunmas\u0131 \u00fczerinde ciddi faydas\u0131 olacakt\u0131r.<\/p>\n<p>&nbsp;<\/p>\n<p>Talimatlar ve Dozaj<\/p>\n<p>\u00dcr\u00fcn\u00fc kullanmadan \u00f6nce iyice \u00e7alkalay\u0131n. Yiyecekleri k\u00fc\u00e7\u00fck<br \/>\nbir kase veya fincan gibi temiz bir kaba koyun ve uygun miktarda(15-20 bal\u0131\u011f\u0131n<br \/>\nbeslendi\u011fi bir akvaryumda 3 damla) Garlic Power \u0131 ekleyin. Beslemeden \u00f6nce en az 5 dakika<br \/>\nbekleyin ve \u00fcr\u00fcn\u00fcn g\u0131da taraf\u0131ndan tamamen emildi\u011finden emin olun. Yemlerinizi<br \/>\nakvaryum boyunca rastgele da\u011f\u0131lmas\u0131na izin vermek yerine hedef bal\u0131klar\u0131n hemen<br \/>\nt\u00fcketebilece\u011fi alana do\u011fru yapman\u0131z daha \u00e7ok verim alman\u0131z\u0131 ve suyun daha az<br \/>\nkirlenmesini sa\u011flayacakt\u0131r<\/p>\n<p>&nbsp;<\/p>\n<p>\u0130\u00e7erik:<\/p>\n<p>Sar\u0131msak \u00f6z\u00fc, Askorbik asit<\/p>\n<p>Boyutlar : 30-60 ml<\/p>\n<p>Akvaryum katk\u0131lar\u0131 ve ekipmanlar\u0131 i\u00e7in, Akvaryum Merkezi olarak bizlere<br \/>\nba\u015fvurabilir, size en uygun ve kaliteli \u00fcr\u00fcnler i\u00e7in bilgi sahibi<br \/>\nolabilirsiniz.<\/p>\n<p>&nbsp;<\/p>\n<p>&nbsp;<\/p>\n<\/div>","protected":false},"excerpt":{"rendered":"<p>Brightwell &#8211; Garlic Power &#8211; Concentrated Garlic Supplement for Marine Fishes &#8211; Amino Asit &#8211; 30 ml &nbsp; \u00dcr\u00fcn Ad\u0131:<\/p>","protected":false},"featured_media":13108,"comment_status":"closed","ping_status":"open","template":"","meta":[],"pwb-brand":[],"product_brand":[79],"product_cat":[156],"product_tag":[],"class_list":{"0":"post-12581","1":"product","2":"type-product","3":"status-publish","4":"has-post-thumbnail","6":"product_brand-brightwell","7":"product_cat-balik-ve-mercan-bakimi","9":"first","10":"instock","11":"purchasable","12":"product-type-simple"},"brands":[],"_links":{"self":[{"href":"https:\/\/aquabluebursa.com\/en\/wp-json\/wp\/v2\/product\/12581","targetHints":{"allow":["GET"]}}],"collection":[{"href":"https:\/\/aquabluebursa.com\/en\/wp-json\/wp\/v2\/product"}],"about":[{"href":"https:\/\/aquabluebursa.com\/en\/wp-json\/wp\/v2\/types\/product"}],"replies":[{"embeddable":true,"href":"https:\/\/aquabluebursa.com\/en\/wp-json\/wp\/v2\/comments?post=12581"}],"wp:featuredmedia":[{"embeddable":true,"href":"https:\/\/aquabluebursa.com\/en\/wp-json\/wp\/v2\/media\/13108"}],"wp:attachment":[{"href":"https:\/\/aquabluebursa.com\/en\/wp-json\/wp\/v2\/media?parent=12581"}],"wp:term":[{"taxonomy":"pwb-brand","embeddable":true,"href":"https:\/\/aquabluebursa.com\/en\/wp-json\/wp\/v2\/pwb-brand?post=12581"},{"taxonomy":"product_brand","embeddable":true,"href":"https:\/\/aquabluebursa.com\/en\/wp-json\/wp\/v2\/product_brand?post=12581"},{"taxonomy":"product_cat","embeddable":true,"href":"https:\/\/aquabluebursa.com\/en\/wp-json\/wp\/v2\/product_cat?post=12581"},{"taxonomy":"product_tag","embeddable":true,"href":"https:\/\/aquabluebursa.com\/en\/wp-json\/wp\/v2\/product_tag?post=12581"}],"curies":[{"name":"wp","href":"https:\/\/api.w.org\/{rel}","templated":true}]}}