{"id":12583,"date":"2026-03-13T20:18:30","date_gmt":"2026-03-13T20:18:30","guid":{"rendered":"https:\/\/aquabluebursa.com\/magaza\/kategorilenmemis\/brightwell-angelixir-125-ml\/"},"modified":"2026-03-13T20:18:30","modified_gmt":"2026-03-13T20:18:30","slug":"brightwell-angelixir-125-ml","status":"publish","type":"product","link":"https:\/\/aquabluebursa.com\/en\/magaza\/katkilar\/brightwell-angelixir-125-ml\/","title":{"rendered":"Brightwell &#8211; AngeLixir 125 ml"},"content":{"rendered":"<div>\n<p>Brightwell &#8211; AngeLixir &#8211; Food Soak for Spongivorous Marine Fishes &#8211; Amino Asitler &#8211; 125 ml<\/p>\n<p>&nbsp;<\/p>\n<p><span style=\"font-weight: bold;\">\u00dcr\u00fcn Ad\u0131:<\/span> AngeLixir<\/p>\n<p><span style=\"font-weight: bold;\">S\u0131n\u0131f\u0131:<\/span> Amino Asitler<\/p>\n<p><span style=\"font-weight: bold;\">Mevcut Ebatlar<\/span>: 125 ml<\/p>\n<p>&nbsp;<\/p>\n<p>\u00b7 <span style=\"font-weight: bold;\">\u00dcr\u00fcn Bilgisi:<\/span><\/p>\n<p>\u00b7 Deniz S\u00fcngerlerinin dokular\u0131nda bulunan serbest bi\u00e7imli amino<br \/>\nasitler kompleksi.<\/p>\n<p>\u00b7 \u0130\u015ftah art\u0131rmak ve bal\u0131k yemlerinin<br \/>\nprotein y\u00fczdesini art\u0131rmak i\u00e7in do\u011fal cezbedici maddeler ve deniz kaynakl\u0131<br \/>\nproteinlerden \u00fcretilmi\u015ftir.<\/p>\n<p>\u00b7 Angel, Butterfly, Morish \u0130dolleri dahil<br \/>\nolmak \u00fczere diyetleri b\u00fcy\u00fck \u00f6l\u00e7\u00fcde s\u00fcngerlerden olu\u015fan t\u00fcm bal\u0131klar i\u00e7in<br \/>\nfaydal\u0131d\u0131r.<\/p>\n<p><span style=\"font-weight: bold;\">Serbest bi\u00e7imli amino asitler<\/span>:<\/p>\n<p>1. Renklenmeyi te\u015fvik eder.<\/p>\n<p>2. Yeni doku olu\u015fumunu ve protein yap\u0131 ta\u015flar\u0131n\u0131 te\u015fvik eder.<\/p>\n<p>3. Bal\u0131k kavgalar\u0131 veya yumurtlama d\u00f6nemlerinde olu\u015fan yaralar\u0131n iyile\u015fmesine<br \/>\nyard\u0131mc\u0131 olmak i\u00e7in doku yenilemesini te\u015fvik eder.<\/p>\n<p>S\u00fcnger dokusu analizi ve deniz bal\u0131klar\u0131 k\u00fclt\u00fcr\u00fcne dayal\u0131 olarak form\u00fcle<br \/>\nedilmi\u015ftir.<\/p>\n<p><span style=\"font-weight: bold;\">Talimatlar ve Dozaj<\/span><\/p>\n<p>Akvaryumlar\u0131m\u0131za yeni bir bal\u0131k ekledi\u011fimizde , ilk 7 &#8211; 10<br \/>\ng\u00fcn kritik bir d\u00f6nemdir: Bal\u0131\u011f\u0131n yakalama y\u00f6ntemine ve aklimasyon durumuna ve belki de en \u00f6nemlisi t\u00fcr\u00fcn beslenme<br \/>\ngereksinimlerine ba\u011fl\u0131 olarak baz\u0131 bal\u0131klar beslenmeyi reddedebilir. Bal\u0131\u011f\u0131n birka\u00e7<br \/>\ng\u00fcn boyunca yem almamas\u0131 enerji<br \/>\nrezervlerini t\u00fcketir ve hastal\u0131\u011fa<br \/>\nyakalanma riskini art\u0131r\u0131r. Bu nedenle bal\u0131\u011f\u0131n m\u00fcmk\u00fcn olan en k\u0131sa s\u00fcrede uygun<br \/>\nbir yem yemesini sa\u011flamak hayati \u00f6nem ta\u015f\u0131maktad\u0131r. Baz\u0131 t\u00fcrler bu konuda<br \/>\ndi\u011ferlerinden daha problemlidir; \u00e7e\u015fitli Angel, Butterfly ve Morish \u0130dol t\u00fcrleri \u00f6zellikle yem alma konusunda<br \/>\nse\u00e7ici olabilirler. AngeLixir, beslenme tepkisini art\u0131r\u0131 ve \u00f6nemli amino asitler sa\u011flar. g\u0131dalardaki<br \/>\nprotein konsantrasyonunu art\u0131rmak i\u00e7in deniz proteinleri sa\u011flaman\u0131n yan\u0131 s\u0131ra<br \/>\n(\u00f6zellikle v\u00fccut k\u00fctlesini kaybetmi\u015f bal\u0131klar i\u00e7in faydal\u0131d\u0131r). Bununla<br \/>\nbirlikte, yiyeceklerin lezzetini ve beslenmesini iyile\u015ftirmenin ve t\u00fcm bal\u0131k<br \/>\nt\u00fcrlerinin tan\u0131d\u0131k olmayan yiyecekleri kabul etme \u015fans\u0131n\u0131 art\u0131rman\u0131n etkili bir<br \/>\nyoludur.<\/p>\n<p>AngeLixir, do\u011fal ve haz\u0131r g\u0131dalar taraf\u0131ndan kolayca emilir.<br \/>\nHer kullan\u0131mdan \u00f6nce i\u00e7 \u015fi\u015feyi iyice \u00e7alkalay\u0131n<\/p>\n<p><span style=\"font-weight: bold;\">Kurutulmu\u015f g\u0131dalar\u0131 g\u00fc\u00e7lendirmek i\u00e7in :<\/span> Bal\u0131k yeminizi k\u00fc\u00e7\u00fck bir kase veya fincan gibi temiz bir kaba<br \/>\nkoyun ve doymaya yetecek kadar AngeLixir ekleyin. 5 dakika ge\u00e7tikten sonra<br \/>\nbesleyin. Bal\u0131klar\u0131n yeterli besin ald\u0131\u011f\u0131ndan emin olmak i\u00e7in g\u00fcnde \u00fc\u00e7 &#8211; be\u015f<br \/>\nkez tekrarlay\u0131n.<\/p>\n<p><span style=\"font-weight: bold;\">Do\u011fal dondurulmu\u015f g\u0131dalar\u0131 g\u00fc\u00e7lendirmek i\u00e7in<\/span>: Yiyecekleri, \u00e7\u00f6z\u00fclene ve i\u00e7inde donmu\u015f oldu\u011fu<br \/>\n\u00e7\u00f6zelti at\u0131lana kadar akan so\u011fuk musluk suyu alt\u0131nda iyice durulay\u0131n. Ard\u0131ndan,<br \/>\ng\u0131dadaki fazla s\u0131v\u0131y\u0131 m\u00fcmk\u00fcn oldu\u011funca s\u0131k\u0131n. Yiyecekleri k\u00fc\u00e7\u00fck bir kase veya<br \/>\nfincan gibi temiz bir kaba koyun ve yaln\u0131zca doyuracak kadar AngeLixir ekleyin.<br \/>\n5 dakika ge\u00e7tikten sonra besleyin. Bal\u0131klar\u0131n yeterli besin ald\u0131\u011f\u0131ndan emin<br \/>\nolmak i\u00e7in g\u00fcnde iki &#8211; \u00fc\u00e7 kez tekrarlay\u0131n.<\/p>\n<p><span style=\"font-weight: bold;\">\u0130\u00e7erik:<\/span><\/p>\n<p>Ar\u0131t\u0131lm\u0131\u015f su, \u00f6zel amino asit kompleksi.<\/p>\n<p>Moisture (max) 99.00%, crude protein (min) 1.00%, crude fat<br \/>\n(min) 0%, crude fiber (min) 0%.<\/p>\n<p><span style=\"font-weight: bold;\">Boyutlar<\/span> : 125 ml<\/p>\n<p>Akvaryum katk\u0131lar\u0131 ve ekipmanlar\u0131 i\u00e7in, Akvaryum Merkezi olarak bizlere<br \/>\nba\u015fvurabilir, size en uygun ve kaliteli \u00fcr\u00fcnler i\u00e7in bilgi sahibi<br \/>\nolabilirsiniz.<\/p>\n<p>&nbsp;<\/p>\n<p>&nbsp;<\/p>\n<\/div>","protected":false},"excerpt":{"rendered":"<p>Brightwell &#8211; AngeLixir &#8211; Food Soak for Spongivorous Marine Fishes &#8211; Amino Asitler &#8211; 125 ml &nbsp; \u00dcr\u00fcn Ad\u0131: AngeLixir<\/p>","protected":false},"featured_media":13110,"comment_status":"closed","ping_status":"open","template":"","meta":[],"pwb-brand":[],"product_brand":[79],"product_cat":[157],"product_tag":[],"class_list":{"0":"post-12583","1":"product","2":"type-product","3":"status-publish","4":"has-post-thumbnail","6":"product_brand-brightwell","7":"product_cat-katkilar","9":"first","10":"outofstock","11":"purchasable","12":"product-type-simple"},"brands":[],"_links":{"self":[{"href":"https:\/\/aquabluebursa.com\/en\/wp-json\/wp\/v2\/product\/12583","targetHints":{"allow":["GET"]}}],"collection":[{"href":"https:\/\/aquabluebursa.com\/en\/wp-json\/wp\/v2\/product"}],"about":[{"href":"https:\/\/aquabluebursa.com\/en\/wp-json\/wp\/v2\/types\/product"}],"replies":[{"embeddable":true,"href":"https:\/\/aquabluebursa.com\/en\/wp-json\/wp\/v2\/comments?post=12583"}],"wp:featuredmedia":[{"embeddable":true,"href":"https:\/\/aquabluebursa.com\/en\/wp-json\/wp\/v2\/media\/13110"}],"wp:attachment":[{"href":"https:\/\/aquabluebursa.com\/en\/wp-json\/wp\/v2\/media?parent=12583"}],"wp:term":[{"taxonomy":"pwb-brand","embeddable":true,"href":"https:\/\/aquabluebursa.com\/en\/wp-json\/wp\/v2\/pwb-brand?post=12583"},{"taxonomy":"product_brand","embeddable":true,"href":"https:\/\/aquabluebursa.com\/en\/wp-json\/wp\/v2\/product_brand?post=12583"},{"taxonomy":"product_cat","embeddable":true,"href":"https:\/\/aquabluebursa.com\/en\/wp-json\/wp\/v2\/product_cat?post=12583"},{"taxonomy":"product_tag","embeddable":true,"href":"https:\/\/aquabluebursa.com\/en\/wp-json\/wp\/v2\/product_tag?post=12583"}],"curies":[{"name":"wp","href":"https:\/\/api.w.org\/{rel}","templated":true}]}}