{"id":12584,"date":"2026-03-13T20:18:34","date_gmt":"2026-03-13T20:18:34","guid":{"rendered":"https:\/\/aquabluebursa.com\/magaza\/kategorilenmemis\/brightwell-aminomega-60-ml\/"},"modified":"2026-03-13T20:18:34","modified_gmt":"2026-03-13T20:18:34","slug":"brightwell-aminomega-60-ml","status":"publish","type":"product","link":"https:\/\/aquabluebursa.com\/en\/magaza\/katkilar\/brightwell-aminomega-60-ml\/","title":{"rendered":"Brightwell &#8211; AminOmega 60 ml"},"content":{"rendered":"<div>\n<p>Brightwell &#8211; AminOmega &#8211; HUFA Omega 3\/6 Supplement for Marine Fishes &#8211; Amino Asit &#8211; 60 ml<\/p>\n<p>&nbsp;<\/p>\n<p>\u00dcr\u00fcn Ad\u0131: AminOmega<\/p>\n<p>S\u0131n\u0131f\u0131: Amino Asit<\/p>\n<p>Mevcut Ebatlar: 60 ml<\/p>\n<p>&nbsp;<\/p>\n<p>\u00b7 \u00dcr\u00fcn Bilgisi:<\/p>\n<p>&nbsp;<\/p>\n<p>\u00b7 Omega 3 -6 ve y\u00fcksek oranda doymam\u0131\u015f<br \/>\nya\u011f asitleri (HUFA) i\u00e7erir.<\/p>\n<p>\u00b7 Haz\u0131r ve canl\u0131 g\u0131dalar\u0131 g\u00fc\u00e7lendirmek<br \/>\ni\u00e7in kullan\u0131labilir.<\/p>\n<p>\u00b7 Ya\u011f asitleri ve protein kaynaklar\u0131<br \/>\ny\u00fcksek, deniz bal\u0131klar\u0131 , kabuklu canl\u0131lar\u0131n kar\u0131\u015f\u0131m\u0131ndan ve<br \/>\nvitaminlerinden elde edilmi\u015ftir.<\/p>\n<p>\u00b7 So\u011futma gerektirmez.<\/p>\n<p>\u00b7 Bir deniz bilimcisi taraf\u0131ndan<br \/>\nform\u00fcle edilmi\u015ftir.<\/p>\n<p>Talimatlar ve Dozaj<\/p>\n<p>Amin\u014cmega konsantre bir \u00fcr\u00fcnd\u00fcr. A\u015f\u0131r\u0131 dozda verilmemeli veya<br \/>\ndo\u011frudan akvaryum suyuna eklenmemelidir; bunu yapmak su kalitesinin bozulmas\u0131na<br \/>\nneden olabilir. Ba\u015f ve yan \u00e7izgi erozyonu (HLLE) gibi doku hasar\u0131 belirtileri<br \/>\ng\u00f6steren bal\u0131klar i\u00e7in, Amin\u014cmega&#8217;n\u0131n gerekli amino ve omega asitleri sa\u011flar.<\/p>\n<p>\u00dcr\u00fcn\u00fc kullanmadan \u00f6nce iyice \u00e7alkalay\u0131n<\/p>\n<p>Haz\u0131r g\u0131dalar\u0131<br \/>\ng\u00fc\u00e7lendirmek i\u00e7in:.<br \/>\nYeminizi k\u00fc\u00e7\u00fck bir kase veya fincan gibi temiz bir kaba koyun ve doymaya<br \/>\nyetecek kadar Amin\u014cmega ekleyin . Beslemeden \u00f6nce en az 5 dakika bekleyin ve<br \/>\n\u00fcr\u00fcn\u00fcn g\u0131da taraf\u0131ndan tamamen emilmesi i\u00e7in yeterli zaman sa\u011flay\u0131n. 10 ml bir<br \/>\ng\u0131da i\u00e7in 4 damla AminOmega yeterli olacakt\u0131r.<\/p>\n<p>Canl\u0131 g\u0131dalar\u0131<br \/>\ng\u00fc\u00e7lendirmek i\u00e7in:<br \/>\n\u00dcr\u00fcn\u00fc kullanmadan \u00f6nce iyice \u00e7alkalay\u0131n. Canl\u0131 yemlerin (rotifer, daphnia,<br \/>\nsalamura karides vb.) temiz bir kaba koyun. Kaptaki her litre suya 1 damla<br \/>\nAmin\u014cmega ekleyin ve damlac\u0131klar\u0131 da\u011f\u0131tmak i\u00e7in hafif\u00e7e kar\u0131\u015ft\u0131r\u0131n, ard\u0131ndan yemin<br \/>\nAminOmega y\u0131 emmesi i\u00e7in 20 &#8211; 40 dakika bekleyin. Ard\u0131ndan organizmalar\u0131 ince<br \/>\ng\u00f6zenekli bir a\u011f ile kaptan s\u00fcz\u00fcn ve az miktarda tatl\u0131 su ile bir lavabonun<br \/>\n\u00fczerinde hafif durulay\u0131n ve bal\u0131klar\u0131n\u0131z\u0131 besleyin.<\/p>\n<p>\u0130\u00e7erik:<\/p>\n<p>Saf su, deniz lipidleri (deniz bal\u0131\u011f\u0131 ve kabuklu k\u00f6kenli),<br \/>\ndeniz hidrolize proteini, Askorbik asit, Tiamin hidroklor\u00fcr, Niasin, Tokoferol<\/p>\n<p>Boyutlar : 60 ml<\/p>\n<p>Akvaryum katk\u0131lar\u0131 ve ekipmanlar\u0131 i\u00e7in, Akvaryum Merkezi olarak bizlere ba\u015fvurabilir,<br \/>\nsize en uygun ve kaliteli \u00fcr\u00fcnler i\u00e7in bilgi sahibi olabilirsiniz.<\/p>\n<p>&nbsp;<\/p>\n<p>&nbsp;<\/p>\n<\/div>","protected":false},"excerpt":{"rendered":"<p>Brightwell &#8211; AminOmega &#8211; HUFA Omega 3\/6 Supplement for Marine Fishes &#8211; Amino Asit &#8211; 60 ml &nbsp; \u00dcr\u00fcn Ad\u0131:<\/p>","protected":false},"featured_media":13111,"comment_status":"closed","ping_status":"open","template":"","meta":[],"pwb-brand":[],"product_brand":[79],"product_cat":[157],"product_tag":[],"class_list":{"0":"post-12584","1":"product","2":"type-product","3":"status-publish","4":"has-post-thumbnail","6":"product_brand-brightwell","7":"product_cat-katkilar","9":"first","10":"instock","11":"purchasable","12":"product-type-simple"},"brands":[],"_links":{"self":[{"href":"https:\/\/aquabluebursa.com\/en\/wp-json\/wp\/v2\/product\/12584","targetHints":{"allow":["GET"]}}],"collection":[{"href":"https:\/\/aquabluebursa.com\/en\/wp-json\/wp\/v2\/product"}],"about":[{"href":"https:\/\/aquabluebursa.com\/en\/wp-json\/wp\/v2\/types\/product"}],"replies":[{"embeddable":true,"href":"https:\/\/aquabluebursa.com\/en\/wp-json\/wp\/v2\/comments?post=12584"}],"wp:featuredmedia":[{"embeddable":true,"href":"https:\/\/aquabluebursa.com\/en\/wp-json\/wp\/v2\/media\/13111"}],"wp:attachment":[{"href":"https:\/\/aquabluebursa.com\/en\/wp-json\/wp\/v2\/media?parent=12584"}],"wp:term":[{"taxonomy":"pwb-brand","embeddable":true,"href":"https:\/\/aquabluebursa.com\/en\/wp-json\/wp\/v2\/pwb-brand?post=12584"},{"taxonomy":"product_brand","embeddable":true,"href":"https:\/\/aquabluebursa.com\/en\/wp-json\/wp\/v2\/product_brand?post=12584"},{"taxonomy":"product_cat","embeddable":true,"href":"https:\/\/aquabluebursa.com\/en\/wp-json\/wp\/v2\/product_cat?post=12584"},{"taxonomy":"product_tag","embeddable":true,"href":"https:\/\/aquabluebursa.com\/en\/wp-json\/wp\/v2\/product_tag?post=12584"}],"curies":[{"name":"wp","href":"https:\/\/api.w.org\/{rel}","templated":true}]}}