{"id":12585,"date":"2026-03-13T20:18:34","date_gmt":"2026-03-13T20:18:34","guid":{"rendered":"https:\/\/aquabluebursa.com\/magaza\/kategorilenmemis\/brightwell-coralazarus-1-kg\/"},"modified":"2026-03-13T20:18:34","modified_gmt":"2026-03-13T20:18:34","slug":"brightwell-coralazarus-1-kg","status":"publish","type":"product","link":"https:\/\/aquabluebursa.com\/en\/magaza\/katkilar\/brightwell-coralazarus-1-kg\/","title":{"rendered":"Brightwell &#8211; CoraLazarus 1 KG"},"content":{"rendered":"<div>\n<p>Brightwell &#8211; CoraLazarus &#8211; High-purity Calcium Media for placement in Reactors &#8211; Kalsiyum Bikarbonat Minerali &#8211; 1 KG<\/p>\n<p>&nbsp;<\/p>\n<p>\u00dcr\u00fcn Ad\u0131: CoraLazarus<\/p>\n<p>S\u0131n\u0131f\u0131: Kalsiyum Bikarbonat Minerali<\/p>\n<p>Mevcut Ebatlar: 1000 GR<\/p>\n<p>&nbsp;<\/p>\n<p>\u00b7 \u00dcr\u00fcn Bilgisi:<\/p>\n<p>\u00b7 Deniz akvaryumlar\u0131nda kalsiyum<br \/>\nkonsantrasyonunu ve alkaliniteyi kademeli olarak art\u0131rmak ve korumak i\u00e7in kalsiyum reakt\u00f6rlerinde kullan\u0131labilen y\u00fcksek<br \/>\nsafl\u0131kta do\u011fal mineral.<\/p>\n<p>\u00b7 G\u00fc\u00e7l\u00fc kalsiyum kayna\u011f\u0131,<\/p>\n<p>\u00b7 \u00c7\u00f6z\u00fcnmesi ile kalsiyum, magnezyum, stronsiyum, potasyum ve<br \/>\nkarbonatlar sa\u011flar.<\/p>\n<p>\u00b7 PH&#8217;\u0131 stabilize etmek ve h\u0131zl\u0131<br \/>\nbiyojenik aragonit olu\u015fumunu te\u015fvik eder ve alkaliniteyi art\u0131rmaya yard\u0131mc\u0131 olur .<\/p>\n<p>\u00b7 Kalsiyum reakt\u00f6rlerinde kullan\u0131m i\u00e7in,<br \/>\nen uygun par\u00e7ac\u0131k boyutu.<\/p>\n<p>\u00b7 Klor\u00fcr ve s\u00fclfat i\u00e7ermez.<\/p>\n<p>&nbsp;<\/p>\n<p>&nbsp;<\/p>\n<p>Talimatlar ve Dozaj<\/p>\n<p>Akvaryum sistemine ilk yerle\u015ftirmeden \u00f6nce malzemeyi tatl\u0131<br \/>\nsuda veya tuzlu suda durulay\u0131n. Parametrelerin istenen aral\u0131klarda oldu\u011fundan emin olmak i\u00e7in<br \/>\nakvaryumdaki Kh, kalsiyum ve magnezyum konsantrasyonlar\u0131n\u0131 ayda iki ila d\u00f6rt<br \/>\nkez \u00f6l\u00e7\u00fcn ve buna g\u00f6re gerekti\u011fi gibi reakt\u00f6r sisteminde ayarlamalar yap\u0131n. Bir<br \/>\nakvaryumda ya\u015fayan mercanlar\u0131n ve di\u011fer resif olu\u015fturan organizmalar\u0131n<br \/>\nbiyok\u00fctlesi (B\u00fcy\u00fcmeleri) zamanla artt\u0131k\u00e7a, kalsiyum, magnezyum ve karbonatlar\u0131n<br \/>\nt\u00fcketimi de artar; bu durumda CoraLazarus&#8217;un de\u011fi\u015ftirilmesi gereken s\u0131kl\u0131k<br \/>\nartar. Her resif akvaryumunun kendine \u00f6zg\u00fc kalsiyum gereksinimleri oldu\u011funu<br \/>\nunutmay\u0131n.<\/p>\n<p>A\u011f\u0131rl\u0131k olarak CoraLazarus, ~%61 &#8211; %62 karbonat, ~%37 &#8211; 38<br \/>\nkalsiyum, ~0.75 &#8211; %0.85 stronsiyum, ~%0.1 magnezyum ve &lt;%0.01 potasyumdan<br \/>\nolu\u015fur; Do\u011fal aragonitte \u00e7ok az magnezyum vard\u0131r ve bu nedenle, kalsiyum reakt\u00f6r\u00fc kullan\u0131lan resif<br \/>\nakvaryumlar\u0131nda magnezyum takviyesinin yap\u0131lmas\u0131 zorunludur. Bu sebeple CoraLazarus<br \/>\nile birlikte Brightwell N\u0113oMag kullan\u0131lmas\u0131n\u0131<br \/>\n\u00f6neriyoruz.<\/p>\n<p>Boyutlar : | 1000 GR |<\/p>\n<p>Akvaryum katk\u0131lar\u0131 i\u00e7in, Akvaryum Merkezi olarak bizlere<br \/>\nba\u015fvurabilir, size en uygun ve kaliteli \u00fcr\u00fcnler i\u00e7in bilgi sahibi<br \/>\nolabilirsiniz.<\/p>\n<p>&nbsp;<\/p>\n<p>&nbsp;<\/p>\n<\/div>","protected":false},"excerpt":{"rendered":"<p>Brightwell &#8211; CoraLazarus &#8211; High-purity Calcium Media for placement in Reactors &#8211; Kalsiyum Bikarbonat Minerali &#8211; 1 KG &nbsp; \u00dcr\u00fcn<\/p>","protected":false},"featured_media":13112,"comment_status":"closed","ping_status":"open","template":"","meta":[],"pwb-brand":[],"product_brand":[79],"product_cat":[157],"product_tag":[],"class_list":{"0":"post-12585","1":"product","2":"type-product","3":"status-publish","4":"has-post-thumbnail","6":"product_brand-brightwell","7":"product_cat-katkilar","9":"first","10":"instock","11":"purchasable","12":"product-type-simple"},"brands":[],"_links":{"self":[{"href":"https:\/\/aquabluebursa.com\/en\/wp-json\/wp\/v2\/product\/12585","targetHints":{"allow":["GET"]}}],"collection":[{"href":"https:\/\/aquabluebursa.com\/en\/wp-json\/wp\/v2\/product"}],"about":[{"href":"https:\/\/aquabluebursa.com\/en\/wp-json\/wp\/v2\/types\/product"}],"replies":[{"embeddable":true,"href":"https:\/\/aquabluebursa.com\/en\/wp-json\/wp\/v2\/comments?post=12585"}],"wp:featuredmedia":[{"embeddable":true,"href":"https:\/\/aquabluebursa.com\/en\/wp-json\/wp\/v2\/media\/13112"}],"wp:attachment":[{"href":"https:\/\/aquabluebursa.com\/en\/wp-json\/wp\/v2\/media?parent=12585"}],"wp:term":[{"taxonomy":"pwb-brand","embeddable":true,"href":"https:\/\/aquabluebursa.com\/en\/wp-json\/wp\/v2\/pwb-brand?post=12585"},{"taxonomy":"product_brand","embeddable":true,"href":"https:\/\/aquabluebursa.com\/en\/wp-json\/wp\/v2\/product_brand?post=12585"},{"taxonomy":"product_cat","embeddable":true,"href":"https:\/\/aquabluebursa.com\/en\/wp-json\/wp\/v2\/product_cat?post=12585"},{"taxonomy":"product_tag","embeddable":true,"href":"https:\/\/aquabluebursa.com\/en\/wp-json\/wp\/v2\/product_tag?post=12585"}],"curies":[{"name":"wp","href":"https:\/\/api.w.org\/{rel}","templated":true}]}}