{"id":12587,"date":"2026-03-13T20:18:38","date_gmt":"2026-03-13T20:18:38","guid":{"rendered":"https:\/\/aquabluebursa.com\/magaza\/kategorilenmemis\/brightwell-extrax-phos-300-gr\/"},"modified":"2026-03-13T20:18:38","modified_gmt":"2026-03-13T20:18:38","slug":"brightwell-extrax-phos-300-gr","status":"publish","type":"product","link":"https:\/\/aquabluebursa.com\/en\/magaza\/filtrasyon-malzemeleri\/brightwell-extrax-phos-300-gr\/","title":{"rendered":"Brightwell &#8211; Extrax Phos 300 gr"},"content":{"rendered":"<div>\n<p>Brightwell &#8211; Extrax Phos &#8211; Spherical Phosphate-Adsorption Media\u00a0 -Fosfat Tutucu &#8211; 300 gr<\/p>\n<p>&nbsp;<\/p>\n<p><span style=\"font-weight: bold;\">\u00dcr\u00fcn Ad\u0131:<\/span> Extrax Phos<\/p>\n<p><span style=\"font-weight: bold;\">S\u0131n\u0131f\u0131:<\/span><\/p>\n<p><span style=\"font-weight: bold;\">Mevcut Ebatlar<\/span>: 1000 GR<\/p>\n<p>&nbsp;<\/p>\n<p>\u00b7 <span style=\"font-weight: bold;\">\u00dcr\u00fcn Bilgisi:<\/span><\/p>\n<p>\u00b7 Fosfat ve silikat\u0131n<br \/>\nuzakla\u015ft\u0131r\u0131lmas\u0131nda h\u0131zl\u0131 sonu\u00e7lar sa\u011flar.<\/p>\n<p>\u00b7 Mant\u0131kl\u0131 bir besin kontrol<br \/>\nprogram\u0131n\u0131n par\u00e7as\u0131 olarak s\u00fcrekli olarak kullan\u0131labilir.<\/p>\n<p>\u00b7 Reakt\u00f6r ile kullan\u0131m\u0131 reaktif y\u00fczey alan\u0131n\u0131 maksimuma \u00e7\u0131kararak verimlili\u011fi<br \/>\nart\u0131r\u0131r.<\/p>\n<p>\u00b7 Tavsiye edilen kullan\u0131m, akvaryumda 4<br \/>\nLitre ba\u015f\u0131na 2 g Extrax Phos&#8217;dur;<\/p>\n<p>\u00b7 Akvaryum sistemine fosfat, silikat<br \/>\nveya \u00e7\u00f6z\u00fcn\u00fcr bile\u015fikler salmaz.<\/p>\n<p>\u00b7 Bitkili tatl\u0131 su sistemleri ve resif<br \/>\nsistemleri dahil t\u00fcm tatl\u0131 su ve deniz akvaryumlar\u0131nda kullan\u0131m i\u00e7in g\u00fcvenlidir<br \/>\n.<\/p>\n<p>&nbsp;<\/p>\n<p>Extrax Phos&#8217;un \u00f6mr\u00fc b\u00fcy\u00fck \u00f6l\u00e7\u00fcde akvaryumda \u00f6nceden var olan fosfat<br \/>\nkonsantrasyonuna ba\u011fl\u0131d\u0131r; ba\u015flang\u0131\u00e7 \u200b\u200bkonsantrasyonu ne kadar y\u00fcksek olursa,<br \/>\nmalzeme o kadar h\u0131zl\u0131 t\u00fckenir. Extrax Phos&#8217;un etkinli\u011fi b\u00fcy\u00fck \u00f6l\u00e7\u00fcde akvaryum<br \/>\nsuyuyla reaksiyon s\u00fcresi ile ilgilidir; reaksiyon s\u00fcresi ne kadar uzun olursa,<br \/>\nfosfat ve silikat\u0131 o kadar etkili bir \u015fekilde uzakla\u015ft\u0131r\u0131r. Her durumda,<br \/>\npartik\u00fcl organik materyali bu ortamla etkile\u015fiminden \u00f6nce sudan uzakla\u015ft\u0131rmak<br \/>\ni\u00e7in mekanik bir \u00f6n filtrenin kullan\u0131lmas\u0131 biyolojik kirlenmeyi \u00f6nleyecek ve<br \/>\netkinli\u011fi uzatacakt\u0131r. Malzemenin yap\u0131s\u0131<br \/>\ngere\u011fi , bir reakt\u00f6r ile kullan\u0131lmas\u0131<br \/>\ngerekir,<\/p>\n<p><span style=\"font-weight: bold;\">Talimatlar ve Dozaj<\/span><\/p>\n<p>Kullanmadan \u00f6nce mutlaka tatl\u0131 su ile durulay\u0131n ve durulama<br \/>\nsuyunu at\u0131n. \u0130lk kullan\u0131mda, azda olsa bulan\u0131kl\u0131k olabilir, bu ge\u00e7icidir.<\/p>\n<p>600 gram Extrax phos 1,100 Litre akvaryum suyunun fosfat\u0131n\u013120<br \/>\nmg\/L&#8217;ye kadar adsorbe eder.<\/p>\n<p><span style=\"font-weight: bold;\">Boyutlar<\/span> : | 300 -600 GR |<\/p>\n<p>Akvaryum katk\u0131lar\u0131 i\u00e7in, Akvaryum Merkezi olarak bizlere<br \/>\nba\u015fvurabilir, size en uygun ve kaliteli \u00fcr\u00fcnler i\u00e7in bilgi sahibi<br \/>\nolabilirsiniz.<\/p>\n<p>&nbsp;<\/p>\n<p>&nbsp;<\/p>\n<\/div>","protected":false},"excerpt":{"rendered":"<p>Brightwell &#8211; Extrax Phos &#8211; Spherical Phosphate-Adsorption Media\u00a0 -Fosfat Tutucu &#8211; 300 gr &nbsp; \u00dcr\u00fcn Ad\u0131: Extrax Phos S\u0131n\u0131f\u0131: Mevcut<\/p>","protected":false},"featured_media":13114,"comment_status":"closed","ping_status":"open","template":"","meta":[],"pwb-brand":[],"product_brand":[79],"product_cat":[161],"product_tag":[],"class_list":{"0":"post-12587","1":"product","2":"type-product","3":"status-publish","4":"has-post-thumbnail","6":"product_brand-brightwell","7":"product_cat-filtrasyon-malzemeleri","9":"first","10":"instock","11":"purchasable","12":"product-type-simple"},"brands":[],"_links":{"self":[{"href":"https:\/\/aquabluebursa.com\/en\/wp-json\/wp\/v2\/product\/12587","targetHints":{"allow":["GET"]}}],"collection":[{"href":"https:\/\/aquabluebursa.com\/en\/wp-json\/wp\/v2\/product"}],"about":[{"href":"https:\/\/aquabluebursa.com\/en\/wp-json\/wp\/v2\/types\/product"}],"replies":[{"embeddable":true,"href":"https:\/\/aquabluebursa.com\/en\/wp-json\/wp\/v2\/comments?post=12587"}],"wp:featuredmedia":[{"embeddable":true,"href":"https:\/\/aquabluebursa.com\/en\/wp-json\/wp\/v2\/media\/13114"}],"wp:attachment":[{"href":"https:\/\/aquabluebursa.com\/en\/wp-json\/wp\/v2\/media?parent=12587"}],"wp:term":[{"taxonomy":"pwb-brand","embeddable":true,"href":"https:\/\/aquabluebursa.com\/en\/wp-json\/wp\/v2\/pwb-brand?post=12587"},{"taxonomy":"product_brand","embeddable":true,"href":"https:\/\/aquabluebursa.com\/en\/wp-json\/wp\/v2\/product_brand?post=12587"},{"taxonomy":"product_cat","embeddable":true,"href":"https:\/\/aquabluebursa.com\/en\/wp-json\/wp\/v2\/product_cat?post=12587"},{"taxonomy":"product_tag","embeddable":true,"href":"https:\/\/aquabluebursa.com\/en\/wp-json\/wp\/v2\/product_tag?post=12587"}],"curies":[{"name":"wp","href":"https:\/\/api.w.org\/{rel}","templated":true}]}}