{"id":12588,"date":"2026-03-13T20:18:38","date_gmt":"2026-03-13T20:18:38","guid":{"rendered":"https:\/\/aquabluebursa.com\/magaza\/kategorilenmemis\/brightwell-neomag-1-kg\/"},"modified":"2026-03-13T20:18:38","modified_gmt":"2026-03-13T20:18:38","slug":"brightwell-neomag-1-kg","status":"publish","type":"product","link":"https:\/\/aquabluebursa.com\/en\/magaza\/filtrasyon-malzemeleri\/brightwell-neomag-1-kg\/","title":{"rendered":"Brightwell &#8211; NeoMag 1 KG"},"content":{"rendered":"<div>\n<p>Brightwell &#8211; NeoMag &#8211; High-purity Magnesium Media for use in Reef Aquaria &#8211; Magnezyum Minerali &#8211; 1 KG<\/p>\n<p>&nbsp;<\/p>\n<p>\u00dcr\u00fcn Ad\u0131: NeoMag<\/p>\n<p>S\u0131n\u0131f\u0131: Magnezyum Minerali<\/p>\n<p>Mevcut Ebatlar: 1000 GR<\/p>\n<p>&nbsp;<\/p>\n<p>\u00b7 \u00dcr\u00fcn Bilgisi:<\/p>\n<p>\u00b7 Kalsiyum reakt\u00f6rlerinde kullan\u0131lmak<br \/>\ni\u00e7in Sistemdeki magnezyum konsantrasyonunu<\/p>\n<p>\u00b7 kademeli olarak art\u0131rmak ve korumak i\u00e7in<br \/>\ny\u00fcksek safl\u0131kta, zengin magnezyum minerali.<\/p>\n<p>\u00b7 Akvaryum suyundaki kalsiyum ve<br \/>\nkarbonatlar aras\u0131ndaki dengeyi d\u00fczenlemeye yard\u0131mc\u0131 olan magnezyum sa\u011flar.<\/p>\n<p>\u00b7 Magnezyum, kalsiyum ve karbonatlardan<br \/>\nolu\u015fur.<\/p>\n<p>\u00b7 T\u00fcm kalsiyum reakt\u00f6rlerinde kullan\u0131ma<br \/>\nuygun par\u00e7ac\u0131k boyutuna sahiptir.<\/p>\n<p>\u00b7 Klor\u00fcr ve s\u00fclfat i\u00e7ermez.<\/p>\n<p>\u00b7 Made in USA<\/p>\n<p>Talimatlar ve Dozaj<\/p>\n<p>Tercih edilen kullan\u0131m miktar\u0131 Reakt\u00f6r i\u00e7inde 9:1 oran\u0131d\u0131r.<br \/>\n\u00d6rne\u011fin 2 kg l\u0131k kalsiyum reakt\u00f6r medyas\u0131nda 220 gr NeoMag yeterli olacakt\u0131r.<\/p>\n<p>Boyutlar : | 1000 GR |<\/p>\n<p>Akvaryum katk\u0131lar\u0131 i\u00e7in, Akvaryum Merkezi olarak bizlere<br \/>\nba\u015fvurabilir, size en uygun ve kaliteli \u00fcr\u00fcnler i\u00e7in bilgi sahibi<br \/>\nolabilirsiniz.<\/p>\n<p>&nbsp;<\/p>\n<p>&nbsp;<\/p>\n<\/div>","protected":false},"excerpt":{"rendered":"<p>Brightwell &#8211; NeoMag &#8211; High-purity Magnesium Media for use in Reef Aquaria &#8211; Magnezyum Minerali &#8211; 1 KG &nbsp; \u00dcr\u00fcn<\/p>","protected":false},"featured_media":13115,"comment_status":"closed","ping_status":"open","template":"","meta":[],"pwb-brand":[],"product_brand":[79],"product_cat":[161],"product_tag":[],"class_list":{"0":"post-12588","1":"product","2":"type-product","3":"status-publish","4":"has-post-thumbnail","6":"product_brand-brightwell","7":"product_cat-filtrasyon-malzemeleri","9":"first","10":"instock","11":"purchasable","12":"product-type-simple"},"brands":[],"_links":{"self":[{"href":"https:\/\/aquabluebursa.com\/en\/wp-json\/wp\/v2\/product\/12588","targetHints":{"allow":["GET"]}}],"collection":[{"href":"https:\/\/aquabluebursa.com\/en\/wp-json\/wp\/v2\/product"}],"about":[{"href":"https:\/\/aquabluebursa.com\/en\/wp-json\/wp\/v2\/types\/product"}],"replies":[{"embeddable":true,"href":"https:\/\/aquabluebursa.com\/en\/wp-json\/wp\/v2\/comments?post=12588"}],"wp:featuredmedia":[{"embeddable":true,"href":"https:\/\/aquabluebursa.com\/en\/wp-json\/wp\/v2\/media\/13115"}],"wp:attachment":[{"href":"https:\/\/aquabluebursa.com\/en\/wp-json\/wp\/v2\/media?parent=12588"}],"wp:term":[{"taxonomy":"pwb-brand","embeddable":true,"href":"https:\/\/aquabluebursa.com\/en\/wp-json\/wp\/v2\/pwb-brand?post=12588"},{"taxonomy":"product_brand","embeddable":true,"href":"https:\/\/aquabluebursa.com\/en\/wp-json\/wp\/v2\/product_brand?post=12588"},{"taxonomy":"product_cat","embeddable":true,"href":"https:\/\/aquabluebursa.com\/en\/wp-json\/wp\/v2\/product_cat?post=12588"},{"taxonomy":"product_tag","embeddable":true,"href":"https:\/\/aquabluebursa.com\/en\/wp-json\/wp\/v2\/product_tag?post=12588"}],"curies":[{"name":"wp","href":"https:\/\/api.w.org\/{rel}","templated":true}]}}