{"id":12589,"date":"2026-03-13T20:18:38","date_gmt":"2026-03-13T20:18:38","guid":{"rendered":"https:\/\/aquabluebursa.com\/magaza\/kategorilenmemis\/brightwell-neozeo-1-kg\/"},"modified":"2026-03-13T20:18:39","modified_gmt":"2026-03-13T20:18:39","slug":"brightwell-neozeo-1-kg","status":"publish","type":"product","link":"https:\/\/aquabluebursa.com\/en\/magaza\/filtrasyon-malzemeleri\/brightwell-neozeo-1-kg\/","title":{"rendered":"Brightwell &#8211; NeoZeo  1 KG"},"content":{"rendered":"<div>\n<p>Brightwell &#8211; NeoZeo &#8211; Selective Zeolite Media for use in Reef Aquaria &#8211; Zeolit &#8211; 1 KG<\/p>\n<p>&nbsp;<\/p>\n<p>&nbsp;<\/p>\n<p>\u00dcr\u00fcn Ad\u0131: NeoZeo<\/p>\n<p>S\u0131n\u0131f\u0131: Zeolit<\/p>\n<p>Mevcut Ebatlar: 1000 GR<\/p>\n<p>&nbsp;<\/p>\n<p>\u00b7 \u00dcr\u00fcn Bilgisi:<\/p>\n<p>&nbsp;<\/p>\n<p>\u00b7 \u0130yonik ve molek\u00fcler \u00e7\u00f6z\u00fcnm\u00fc\u015f organik<br \/>\nbile\u015fiklerin uzakla\u015ft\u0131r\u0131lmas\u0131n\u0131n yan\u0131<br \/>\ns\u0131ra ortam\u0131 kolonize eden faydal\u0131 bakterileri (bakterioplankton) sa\u011flar.<\/p>\n<p>\u00b7 Brightwell Aquatics Micr\u014dBacter7 ve<br \/>\nReef BioFuel ile birlikte kullan\u0131ld\u0131\u011f\u0131nda, biyolojik filtrasyon olu\u015fturmaya ve<br \/>\nultra d\u00fc\u015f\u00fck besin ortam\u0131n\u0131n korunmas\u0131na yard\u0131mc\u0131 olur.<\/p>\n<p>\u00b7 Deniz akvaryumlar\u0131nda organik<br \/>\nat\u0131klar\u0131n uzakla\u015ft\u0131r\u0131lmas\u0131 i\u00e7in mikroorganizmalara kolonizasyon alan\u0131 sa\u011flar.<\/p>\n<p>Talimatlar ve Dozaj<\/p>\n<p>Akvaryum eklemeden \u00f6nce NeoZeo yu tatl\u0131 suda y\u0131kay\u0131n. N\u0113oZeo son<br \/>\nderece etkili amonyak ve amonyum tutucudur. \u0130lk kullan\u0131mlarda \u00e7o\u011fu zaman, az da<br \/>\nolsa olumsuz tepki verebilir. Bu s\u00fcre\u00e7 ge\u00e7icidir.<\/p>\n<p>400 Litre akvaryum i\u00e7in<br \/>\n600 g N\u0113oZeo uygun bir ortam olu\u015ftur.<br \/>\n\u0130lk kullan\u0131mlarda daha verimli olmas\u0131 ve en d\u00fc\u015f\u00fck tepkime i\u00e7in 600 gr NeoZeo yu<br \/>\n3 e b\u00f6lerek (200gr) bir reakt\u00f6re eklemenizi tavsiye ediyoruz. S\u00fcrekli kullan\u0131m<br \/>\ni\u00e7in 5 haftada bir NeoZeoyu de\u011fi\u015ftirmeniz en y\u00fcksek verimi alman\u0131z\u0131<br \/>\nsa\u011flayacakt\u0131r.<\/p>\n<p>Boyutlar : | 1000 GR |<\/p>\n<p>Akvaryum katk\u0131lar\u0131 i\u00e7in, Akvaryum Merkezi olarak bizlere<br \/>\nba\u015fvurabilir, size en uygun ve kaliteli \u00fcr\u00fcnler i\u00e7in bilgi sahibi<br \/>\nolabilirsiniz.<\/p>\n<p>&nbsp;<\/p>\n<p>&nbsp;<\/p>\n<\/div>","protected":false},"excerpt":{"rendered":"<p>Brightwell &#8211; NeoZeo &#8211; Selective Zeolite Media for use in Reef Aquaria &#8211; Zeolit &#8211; 1 KG &nbsp; &nbsp; \u00dcr\u00fcn<\/p>","protected":false},"featured_media":13116,"comment_status":"closed","ping_status":"open","template":"","meta":[],"pwb-brand":[],"product_brand":[79],"product_cat":[161],"product_tag":[],"class_list":{"0":"post-12589","1":"product","2":"type-product","3":"status-publish","4":"has-post-thumbnail","6":"product_brand-brightwell","7":"product_cat-filtrasyon-malzemeleri","9":"first","10":"outofstock","11":"purchasable","12":"product-type-simple"},"brands":[],"_links":{"self":[{"href":"https:\/\/aquabluebursa.com\/en\/wp-json\/wp\/v2\/product\/12589","targetHints":{"allow":["GET"]}}],"collection":[{"href":"https:\/\/aquabluebursa.com\/en\/wp-json\/wp\/v2\/product"}],"about":[{"href":"https:\/\/aquabluebursa.com\/en\/wp-json\/wp\/v2\/types\/product"}],"replies":[{"embeddable":true,"href":"https:\/\/aquabluebursa.com\/en\/wp-json\/wp\/v2\/comments?post=12589"}],"wp:featuredmedia":[{"embeddable":true,"href":"https:\/\/aquabluebursa.com\/en\/wp-json\/wp\/v2\/media\/13116"}],"wp:attachment":[{"href":"https:\/\/aquabluebursa.com\/en\/wp-json\/wp\/v2\/media?parent=12589"}],"wp:term":[{"taxonomy":"pwb-brand","embeddable":true,"href":"https:\/\/aquabluebursa.com\/en\/wp-json\/wp\/v2\/pwb-brand?post=12589"},{"taxonomy":"product_brand","embeddable":true,"href":"https:\/\/aquabluebursa.com\/en\/wp-json\/wp\/v2\/product_brand?post=12589"},{"taxonomy":"product_cat","embeddable":true,"href":"https:\/\/aquabluebursa.com\/en\/wp-json\/wp\/v2\/product_cat?post=12589"},{"taxonomy":"product_tag","embeddable":true,"href":"https:\/\/aquabluebursa.com\/en\/wp-json\/wp\/v2\/product_tag?post=12589"}],"curies":[{"name":"wp","href":"https:\/\/api.w.org\/{rel}","templated":true}]}}