{"id":12590,"date":"2026-03-13T20:18:41","date_gmt":"2026-03-13T20:18:41","guid":{"rendered":"https:\/\/aquabluebursa.com\/magaza\/kategorilenmemis\/brightwell-carbonit-p-500-gr\/"},"modified":"2026-03-13T20:18:41","modified_gmt":"2026-03-13T20:18:41","slug":"brightwell-carbonit-p-500-gr","status":"publish","type":"product","link":"https:\/\/aquabluebursa.com\/en\/magaza\/filtrasyon-malzemeleri\/brightwell-carbonit-p-500-gr\/","title":{"rendered":"Brightwell &#8211; Carbon\u012bt-P 500 gr"},"content":{"rendered":"<div>\n<p>Brightwell &#8211; Carbon\u012bt-P Premium Aquarium Pelletized Carbon (Fresh or Salt) &#8211; Aktif Karbon &#8211; 500 gr<\/p>\n<p>&nbsp;<\/p>\n<p>\u00dcr\u00fcn Ad\u0131: Carbonit-P<\/p>\n<p>S\u0131n\u0131f\u0131: Aktif Karbon<\/p>\n<p>Mevcut Ebatlar: 500 GR<\/p>\n<p>&nbsp;<\/p>\n<p>\u00b7 \u00dcr\u00fcn Bilgisi:<\/p>\n<p>\u00b7 \u0130stenilen fiziksel ve kimyasal<br \/>\n\u00f6zellikleri sunan \u00fcst\u00fcn kaliteli aktif karbon<\/p>\n<p>&nbsp;<\/p>\n<p>\u00b7 T\u00fcm deniz ve tatl\u0131 su akvaryumlarda organik<br \/>\nmateryalin sudan uzakla\u015ft\u0131r\u0131lmas\u0131 i\u00e7in y\u00fcksek kapasite ve minimum pH etkisi.<\/p>\n<p>&nbsp;<\/p>\n<p>\u00b7 \u00c7\u00f6z\u00fcnm\u00fc\u015f organik maddeleri<br \/>\nuzakla\u015ft\u0131rarak su kalitesini y\u00fckseltir, dolay\u0131s\u0131yla daha y\u00fcksek oksidasyon-red\u00fcksiyon potansiyelini<br \/>\n(ORP) te\u015fvik eder.<\/p>\n<p>\u00b7 minimum toz ve \u00f6l\u00e7\u00fclemez fosfat<br \/>\n(Bilimsel laboratuvarlarda su analiz<br \/>\nekipman\u0131 ile do\u011frulanm\u0131\u015ft\u0131r).<\/p>\n<p>\u00b7 Ortalama par\u00e7ac\u0131k boyutu, optimum<br \/>\nak\u0131\u015f ve etkinli\u011fi sa\u011flar.<\/p>\n<p>&nbsp;<\/p>\n<p>\u00b7 Aktif veya pasif filtrasyonda<br \/>\nkullan\u0131lmaya uygundur.<\/p>\n<p>&nbsp;<\/p>\n<p>Talimatlar ve Dozaj<\/p>\n<p>\u0130lk kullan\u0131mdan \u00f6nce mutlaka tatl\u0131 su ile y\u0131kay\u0131n. 500g Carbon\u012bt-P, 1,700 Litre akvaryum suyunu verimli bir<br \/>\n\u015fekilde filtrelemek i\u00e7in uygundur. Carbon\u012bt-P&#8217;nin verimi, su ile reaksiyon<br \/>\ns\u00fcresine ba\u011fl\u0131d\u0131r. Bu nedenle, karbon peletleri ve su aras\u0131ndaki reaksiyon<br \/>\ns\u00fcresi ne kadar uzun olursa, organik materyalin \u00e7\u0131kar\u0131lmas\u0131 o kadar h\u0131zl\u0131 ger\u00e7ekle\u015fir.<\/p>\n<p>Boyutlar : | 500 GR |<\/p>\n<p>Akvaryum katk\u0131lar\u0131 i\u00e7in, Akvaryum Merkezi olarak bizlere<br \/>\nba\u015fvurabilir, size en uygun ve kaliteli \u00fcr\u00fcnler i\u00e7in bilgi sahibi<br \/>\nolabilirsiniz.<\/p>\n<p>&nbsp;<\/p>\n<p>&nbsp;<\/p>\n<\/div>","protected":false},"excerpt":{"rendered":"<p>Brightwell &#8211; Carbon\u012bt-P Premium Aquarium Pelletized Carbon (Fresh or Salt) &#8211; Aktif Karbon &#8211; 500 gr &nbsp; \u00dcr\u00fcn Ad\u0131: Carbonit-P<\/p>","protected":false},"featured_media":13117,"comment_status":"closed","ping_status":"open","template":"","meta":[],"pwb-brand":[],"product_brand":[79],"product_cat":[161],"product_tag":[],"class_list":{"0":"post-12590","1":"product","2":"type-product","3":"status-publish","4":"has-post-thumbnail","6":"product_brand-brightwell","7":"product_cat-filtrasyon-malzemeleri","9":"first","10":"outofstock","11":"purchasable","12":"product-type-simple"},"brands":[],"_links":{"self":[{"href":"https:\/\/aquabluebursa.com\/en\/wp-json\/wp\/v2\/product\/12590","targetHints":{"allow":["GET"]}}],"collection":[{"href":"https:\/\/aquabluebursa.com\/en\/wp-json\/wp\/v2\/product"}],"about":[{"href":"https:\/\/aquabluebursa.com\/en\/wp-json\/wp\/v2\/types\/product"}],"replies":[{"embeddable":true,"href":"https:\/\/aquabluebursa.com\/en\/wp-json\/wp\/v2\/comments?post=12590"}],"wp:featuredmedia":[{"embeddable":true,"href":"https:\/\/aquabluebursa.com\/en\/wp-json\/wp\/v2\/media\/13117"}],"wp:attachment":[{"href":"https:\/\/aquabluebursa.com\/en\/wp-json\/wp\/v2\/media?parent=12590"}],"wp:term":[{"taxonomy":"pwb-brand","embeddable":true,"href":"https:\/\/aquabluebursa.com\/en\/wp-json\/wp\/v2\/pwb-brand?post=12590"},{"taxonomy":"product_brand","embeddable":true,"href":"https:\/\/aquabluebursa.com\/en\/wp-json\/wp\/v2\/product_brand?post=12590"},{"taxonomy":"product_cat","embeddable":true,"href":"https:\/\/aquabluebursa.com\/en\/wp-json\/wp\/v2\/product_cat?post=12590"},{"taxonomy":"product_tag","embeddable":true,"href":"https:\/\/aquabluebursa.com\/en\/wp-json\/wp\/v2\/product_tag?post=12590"}],"curies":[{"name":"wp","href":"https:\/\/api.w.org\/{rel}","templated":true}]}}