{"id":12591,"date":"2026-03-13T20:18:41","date_gmt":"2026-03-13T20:18:41","guid":{"rendered":"https:\/\/aquabluebursa.com\/magaza\/kategorilenmemis\/brightwell-magnesion-p-32-kg\/"},"modified":"2026-03-13T20:18:42","modified_gmt":"2026-03-13T20:18:42","slug":"brightwell-magnesion-p-32-kg","status":"publish","type":"product","link":"https:\/\/aquabluebursa.com\/en\/magaza\/katkilar\/brightwell-magnesion-p-32-kg\/","title":{"rendered":"Brightwell &#8211; Magnesion-P 3,2 KG"},"content":{"rendered":"<div>\n<p>Brightwell &#8211; Magnesion-P &#8211; Dry Magnesium Supplement for Reef Aquaria &#8211; Magnezyum Toz &#8211; 3,2 KG<\/p>\n<p>&nbsp;<\/p>\n<p>\u00dcr\u00fcn Ad\u0131: Magnession-P<\/p>\n<p>S\u0131n\u0131f\u0131: Magnezyum Toz<\/p>\n<p>Mevcut Ebatlar: 800-3200 GR<\/p>\n<p>&nbsp;<\/p>\n<p>\u00b7 \u00dcr\u00fcn Bilgisi:<\/p>\n<p>\u00b7 Y\u00fcksek safl\u0131kta, toz magnezyum kar\u0131\u015f\u0131m\u0131.<\/p>\n<p>\u00b7 Akvaryum suyundaki kalsiyum ve<br \/>\nkarbonatlar aras\u0131ndaki dengeyi d\u00fczenlemeye yard\u0131mc\u0131 olan magnezyumu sa\u011flar.<\/p>\n<p>\u00b7 iskelet materyali olu\u015fturmak i\u00e7in<br \/>\nresif olu\u015fturan organizmalar taraf\u0131ndan salg\u0131lanan mineral olan aragonitin bir<br \/>\nbile\u015fenidir .<\/p>\n<p>\u00b7 EDTA, glukonat veya poliglukonat gibi<br \/>\nistenmeyen organik maddeler i\u00e7ermez<\/p>\n<p>\u00b7 Piyasadaki hemen hemen t\u00fcm di\u011fer toz<br \/>\nmagnezyum \u00fcr\u00fcnlerinden %300&#8242; daha etkili<\/p>\n<p>\u00b7 Uzman deniz bilimcileri taraf\u0131ndan<br \/>\nform\u00fcle edilmi\u015ftir.<\/p>\n<p>&nbsp;<\/p>\n<p>Resif akvaryumlar\u0131nda Magnezyum hayati bir rol oynar. Kalsiyum ve karbonat\u0131n birbirleriyle<br \/>\nistenmeyen inorganik \u00e7\u00f6kelmelerini s\u0131n\u0131rlayarak konsantrasyonlar\u0131n\u0131n korunmas\u0131na yard\u0131mc\u0131<br \/>\nolur. \u0130deal magnezyum de\u011feri resif akvaryumlar\u0131nda 1290-1380 ppm dir.<\/p>\n<p>Magnezyumun t\u00fcketim h\u0131z\u0131, resifi olu\u015fturan canl\u0131 yo\u011funlu\u011funa , ayd\u0131nlatma t\u00fcr\u00fcne ve di\u011fer biyolojik<br \/>\nko\u015fullar taraf\u0131ndan ba\u011fl\u0131d\u0131r . Bu nedenle, her akvaryumun magnezyum takviye<br \/>\noran\u0131 farkl\u0131l\u0131klar g\u00f6sterecektir.<\/p>\n<p>Takviye etmeden \u00f6nce do\u011fru bir test kiti kullanarak<br \/>\nakvaryumdaki magnezyum konsantrasyonunu belirleyin.<\/p>\n<p>Talimatlar ve Dozaj<\/p>\n<p>75 Litre akvaryum suyu<br \/>\ni\u00e7in 470 ml ozmos suyuna 2.5 gram (~3\/4 \u00e7ay ka\u015f\u0131\u011f\u0131) \u00fcr\u00fcn\u00fc \u00e7\u00f6z\u00fcn. Bu \u00e7\u00f6zelti<br \/>\nMagnezyum de\u011ferinizi 10 ppm art\u0131racakt\u0131r. Magnezyum konsantrasyonunu 1.290 &#8211;<br \/>\n1.320 ppm aral\u0131\u011f\u0131nda tutmak i\u00e7in g\u00fcn a\u015f\u0131r\u0131 veya gerekti\u011fi kadar ekleyin.<\/p>\n<p>&nbsp;<\/p>\n<p>\u0130\u00e7erik :<\/p>\n<p>Magnesium sulfate, Magnesium chloride (Toz)<\/p>\n<p>Boyutlar : | 800 |3200 GR<\/p>\n<p>Akvaryum katk\u0131lar\u0131 i\u00e7in, Akvaryum Merkezi olarak bizlere<br \/>\nba\u015fvurabilir, size en uygun ve kaliteli \u00fcr\u00fcnler i\u00e7in bilgi sahibi<br \/>\nolabilirsiniz.<\/p>\n<p>&nbsp;<\/p>\n<p>&nbsp;<\/p>\n<\/div>","protected":false},"excerpt":{"rendered":"<p>Brightwell &#8211; Magnesion-P &#8211; Dry Magnesium Supplement for Reef Aquaria &#8211; Magnezyum Toz &#8211; 3,2 KG &nbsp; \u00dcr\u00fcn Ad\u0131: Magnession-P<\/p>","protected":false},"featured_media":13118,"comment_status":"closed","ping_status":"open","template":"","meta":[],"pwb-brand":[],"product_brand":[79],"product_cat":[157],"product_tag":[],"class_list":{"0":"post-12591","1":"product","2":"type-product","3":"status-publish","4":"has-post-thumbnail","6":"product_brand-brightwell","7":"product_cat-katkilar","9":"first","10":"instock","11":"purchasable","12":"product-type-simple"},"brands":[],"_links":{"self":[{"href":"https:\/\/aquabluebursa.com\/en\/wp-json\/wp\/v2\/product\/12591","targetHints":{"allow":["GET"]}}],"collection":[{"href":"https:\/\/aquabluebursa.com\/en\/wp-json\/wp\/v2\/product"}],"about":[{"href":"https:\/\/aquabluebursa.com\/en\/wp-json\/wp\/v2\/types\/product"}],"replies":[{"embeddable":true,"href":"https:\/\/aquabluebursa.com\/en\/wp-json\/wp\/v2\/comments?post=12591"}],"wp:featuredmedia":[{"embeddable":true,"href":"https:\/\/aquabluebursa.com\/en\/wp-json\/wp\/v2\/media\/13118"}],"wp:attachment":[{"href":"https:\/\/aquabluebursa.com\/en\/wp-json\/wp\/v2\/media?parent=12591"}],"wp:term":[{"taxonomy":"pwb-brand","embeddable":true,"href":"https:\/\/aquabluebursa.com\/en\/wp-json\/wp\/v2\/pwb-brand?post=12591"},{"taxonomy":"product_brand","embeddable":true,"href":"https:\/\/aquabluebursa.com\/en\/wp-json\/wp\/v2\/product_brand?post=12591"},{"taxonomy":"product_cat","embeddable":true,"href":"https:\/\/aquabluebursa.com\/en\/wp-json\/wp\/v2\/product_cat?post=12591"},{"taxonomy":"product_tag","embeddable":true,"href":"https:\/\/aquabluebursa.com\/en\/wp-json\/wp\/v2\/product_tag?post=12591"}],"curies":[{"name":"wp","href":"https:\/\/api.w.org\/{rel}","templated":true}]}}