{"id":12593,"date":"2026-03-13T20:18:44","date_gmt":"2026-03-13T20:18:44","guid":{"rendered":"https:\/\/aquabluebursa.com\/magaza\/kategorilenmemis\/brightwell-calcion-p-32-kg\/"},"modified":"2026-03-13T20:18:45","modified_gmt":"2026-03-13T20:18:45","slug":"brightwell-calcion-p-32-kg","status":"publish","type":"product","link":"https:\/\/aquabluebursa.com\/en\/magaza\/katkilar\/brightwell-calcion-p-32-kg\/","title":{"rendered":"Brightwell &#8211; Calcion-P 3,2 KG"},"content":{"rendered":"<div>\n<p>Brightwell &#8211; Calcion-P &#8211; Dry Calcium Supplement for Reef Aquaria &#8211; Kalsiyum toz &#8211; 3,2 KG<\/p>\n<p>&nbsp;<\/p>\n<p><span style=\"font-weight: bold;\">\u00dcr\u00fcn Ad\u0131:<\/span>Calcion-P<\/p>\n<p><span style=\"font-weight: bold;\">S\u0131n\u0131f\u0131:<\/span> Kalsiyum toz<\/p>\n<p><span style=\"font-weight: bold;\">Mevcut Ebatlar<\/span>:<br \/>\n800-3200 GR<\/p>\n<p>&nbsp;<\/p>\n<p>&nbsp;<\/p>\n<p><span style=\"font-weight: bold;\">Genel bak\u0131\u015f<\/span><\/p>\n<p>\u2022 Y\u00fcksek<br \/>\nkonsantrasyonlu kalsiyum toz.<\/p>\n<p>\u2022 Mercanlar ve omurgas\u0131zlar\u0131n geli\u015fimive b\u00fcy\u00fcmesi i\u00e7in gerekli olan<br \/>\nkalsiyum konsantrasyonunun art\u0131r\u0131lmas\u0131 ve tamamlanmas\u0131 i\u00e7in kullan\u0131l\u0131r.<\/p>\n<p>\u2022 S\u0131v\u0131 kalsiyum \u00e7\u00f6zeltilerinden daha<br \/>\ng\u00fc\u00e7l\u00fc ve daha ekonomik<\/p>\n<p>\u2022 Di\u011fer<br \/>\nrakip \u00fcr\u00fcnlerin bir \u00e7o\u011fun dan %50 daha g\u00fc\u00e7l\u00fc ve etkilidir.<\/p>\n<p>\u2022 Fosfat,<br \/>\nsilikat ve organik madde i\u00e7ermez.<\/p>\n<p>\u2022 Uzman deniz bilimcileri taraf\u0131ndan form\u00fcle edilerek<br \/>\n\u00fcretilmi\u015ftir.<\/p>\n<p>&nbsp;<\/p>\n<p>Kalsiyum, deniz suyundaki en yayg\u0131n iyonlardan biridir.<br \/>\nMercanlar, istiridye ler ve di\u011fer t\u00fcm kabuklular\u0131n iskelet yap\u0131s\u0131n\u0131 olu\u015fturan<br \/>\ntemel yap\u0131 ta\u015f\u0131d\u0131r.<\/p>\n<p>Deniz suyunda<br \/>\nkalsiyum yakla\u015f\u0131k 412 ppm konsantrasyonda bulunur; Mercan akvaryumlar\u0131nda,<br \/>\nkalsiyumu 412 &#8211; 430 ppm aral\u0131\u011f\u0131nda tutmak, di\u011fer t\u00fcm fiziksel ve kimyasal<br \/>\ngereksinimler kar\u015f\u0131land\u0131\u011f\u0131nda mercanlar\u0131n ve omurgas\u0131zlar\u0131n h\u0131zla b\u00fcy\u00fcmesini<br \/>\nsa\u011flayacakt\u0131r.<\/p>\n<p>Bir resif akvaryumundaKalsiyum t\u00fcketimi ,<br \/>\nakvaryumunuzdaki canl\u0131 stokunuza,<br \/>\nayd\u0131nlatma t\u00fcr\u00fcn\u00fcze, su sirk\u00fclasyon h\u0131z\u0131n\u0131za ve di\u011fer biyolojik, fiziksel ve<br \/>\nkimyasal ko\u015fullar\u0131n\u0131za ba\u011fl\u0131d\u0131r. Bu etkenlery\u00fcz\u00fcnden, her akvaryumun kalsiyum t\u00fcketimi farkl\u0131l\u0131k g\u00f6sterir.<\/p>\n<p>Akvaryumunuz dakig\u00fcnl\u00fck kalsiyum t\u00fcketim oran\u0131n\u0131<br \/>\nbilmeniz ve bu do\u011frultuda maksimum g\u00fcnl\u00fck 20 ppm i ge\u00e7meyecek \u015fekilde ilave yapman\u0131z \u00e7ok \u00f6nemlidir.<\/p>\n<p><span style=\"font-weight: bold;\">Talimatlar ve Dozaj<\/span><\/p>\n<p>75 Litre akvaryum suyu i\u00e7in 2 gram (~\u00bd \u00e7ay ka\u015f\u0131\u011f\u0131) \u00fcr\u00fcn\u00fc 250<br \/>\nml ozmos suyunda \u00e7\u00f6z\u00fcn. G\u00fcn a\u015f\u0131r\u0131 veya<br \/>\nkalsiyum konsantrasyonunu 412 &#8211; 430 ppm aral\u0131\u011f\u0131nda tutmak i\u00e7in gerekti\u011fi kadar<br \/>\nekleyin. Bu \u015fekilde kullan\u0131ld\u0131\u011f\u0131nda 800 g, 30.000 Litreye kadar i\u015flem yapar.<\/p>\n<p><span style=\"font-weight: bold;\">\u0130\u00e7indekiler: <\/span>Kalsiyum<br \/>\nklor\u00fcr (toz)<\/p>\n<p>Akvaryum katk\u0131lar\u0131 i\u00e7in, Akvaryum Merkezi olarak bizlere<br \/>\nba\u015fvurabilir, size en uygun ve kaliteli \u00fcr\u00fcnler i\u00e7in bilgi sahibi<br \/>\nolabilirsiniz..<\/p>\n<p>&nbsp;<\/p>\n<p>&nbsp;<\/p>\n<\/div>","protected":false},"excerpt":{"rendered":"<p>Brightwell &#8211; Calcion-P &#8211; Dry Calcium Supplement for Reef Aquaria &#8211; Kalsiyum toz &#8211; 3,2 KG &nbsp; \u00dcr\u00fcn Ad\u0131:Calcion-P S\u0131n\u0131f\u0131:<\/p>","protected":false},"featured_media":13120,"comment_status":"closed","ping_status":"open","template":"","meta":[],"pwb-brand":[],"product_brand":[79],"product_cat":[157],"product_tag":[],"class_list":{"0":"post-12593","1":"product","2":"type-product","3":"status-publish","4":"has-post-thumbnail","6":"product_brand-brightwell","7":"product_cat-katkilar","9":"first","10":"outofstock","11":"purchasable","12":"product-type-simple"},"brands":[],"_links":{"self":[{"href":"https:\/\/aquabluebursa.com\/en\/wp-json\/wp\/v2\/product\/12593","targetHints":{"allow":["GET"]}}],"collection":[{"href":"https:\/\/aquabluebursa.com\/en\/wp-json\/wp\/v2\/product"}],"about":[{"href":"https:\/\/aquabluebursa.com\/en\/wp-json\/wp\/v2\/types\/product"}],"replies":[{"embeddable":true,"href":"https:\/\/aquabluebursa.com\/en\/wp-json\/wp\/v2\/comments?post=12593"}],"wp:featuredmedia":[{"embeddable":true,"href":"https:\/\/aquabluebursa.com\/en\/wp-json\/wp\/v2\/media\/13120"}],"wp:attachment":[{"href":"https:\/\/aquabluebursa.com\/en\/wp-json\/wp\/v2\/media?parent=12593"}],"wp:term":[{"taxonomy":"pwb-brand","embeddable":true,"href":"https:\/\/aquabluebursa.com\/en\/wp-json\/wp\/v2\/pwb-brand?post=12593"},{"taxonomy":"product_brand","embeddable":true,"href":"https:\/\/aquabluebursa.com\/en\/wp-json\/wp\/v2\/product_brand?post=12593"},{"taxonomy":"product_cat","embeddable":true,"href":"https:\/\/aquabluebursa.com\/en\/wp-json\/wp\/v2\/product_cat?post=12593"},{"taxonomy":"product_tag","embeddable":true,"href":"https:\/\/aquabluebursa.com\/en\/wp-json\/wp\/v2\/product_tag?post=12593"}],"curies":[{"name":"wp","href":"https:\/\/api.w.org\/{rel}","templated":true}]}}