{"id":12595,"date":"2026-03-13T20:18:44","date_gmt":"2026-03-13T20:18:44","guid":{"rendered":"https:\/\/aquabluebursa.com\/magaza\/kategorilenmemis\/brightwell-alkalin8-3-p-4-kg\/"},"modified":"2026-03-13T20:18:45","modified_gmt":"2026-03-13T20:18:45","slug":"brightwell-alkalin8-3-p-4-kg","status":"publish","type":"product","link":"https:\/\/aquabluebursa.com\/en\/magaza\/katkilar\/brightwell-alkalin8-3-p-4-kg\/","title":{"rendered":"Brightwell &#8211; Alkalin8.3-P 4 KG"},"content":{"rendered":"<div>\n<p>Brightwell &#8211; Alkalin8.3-P\u00a0 &#8211; Dry pH Buffer &#038; Alkalinity(KH)-Builder &#8211; Bikarbonat Toz &#8211; 4 KG<\/p>\n<p>&nbsp;<\/p>\n<p><span style=\"font-weight: bold;\">\u00dcr\u00fcn Ad\u0131:<\/span> Alkalin8.3-P<\/p>\n<p><span style=\"font-weight: bold;\">S\u0131n\u0131f\u0131:<\/span> Bikarbonat<br \/>\ntoz<\/p>\n<p><span style=\"font-weight: bold;\">Mevcut Ebatlar<\/span>: 1000-4000 GR<\/p>\n<p>&nbsp;<\/p>\n<p><span style=\"font-weight: bold;\">\u00dcr\u00fcn Bilgisi:<\/span><\/p>\n<p>\u00b7 Alkaliniteyi y\u00fckseltir, pH&#8217;\u0131 8.3&#8217;e<br \/>\nayarlar<\/p>\n<p>\u00b7 Alkalin 8.3P , sodyum karbonat gibi<br \/>\ntek bile\u015fenli KH \u00fcr\u00fcnlerinin aksine, pH&#8217;\u0131 d\u00fczenleyen \u00e7ok bile\u015fenli bir otomatik<br \/>\ntampondur. Kullan\u0131m\u0131 \u00e7ok daha kararl\u0131 bir akvaryum sa\u011flar.<\/p>\n<p>\u00b7 Zay\u0131f tuz kar\u0131\u015f\u0131mlar\u0131n\u0131n ve etkisiz<br \/>\ntamponlama \u00fcr\u00fcnlerinin neden oldu\u011fu pH ve KH dengesizli\u011fini ortadan kald\u0131r\u0131r.<\/p>\n<p>\u00b7 Y\u00fcksek etkili alkalinite artt\u0131r\u0131c\u0131 toz kar\u0131\u015f\u0131m.<\/p>\n<p>\u00b7 Alkaliniteyi y\u00fckselterek bir<br \/>\nakvaryumda pH stabilitesini art\u0131rmaya yard\u0131mc\u0131 olur; s\u00fcrekli ilave, pH&#8217;\u0131 8.3&#8217;e<br \/>\nula\u015f\u0131lana kadar y\u00fckseltir, bu noktada pH de\u011fi\u015fmeden kal\u0131r ve tek ba\u015f\u0131na<br \/>\nalkalilik artar.<\/p>\n<p>\u00b7 Resif olu\u015fturan organizmalar<br \/>\ntaraf\u0131ndan iskelet malzemesi olarak salg\u0131lanan mineral olan aragonitin<br \/>\na\u011f\u0131rl\u0131k\u00e7a \u00e7o\u011funlu\u011funu olu\u015fturan bir karbonat kayna\u011f\u0131 sa\u011flar.<\/p>\n<p>\u00b7 Bir deniz bilimcisi taraf\u0131ndan<br \/>\nform\u00fcle edilmi\u015ftir.<\/p>\n<p>\u00b7 Takviye \u00f6ncesinde do\u011fru bir test kiti<br \/>\nile akvaryumdaki alkaliniteyi belirleyin. Bu \u00fcr\u00fcn\u00fc, belirtilen \u015fekilde suyla<br \/>\nseyreltmeden do\u011frudan bir akvaryuma eklemeyin.<\/p>\n<p>Karbonat sertli\u011fi veya tamponlama kapasitesi olarak da<br \/>\nbilinen alkalinite ,Akvaryumlar\u0131m\u0131z daki phstabilizasyonu nu \u00f6l\u00e7menin en<br \/>\nbilinen yoludur . Alkalinite, ph \u00fczerindekietkisi sebebiyle deniz<br \/>\nakvaryumlar\u0131nda takip edilmesi gereken en \u00f6nemli de\u011ferdir. Bir akvaryumda,<br \/>\noksijen t\u00fcketimi ve organik maddelerin<br \/>\nayr\u0131\u015fmas\u0131yla olu\u015fan asitler, yava\u015f yava\u015f<br \/>\nalkaliniteyi t\u00fcketir. Bu t\u00fcketimi tamamlamad\u0131\u011f\u0131n\u0131z zaman alkalinite kritik bir seviyenin alt\u0131na d\u00fc\u015fer<br \/>\nve pH normalde \u00f6nerilenden daha fazladalgalanmaya ba\u015flar (deniz akvaryumlar\u0131nda g\u00fcnl\u00fck pH de\u011fi\u015fimi +\/-<br \/>\n0,2&#8217;dir), bu dalgalanma akvaryumlar\u0131m\u0131zda t\u00fcm canl\u0131lar\u0131 strese sokar ve<br \/>\nhastalanmalar\u0131na sebep olur.<\/p>\n<p>Deniz akvaryumlar\u0131nda alkalinite seviyesini7 &#8211; 9 dKH aras\u0131nda tutmak<br \/>\ngenellikle pH&#8217;\u0131 \u00f6nerilen seviyede sabit tutman\u0131z\u0131 sa\u011flar. Bir resif<br \/>\nakvaryumunda alkalinite t\u00fcketimi,<br \/>\nakvaryumunuzdaki canl\u0131 stokunuza,<br \/>\nayd\u0131nlatma t\u00fcr\u00fcn\u00fcze, su sirk\u00fclasyon h\u0131z\u0131n\u0131za ve di\u011fer biyolojik, fiziksel ve<br \/>\nkimyasal ko\u015fullar\u0131n\u0131za ba\u011fl\u0131d\u0131r. Bu etkenlery\u00fcz\u00fcnden, her akvaryumun alkalinite t\u00fcketimi farkl\u0131l\u0131k g\u00f6sterir.<\/p>\n<p>Akvaryumunuz dakig\u00fcnl\u00fck alkalinite t\u00fcketim oran\u0131n\u0131<br \/>\nbilmeniz ve bu do\u011frultuda g\u00fcnl\u00fck 1 dkh ge\u00e7meyecek \u015fekilde ilave yapman\u0131z \u00e7ok \u00f6nemlidir.<\/p>\n<p>&nbsp;<\/p>\n<p><span style=\"font-weight: bold;\">Talimatlar ve Dozaj:<\/span><\/p>\n<p>75 Litre akvaryum suyu i\u00e7in 2 gram (~\u00bd \u00e7ay ka\u015f\u0131\u011f\u0131) Alkalin-P<br \/>\nyi 250 ml ozmos suda \u00e7\u00f6z\u00fcn. Alkaliniteyi 7 &#8211; 9 dKH aral\u0131\u011f\u0131nda tutmak i\u00e7in<br \/>\ng\u00fcn a\u015f\u0131r\u0131 veya gerekti\u011fi kadar ekleyin. Bu \u015fekilde kullan\u0131ld\u0131\u011f\u0131nda 1.000<br \/>\ng, 37 Ton a kadar i\u015flem yapar.<\/p>\n<p><span style=\"font-weight: bold;\">Boyutlar<\/span> : 1000-4000 ML<\/p>\n<p>Akvaryum katk\u0131lar\u0131 i\u00e7in, Akvaryum Merkezi olarak bizlere<br \/>\nba\u015fvurabilir, size en uygun ve kaliteli \u00fcr\u00fcnler i\u00e7in bilgi sahibi<br \/>\nolabilirsiniz.<\/p>\n<p>&nbsp;<\/p>\n<p>&nbsp;<\/p>\n<\/div>","protected":false},"excerpt":{"rendered":"<p>Brightwell &#8211; Alkalin8.3-P\u00a0 &#8211; Dry pH Buffer &#038; Alkalinity(KH)-Builder &#8211; Bikarbonat Toz &#8211; 4 KG &nbsp; \u00dcr\u00fcn Ad\u0131: Alkalin8.3-P S\u0131n\u0131f\u0131:<\/p>","protected":false},"featured_media":13122,"comment_status":"closed","ping_status":"open","template":"","meta":[],"pwb-brand":[],"product_brand":[79],"product_cat":[157],"product_tag":[],"class_list":{"0":"post-12595","1":"product","2":"type-product","3":"status-publish","4":"has-post-thumbnail","6":"product_brand-brightwell","7":"product_cat-katkilar","9":"first","10":"outofstock","11":"purchasable","12":"product-type-simple"},"brands":[],"_links":{"self":[{"href":"https:\/\/aquabluebursa.com\/en\/wp-json\/wp\/v2\/product\/12595","targetHints":{"allow":["GET"]}}],"collection":[{"href":"https:\/\/aquabluebursa.com\/en\/wp-json\/wp\/v2\/product"}],"about":[{"href":"https:\/\/aquabluebursa.com\/en\/wp-json\/wp\/v2\/types\/product"}],"replies":[{"embeddable":true,"href":"https:\/\/aquabluebursa.com\/en\/wp-json\/wp\/v2\/comments?post=12595"}],"wp:featuredmedia":[{"embeddable":true,"href":"https:\/\/aquabluebursa.com\/en\/wp-json\/wp\/v2\/media\/13122"}],"wp:attachment":[{"href":"https:\/\/aquabluebursa.com\/en\/wp-json\/wp\/v2\/media?parent=12595"}],"wp:term":[{"taxonomy":"pwb-brand","embeddable":true,"href":"https:\/\/aquabluebursa.com\/en\/wp-json\/wp\/v2\/pwb-brand?post=12595"},{"taxonomy":"product_brand","embeddable":true,"href":"https:\/\/aquabluebursa.com\/en\/wp-json\/wp\/v2\/product_brand?post=12595"},{"taxonomy":"product_cat","embeddable":true,"href":"https:\/\/aquabluebursa.com\/en\/wp-json\/wp\/v2\/product_cat?post=12595"},{"taxonomy":"product_tag","embeddable":true,"href":"https:\/\/aquabluebursa.com\/en\/wp-json\/wp\/v2\/product_tag?post=12595"}],"curies":[{"name":"wp","href":"https:\/\/api.w.org\/{rel}","templated":true}]}}