{"id":12597,"date":"2026-03-13T20:18:48","date_gmt":"2026-03-13T20:18:48","guid":{"rendered":"https:\/\/aquabluebursa.com\/magaza\/kategorilenmemis\/brightwell-koral-md-pro-30-ml\/"},"modified":"2026-03-13T20:18:49","modified_gmt":"2026-03-13T20:18:49","slug":"brightwell-koral-md-pro-30-ml","status":"publish","type":"product","link":"https:\/\/aquabluebursa.com\/en\/magaza\/balik-ve-mercan-bakimi\/brightwell-koral-md-pro-30-ml\/","title":{"rendered":"Brightwell &#8211; Koral MD Pro 30 ml"},"content":{"rendered":"<div>\n<p>Brightwell &#8211; Koral MD Pro &#8211; Mercanlar\u0131 Parazitlerden Ar\u0131nd\u0131rma Preperat\u0131 (Profesyonel) 30 ml<\/p>\n<p>&nbsp;<\/p>\n<p>&nbsp;<\/p>\n<p><span style=\"font-weight: bold;\">\u00dcr\u00fcn Ad\u0131:<\/span>Koral MD PRO<\/p>\n<p><span style=\"font-weight: bold;\">S\u0131n\u0131f\u0131:<\/span> Mercan temizleme preperat\u0131<\/p>\n<p><span style=\"font-weight: bold;\">Mevcut Ebatlar<\/span>: 30 ML<\/p>\n<p>&nbsp;<\/p>\n<p><span style=\"font-weight: bold;\">\u00dcr\u00fcn Bilgisi:<\/span><\/p>\n<p>\u00b7 Koral MD Coral Dip iyot i\u00e7ermez.<\/p>\n<p>\u00b7 Yeni mercanlar\u0131n, canl\u0131 kayalar\u0131n ve fraglar\u0131n<br \/>\ntemizlenmesinde kullan\u0131lmak \u00fczere, do\u011fal bitki \u00f6zleri ve ya\u011flar\u0131ndan yap\u0131lm\u0131\u015f,<br \/>\ntamamen do\u011fal bir profilaktik temizleyici, dald\u0131rma y\u00f6ntemidir.<\/p>\n<p>\u00b7 Akvaryuma eklemeden \u00f6nce mercanlar\u0131n<br \/>\ntemizlenmesine yard\u0131mc\u0131 olacakt\u0131r.<\/p>\n<p>\u00b7 Ayr\u0131ca istenmeyen maddelerin<br \/>\nakvaryuma ge\u00e7i\u015fini de \u00f6nleyecektir.<\/p>\n<p>\u00b7 Fraglanm\u0131\u015f mercanlar\u0131n yeni ortamlar\u0131na al\u0131\u015fmas\u0131na ve yeni veya hasarl\u0131 mercanlar\u0131n<br \/>\ny\u0131kanmas\u0131na yard\u0131mc\u0131 olacakt\u0131r.<\/p>\n<p>\u00b7 Ta\u015fl\u0131 ve yumu\u015fak mercanlar\u0131, deniz<br \/>\nanemonlar\u0131n\u0131, mantar anemonlar\u0131n\u0131 ve zoanthidleri dald\u0131rmak i\u00e7in g\u00fcvenlidir.<\/p>\n<p>\u00b7 Bu \u00fcr\u00fcn bir ila\u00e7 veya ev<br \/>\ntemizleyicisi de\u011fildir.<\/p>\n<p><span style=\"font-weight: bold;\">Talimatlar ve Dozaj:<\/span><\/p>\n<p>Her kullan\u0131mdan \u00f6nce \u015fi\u015feyi \u00e7ok iyi \u00e7alkalay\u0131n\u0131z. Kullan\u0131rken<br \/>\nlastik eldiven ve g\u00f6zl\u00fck tak\u0131n! Doz a\u015f\u0131m\u0131 yapmay\u0131n! Plastik bir kapta 4 litre akvaryum suyuna 30 damla veya 1.5 ml Koral<br \/>\nMD pro ekleyin . \u0130yice kar\u0131\u015ft\u0131r\u0131n. Mercan\u0131 kar\u0131\u015f\u0131ma yerle\u015ftirin. T\u00fcm mercan\u0131n<br \/>\ndald\u0131r\u0131ld\u0131\u011f\u0131ndan emin olun. Mercan\u0131 bu dald\u0131rmada 5 ila 10 dakika y\u0131kay\u0131n (15<br \/>\ndakika mutlak maksimumdur). Mercan, kar\u0131\u015f\u0131m\u0131n i\u00e7indeyken, kar\u0131\u015f\u0131m\u0131 hafif\u00e7e<br \/>\n\u00e7alkalay\u0131n.<\/p>\n<p><span style=\"font-weight: bold;\">D\u0130KKAT: BALIK Ve<br \/>\nOMURGASIZLARDA KULLANILMAZ.<\/span><\/p>\n<p><span style=\"font-weight: bold;\">Boyutlar<\/span> : 30 ML<\/p>\n<p>Akvaryum katk\u0131lar\u0131 i\u00e7in, Akvaryum Merkezi olarak bizlere<br \/>\nba\u015fvurabilir, size en uygun ve kaliteli \u00fcr\u00fcnler i\u00e7in bilgi sahibi<br \/>\nolabilirsiniz.<\/p>\n<p>&nbsp;<\/p>\n<p>&nbsp;<\/p>\n<\/div>","protected":false},"excerpt":{"rendered":"<p>Brightwell &#8211; Koral MD Pro &#8211; Mercanlar\u0131 Parazitlerden Ar\u0131nd\u0131rma Preperat\u0131 (Profesyonel) 30 ml &nbsp; &nbsp; \u00dcr\u00fcn Ad\u0131:Koral MD PRO S\u0131n\u0131f\u0131:<\/p>","protected":false},"featured_media":13124,"comment_status":"closed","ping_status":"open","template":"","meta":[],"pwb-brand":[],"product_brand":[79],"product_cat":[156],"product_tag":[],"class_list":{"0":"post-12597","1":"product","2":"type-product","3":"status-publish","4":"has-post-thumbnail","6":"product_brand-brightwell","7":"product_cat-balik-ve-mercan-bakimi","9":"first","10":"instock","11":"purchasable","12":"product-type-simple"},"brands":[],"_links":{"self":[{"href":"https:\/\/aquabluebursa.com\/en\/wp-json\/wp\/v2\/product\/12597","targetHints":{"allow":["GET"]}}],"collection":[{"href":"https:\/\/aquabluebursa.com\/en\/wp-json\/wp\/v2\/product"}],"about":[{"href":"https:\/\/aquabluebursa.com\/en\/wp-json\/wp\/v2\/types\/product"}],"replies":[{"embeddable":true,"href":"https:\/\/aquabluebursa.com\/en\/wp-json\/wp\/v2\/comments?post=12597"}],"wp:featuredmedia":[{"embeddable":true,"href":"https:\/\/aquabluebursa.com\/en\/wp-json\/wp\/v2\/media\/13124"}],"wp:attachment":[{"href":"https:\/\/aquabluebursa.com\/en\/wp-json\/wp\/v2\/media?parent=12597"}],"wp:term":[{"taxonomy":"pwb-brand","embeddable":true,"href":"https:\/\/aquabluebursa.com\/en\/wp-json\/wp\/v2\/pwb-brand?post=12597"},{"taxonomy":"product_brand","embeddable":true,"href":"https:\/\/aquabluebursa.com\/en\/wp-json\/wp\/v2\/product_brand?post=12597"},{"taxonomy":"product_cat","embeddable":true,"href":"https:\/\/aquabluebursa.com\/en\/wp-json\/wp\/v2\/product_cat?post=12597"},{"taxonomy":"product_tag","embeddable":true,"href":"https:\/\/aquabluebursa.com\/en\/wp-json\/wp\/v2\/product_tag?post=12597"}],"curies":[{"name":"wp","href":"https:\/\/api.w.org\/{rel}","templated":true}]}}