{"id":12602,"date":"2026-03-13T20:18:57","date_gmt":"2026-03-13T20:18:57","guid":{"rendered":"https:\/\/aquabluebursa.com\/magaza\/kategorilenmemis\/brightwell-frag-recover-250-ml\/"},"modified":"2026-03-13T20:18:57","modified_gmt":"2026-03-13T20:18:57","slug":"brightwell-frag-recover-250-ml","status":"publish","type":"product","link":"https:\/\/aquabluebursa.com\/en\/magaza\/balik-ve-mercan-bakimi\/brightwell-frag-recover-250-ml\/","title":{"rendered":"Brightwell &#8211; Frag Recover 250 ml"},"content":{"rendered":"<div>Brightwell &#8211; Frag Recover &#8211; Mercan Bak\u0131m \u00c7\u00f6zeltisi 250 ml<\/div>\n<div><\/div>\n<div>\n<p>\u00dcr\u00fcn Ad\u0131: FragRecover<\/p>\n<p>S\u0131n\u0131f\u0131: Mercan bak\u0131m &#038; tedavisi<\/p>\n<p>Mevcut Ebatlar: 125-250 ML<\/p>\n<p>&nbsp;<\/p>\n<p>\u00dcr\u00fcn Bilgisi:<\/p>\n<p>\u00b7 Par\u00e7alamadan sonra mercan<br \/>\niyile\u015fmesini ve b\u00fcy\u00fcmesini h\u0131zland\u0131rmak i\u00e7in tamamen do\u011fal, bitkisel par\u00e7a<br \/>\ndald\u0131rma.<\/p>\n<p>\u00b7 Akvaryuma hastal\u0131k bula\u015fmas\u0131n\u0131<br \/>\n\u00f6nlemeye yard\u0131mc\u0131 olur.<\/p>\n<p>\u00b7 Par\u00e7alaman\u0131n ard\u0131ndan mercan stresini<br \/>\nazalt\u0131r.<\/p>\n<p>\u00b7 Par\u00e7a kesilmesi nedeniyle gerekli<br \/>\nolan mercan dokusunun yeniden b\u00fcy\u00fcmesini uyar\u0131r.<\/p>\n<p>\u00b7 Yumu\u015fak, LPS ve SPS olmak \u00fczere t\u00fcm<br \/>\nmercan \u00e7e\u015fitleri i\u00e7in g\u00fcvenlidir.<\/p>\n<p>\u00b7 Akvaryuma par\u00e7ac\u0131k eklemeden \u00f6nce<br \/>\netkili profilaktik tedavi.<\/p>\n<p>&nbsp;<\/p>\n<p>Talimatlar ve Dozaj:<\/p>\n<p>\u00dcr\u00fcn\u00fc kullanmadan \u00f6nce iyice \u00e7alkalay\u0131n. Frag Recover<br \/>\nsol\u00fcsyonunu haz\u0131rlamak i\u00e7in 2 Litre<br \/>\nakvaryum suyuna 20 mL (4 kap) Frag Recover ekleyin. \u00dcr\u00fcn\u00fc e\u015fit \u015fekilde da\u011f\u0131tmak<br \/>\ni\u00e7in \u00e7\u00f6zeltiyi kar\u0131\u015ft\u0131r\u0131n. Mercan fraglar\u0131n\u0131z\u0131 kaplayacak kadar \u00e7\u00f6zelti olu\u015fturun. Se\u00e7ilen<br \/>\nmercan kesildikten sonra, fraglanm\u0131\u015f<br \/>\npar\u00e7ay\u0131 haz\u0131rlanan Frag Recover&#8217;a<br \/>\nyerle\u015ftirin.5 dakika boyunca frag dald\u0131rma sol\u00fcsyonunda bekletin. hedeflenen<br \/>\nb\u00f6lgelere do\u011fu ak\u0131nt\u0131 yaparak yada sallaman\u0131z etkisini artt\u0131racakt\u0131r.<\/p>\n<p>D\u0130KKAT: BALIK Ve<br \/>\nOMURGASIZLARDA KULLANILMAZ.<\/p>\n<p>Boyutlar : 125-250 ML<\/p>\n<p>Akvaryum katk\u0131lar\u0131 i\u00e7in, Akvaryum Merkezi olarak bizlere<br \/>\nba\u015fvurabilir, size en uygun ve kaliteli \u00fcr\u00fcnler i\u00e7in bilgi sahibi<br \/>\nolabilirsiniz.<\/p>\n<p>&nbsp;<\/p>\n<\/div>","protected":false},"excerpt":{"rendered":"<p>Brightwell &#8211; Frag Recover &#8211; Mercan Bak\u0131m \u00c7\u00f6zeltisi 250 ml \u00dcr\u00fcn Ad\u0131: FragRecover S\u0131n\u0131f\u0131: Mercan bak\u0131m &#038; tedavisi Mevcut Ebatlar:<\/p>","protected":false},"featured_media":13129,"comment_status":"closed","ping_status":"open","template":"","meta":[],"pwb-brand":[],"product_brand":[79],"product_cat":[156],"product_tag":[],"class_list":{"0":"post-12602","1":"product","2":"type-product","3":"status-publish","4":"has-post-thumbnail","6":"product_brand-brightwell","7":"product_cat-balik-ve-mercan-bakimi","9":"first","10":"instock","11":"purchasable","12":"product-type-simple"},"brands":[],"_links":{"self":[{"href":"https:\/\/aquabluebursa.com\/en\/wp-json\/wp\/v2\/product\/12602","targetHints":{"allow":["GET"]}}],"collection":[{"href":"https:\/\/aquabluebursa.com\/en\/wp-json\/wp\/v2\/product"}],"about":[{"href":"https:\/\/aquabluebursa.com\/en\/wp-json\/wp\/v2\/types\/product"}],"replies":[{"embeddable":true,"href":"https:\/\/aquabluebursa.com\/en\/wp-json\/wp\/v2\/comments?post=12602"}],"wp:featuredmedia":[{"embeddable":true,"href":"https:\/\/aquabluebursa.com\/en\/wp-json\/wp\/v2\/media\/13129"}],"wp:attachment":[{"href":"https:\/\/aquabluebursa.com\/en\/wp-json\/wp\/v2\/media?parent=12602"}],"wp:term":[{"taxonomy":"pwb-brand","embeddable":true,"href":"https:\/\/aquabluebursa.com\/en\/wp-json\/wp\/v2\/pwb-brand?post=12602"},{"taxonomy":"product_brand","embeddable":true,"href":"https:\/\/aquabluebursa.com\/en\/wp-json\/wp\/v2\/product_brand?post=12602"},{"taxonomy":"product_cat","embeddable":true,"href":"https:\/\/aquabluebursa.com\/en\/wp-json\/wp\/v2\/product_cat?post=12602"},{"taxonomy":"product_tag","embeddable":true,"href":"https:\/\/aquabluebursa.com\/en\/wp-json\/wp\/v2\/product_tag?post=12602"}],"curies":[{"name":"wp","href":"https:\/\/api.w.org\/{rel}","templated":true}]}}