{"id":12608,"date":"2026-03-13T20:19:04","date_gmt":"2026-03-13T20:19:04","guid":{"rendered":"https:\/\/aquabluebursa.com\/magaza\/kategorilenmemis\/brightwell-neonitro-250-ml\/"},"modified":"2026-03-13T20:19:04","modified_gmt":"2026-03-13T20:19:04","slug":"brightwell-neonitro-250-ml","status":"publish","type":"product","link":"https:\/\/aquabluebursa.com\/en\/magaza\/katkilar\/brightwell-neonitro-250-ml\/","title":{"rendered":"Brightwell &#8211; NeoNitro 250 ml"},"content":{"rendered":"<div>Brightwell &#8211; NeoNitro &#8211; Balanced Nitrogen Supplement for Ultra-Low Nutrient Reef Aquarium Systems &#8211; Azot Bile\u015fi\u011fi &#8211;\u00a0 250 ml<\/div>\n<div><\/div>\n<div>\n<p>\u00dcr\u00fcn Ad\u0131: NeoNitro<\/p>\n<p>S\u0131n\u0131f\u0131: Azot<br \/>\nbile\u015fi\u011fi<\/p>\n<p>Mevcut Ebatlar: 250 ML<\/p>\n<p>&nbsp;<\/p>\n<p>\u00dcr\u00fcn Bilgisi:<\/p>\n<p>\u00b7 D\u00fc\u015f\u00fck Besinli Resif Akvaryumlar\u0131 i\u00e7in<br \/>\nDengeli Azot Kayna\u011f\u0131<\/p>\n<p>\u00b7 Yaln\u0131zca ultra d\u00fc\u015f\u00fck besin i\u00e7eri\u011fi<br \/>\nsistemlerini koruyan geli\u015fmi\u015f resif akvaryumlar\u0131 i\u00e7in kullan\u0131lmas\u0131 \u00f6nerilir.<\/p>\n<p>\u00b7 Azot i\u00e7eri\u011finin (nitrat ve fosfat\u0131n)<br \/>\n\u00e7ok d\u00fc\u015f\u00fck oldu\u011fu sistemlerde do\u011fal fosfor al\u0131m\u0131n\u0131n ger\u00e7ekle\u015fmesini sa\u011flar,<br \/>\nkimyasal filtrasyon ortam\u0131 kullan\u0131lmadan fosfat konsantrasyonunu d\u00fc\u015f\u00fcr\u00fcr ve<br \/>\nazot i\u00e7eri\u011fini y\u00fckseltmek i\u00e7in organik malzeme ile sistemi destekler .<\/p>\n<p>&nbsp;<\/p>\n<p>.Talimatlar ve Dozaj:<\/p>\n<p>~3 ppm&#8217;lik bir nitrat konsantrasyonu<br \/>\nelde etmek i\u00e7in NEONITRO&#8217;yu a\u015fa\u011f\u0131da belirtildi\u011fi \u015fekilde uygulay\u0131n.<\/p>\n<p>Do\u011fru test kitleri veya kalibre edilmi\u015f dijital test<br \/>\ncihazlar\u0131 kullanarak sistemdeki fosfat ve nitrat konsantrasyonlar\u0131n\u0131 belirleyin. 100 Litre ba\u015f\u0131na 1 ml NEONITRO dozlay\u0131n ve 24 saat ge\u00e7mesine izin verin,<br \/>\nard\u0131ndan fosfat ve nitrat konsantrasyonlar\u0131n\u0131 yeniden test edin. Fosfat konsantrasyonu istenen aral\u0131\u011fa<br \/>\ngelene kadar (\u00f6nerilen 0,01 &#8211; 0,02 ppm) nitrat konsantrasyonunu ~1 &#8211; 3 ppm&#8217;de<br \/>\ntutmak i\u00e7in NEONITRO ile dozlamaya devam edin . Daha sonra,istenen fosfat ve<br \/>\nnitrat konsantrasyonlar\u0131n\u0131 korumak i\u00e7in gereken \u015fekilde NEONITRO ile dozlay\u0131n.<\/p>\n<p>\u0130\u00e7erik : Ar\u0131t\u0131lm\u0131\u015f<br \/>\nsu, tescilli nitrojen tuzlar\u0131.<\/p>\n<p>Boyutlar : 250 ML<\/p>\n<p>Akvaryum katk\u0131lar\u0131 i\u00e7in, Akvaryum Merkezi olarak bizlere<br \/>\nba\u015fvurabilir, size en uygun ve kaliteli \u00fcr\u00fcnler i\u00e7in bilgi sahibi<br \/>\nolabilirsiniz.<\/p>\n<p>&nbsp;<\/p>\n<\/div>","protected":false},"excerpt":{"rendered":"<p>Brightwell &#8211; NeoNitro &#8211; Balanced Nitrogen Supplement for Ultra-Low Nutrient Reef Aquarium Systems &#8211; Azot Bile\u015fi\u011fi &#8211;\u00a0 250 ml \u00dcr\u00fcn<\/p>","protected":false},"featured_media":13135,"comment_status":"closed","ping_status":"open","template":"","meta":[],"pwb-brand":[],"product_brand":[79],"product_cat":[157],"product_tag":[],"class_list":{"0":"post-12608","1":"product","2":"type-product","3":"status-publish","4":"has-post-thumbnail","6":"product_brand-brightwell","7":"product_cat-katkilar","9":"first","10":"outofstock","11":"purchasable","12":"product-type-simple"},"brands":[],"_links":{"self":[{"href":"https:\/\/aquabluebursa.com\/en\/wp-json\/wp\/v2\/product\/12608","targetHints":{"allow":["GET"]}}],"collection":[{"href":"https:\/\/aquabluebursa.com\/en\/wp-json\/wp\/v2\/product"}],"about":[{"href":"https:\/\/aquabluebursa.com\/en\/wp-json\/wp\/v2\/types\/product"}],"replies":[{"embeddable":true,"href":"https:\/\/aquabluebursa.com\/en\/wp-json\/wp\/v2\/comments?post=12608"}],"wp:featuredmedia":[{"embeddable":true,"href":"https:\/\/aquabluebursa.com\/en\/wp-json\/wp\/v2\/media\/13135"}],"wp:attachment":[{"href":"https:\/\/aquabluebursa.com\/en\/wp-json\/wp\/v2\/media?parent=12608"}],"wp:term":[{"taxonomy":"pwb-brand","embeddable":true,"href":"https:\/\/aquabluebursa.com\/en\/wp-json\/wp\/v2\/pwb-brand?post=12608"},{"taxonomy":"product_brand","embeddable":true,"href":"https:\/\/aquabluebursa.com\/en\/wp-json\/wp\/v2\/product_brand?post=12608"},{"taxonomy":"product_cat","embeddable":true,"href":"https:\/\/aquabluebursa.com\/en\/wp-json\/wp\/v2\/product_cat?post=12608"},{"taxonomy":"product_tag","embeddable":true,"href":"https:\/\/aquabluebursa.com\/en\/wp-json\/wp\/v2\/product_tag?post=12608"}],"curies":[{"name":"wp","href":"https:\/\/api.w.org\/{rel}","templated":true}]}}