{"id":12609,"date":"2026-03-13T20:19:04","date_gmt":"2026-03-13T20:19:04","guid":{"rendered":"https:\/\/aquabluebursa.com\/magaza\/kategorilenmemis\/brightwell-reef-biofuel-250-ml\/"},"modified":"2026-03-13T20:19:04","modified_gmt":"2026-03-13T20:19:04","slug":"brightwell-reef-biofuel-250-ml","status":"publish","type":"product","link":"https:\/\/aquabluebursa.com\/en\/magaza\/bakteri-kulturleri\/brightwell-reef-biofuel-250-ml\/","title":{"rendered":"Brightwell &#8211; Reef BioFuel 250 ml"},"content":{"rendered":"<div>Brightwell &#8211; Reef BioFuel &#8211; Enhances Nutrient Uptake in Marine Aquaria &#8211; Bakteri Yemi &#8211; 250 ml<\/div>\n<div><\/div>\n<div>\n<p>\u00dcr\u00fcn Ad\u0131: Reef BioFuel<\/p>\n<p>S\u0131n\u0131f\u0131: Bakteri<br \/>\nyemi<\/p>\n<p>Mevcut Ebatlar: 250 ML<\/p>\n<p>&nbsp;<\/p>\n<p>\u00dcr\u00fcn Bilgisi:<\/p>\n<p>\u00b7 Deniz akvaryumlar\u0131 i\u00e7in \u00f6zel olarak<br \/>\nform\u00fcle edilmi\u015ftir.<\/p>\n<p>\u00b7 Nitrat ve fosfat\u0131n do\u011fal t\u00fckenmesiyle<br \/>\nsonu\u00e7lanan, sistemde bulunan bakterilerin daha fazla besin ve h\u00fccre solunumunu<br \/>\nsa\u011flamas\u0131 i\u00e7in haz\u0131rlanm\u0131\u015f bakteri<br \/>\nbesindir.<\/p>\n<p>\u00b7 \u015eeker ve, alkol i\u00e7ermeyen organik<br \/>\nkarbon kaynaklar\u0131n\u0131n bile\u015feni i\u00e7erir.<\/p>\n<p>\u00b7 Bakteriyo planktonun (bu organizmalar<br \/>\ni\u00e7in \u00f6nemli bir besin kayna\u011f\u0131) \u00fcremesini te\u015fvik ederek mercanlara ve di\u011fer<br \/>\ns\u00fcspansiyonla beslenen omurgas\u0131zlara dolayl\u0131 olarak fayda sa\u011flar.<\/p>\n<p>\u00b7 Mercanlar\u0131n\u0131z\u0131n polip a\u00e7\u0131l\u0131m\u0131n\u0131<br \/>\nte\u015fvik eder.<\/p>\n<p>\u00b7 Uzman deniz bilimcileri taraf\u0131ndan<br \/>\nform\u00fcle edilmi\u015ftir.<\/p>\n<p>Talimatlar ve Dozaj:<\/p>\n<p>Orta veya y\u00fckl\u00fc Akvaryumlarda : Her (190 L) akvaryum suyuna 5<br \/>\nml (250 ve 500 ml&#8217;lik \u015fi\u015felerde 1 kapak) ekleyin. Do\u011fru test kitleriyle fosfat<br \/>\nve nitrat konsantrasyonlar\u0131n\u0131 izleyin; fosfat ve nitrat, besin asimilasyon h\u0131z\u0131<br \/>\nbesin giri\u015fi oran\u0131n\u0131 ge\u00e7ti\u011finde yani nitrat ve fosfat\u0131n\u0131zda ki d\u00fc\u015f\u00fc\u015f\u00fc g\u00f6rmeye<br \/>\nba\u015flad\u0131\u011f\u0131n\u0131zda bak\u0131m dozuna ge\u00e7in .<\/p>\n<p>Genel bak\u0131m dozlamas\u0131: G\u00fcnl\u00fck dozlama, herhangi bir<br \/>\nakvaryum sisteminde mevcut besin maddelerinin en istikrarl\u0131 y\u00f6ntemidir. (400 L)<br \/>\nakvaryum suyuna 5 ml (250 ve 500 ml&#8217;lik \u015fi\u015felerde 1 kapak)<\/p>\n<p>\u0130\u00e7erik : Ar\u0131t\u0131lm\u0131\u015f<br \/>\nsu, ACS s\u0131n\u0131f\u0131 organik karbon kaynaklar\u0131n\u0131n tescilli kar\u0131\u015f\u0131m\u0131.<\/p>\n<p>Boyutlar : 250 ML<\/p>\n<p>Akvaryum katk\u0131lar\u0131 i\u00e7in, Akvaryum Merkezi olarak bizlere<br \/>\nba\u015fvurabilir, size en uygun ve kaliteli \u00fcr\u00fcnler i\u00e7in bilgi sahibi<br \/>\nolabilirsiniz.<\/p>\n<p>&nbsp;<\/p>\n<\/div>","protected":false},"excerpt":{"rendered":"<p>Brightwell &#8211; Reef BioFuel &#8211; Enhances Nutrient Uptake in Marine Aquaria &#8211; Bakteri Yemi &#8211; 250 ml \u00dcr\u00fcn Ad\u0131: Reef<\/p>","protected":false},"featured_media":13136,"comment_status":"closed","ping_status":"open","template":"","meta":[],"pwb-brand":[],"product_brand":[79],"product_cat":[158],"product_tag":[],"class_list":{"0":"post-12609","1":"product","2":"type-product","3":"status-publish","4":"has-post-thumbnail","6":"product_brand-brightwell","7":"product_cat-bakteri-kulturleri","9":"first","10":"instock","11":"purchasable","12":"product-type-simple"},"brands":[],"_links":{"self":[{"href":"https:\/\/aquabluebursa.com\/en\/wp-json\/wp\/v2\/product\/12609","targetHints":{"allow":["GET"]}}],"collection":[{"href":"https:\/\/aquabluebursa.com\/en\/wp-json\/wp\/v2\/product"}],"about":[{"href":"https:\/\/aquabluebursa.com\/en\/wp-json\/wp\/v2\/types\/product"}],"replies":[{"embeddable":true,"href":"https:\/\/aquabluebursa.com\/en\/wp-json\/wp\/v2\/comments?post=12609"}],"wp:featuredmedia":[{"embeddable":true,"href":"https:\/\/aquabluebursa.com\/en\/wp-json\/wp\/v2\/media\/13136"}],"wp:attachment":[{"href":"https:\/\/aquabluebursa.com\/en\/wp-json\/wp\/v2\/media?parent=12609"}],"wp:term":[{"taxonomy":"pwb-brand","embeddable":true,"href":"https:\/\/aquabluebursa.com\/en\/wp-json\/wp\/v2\/pwb-brand?post=12609"},{"taxonomy":"product_brand","embeddable":true,"href":"https:\/\/aquabluebursa.com\/en\/wp-json\/wp\/v2\/product_brand?post=12609"},{"taxonomy":"product_cat","embeddable":true,"href":"https:\/\/aquabluebursa.com\/en\/wp-json\/wp\/v2\/product_cat?post=12609"},{"taxonomy":"product_tag","embeddable":true,"href":"https:\/\/aquabluebursa.com\/en\/wp-json\/wp\/v2\/product_tag?post=12609"}],"curies":[{"name":"wp","href":"https:\/\/api.w.org\/{rel}","templated":true}]}}