{"id":12613,"date":"2026-03-13T20:19:08","date_gmt":"2026-03-13T20:19:08","guid":{"rendered":"https:\/\/aquabluebursa.com\/magaza\/kategorilenmemis\/brightwell-potassion-250-ml\/"},"modified":"2026-03-13T20:19:08","modified_gmt":"2026-03-13T20:19:08","slug":"brightwell-potassion-250-ml","status":"publish","type":"product","link":"https:\/\/aquabluebursa.com\/en\/magaza\/katkilar\/brightwell-potassion-250-ml\/","title":{"rendered":"Brightwell &#8211; Potassion 250 ml"},"content":{"rendered":"<div>Brightwell &#8211; Potassion &#8211; Concentrated Potassium Solution for Marine Aquaria &#8211; Potasyum Y\u00fckseltici \u00c7\u00f6zelti &#8211; 250 ml<\/div>\n<div><\/div>\n<div>\n<p>\u00dcr\u00fcn Ad\u0131: Potassion<\/p>\n<p>S\u0131n\u0131f\u0131: Potasyum<br \/>\ny\u00fckseltici \u00e7\u00f6zelti<\/p>\n<p>Mevcut Ebatlar: 250 \u2013 500 ML<\/p>\n<p>&nbsp;<\/p>\n<p>\u00dcr\u00fcn Bilgisi:<\/p>\n<p>\u00b7 Y\u00fcksek konsantrasyonlu iyonik<br \/>\npotasyum \u00e7\u00f6zeltisi.<\/p>\n<p>\u00b7 mercanlar ve di\u011fer resif olu\u015fturan<br \/>\ndeniz organizmalar\u0131n b\u00fcy\u00fcmek ve geli\u015fimi i\u00e7in kulland\u0131\u011f\u0131 bile\u015fendir.<\/p>\n<p>\u00b7 Bir \u00e7ok sert mercan\u0131n mavi rengini<br \/>\nart\u0131ran pigmentleri destekler ve artmas\u0131n\u0131 sa\u011flar<\/p>\n<p>\u00b7 80.000 ppmK; rakiplerinden \u00e7ok daha<br \/>\ng\u00fc\u00e7l\u00fc ve daha ekonomik<\/p>\n<p>\u00b7 Genellikle potasyum t\u00fckenmesiyle m\u00fccadele etmek i\u00e7in<br \/>\nkullan\u0131labilir.<\/p>\n<p>\u00b7 Uzman deniz bilimcileri taraf\u0131ndan<br \/>\nform\u00fcle edilmi\u015ftir.<\/p>\n<p>Do\u011fal deniz suyunda potasyum,<br \/>\n~399 ppm ve ~413 ppm aral\u0131\u011f\u0131ndad\u0131r. Ana elementlerden biridir.<br \/>\nAragonitin bir bile\u015fenidir.<\/p>\n<p>Potasyumun 390 &#8211; 410 ppm aral\u0131\u011f\u0131nda tutulmas\u0131, di\u011fer t\u00fcm<br \/>\nfiziksel ve kimyasal gereksinimler kar\u015f\u0131land\u0131\u011f\u0131nda mercanlar\u0131n sa\u011fl\u0131\u011f\u0131,<br \/>\nb\u00fcy\u00fcmesi ve renklenmesi i\u00e7in yeterlidir. Potasyumun t\u00fcketim h\u0131z\u0131, a\u011f\u0131rl\u0131kl\u0131 potasyum<br \/>\nt\u00fcketen mercanlar\u0131n\u0131za stok yo\u011funlu\u011funuza,<br \/>\nayd\u0131nlatma \u00f6zelliklerinize ve kullan\u0131lan filtreleme y\u00f6nteminize (\u00f6rn Zeolit<br \/>\nt\u00fcrevi) ve di\u011fer biyolojik, fiziksel ve kimyasal ko\u015fullar taraf\u0131ndan<br \/>\nbelirlenir; bu nedenle, her akvaryumun potasyum takviyesi oran\u0131 i\u00e7in farkl\u0131<br \/>\ngereksinimleri olacakt\u0131r.<\/p>\n<p>Talimatlar ve Dozaj:<\/p>\n<p>\u0130lave ve ekleme yapmadan \u00f6nce do\u011fru bir test kiti kullanarak akvaryumdaki<br \/>\npotasyum konsantrasyonunu belirleyin. Bu \u00fcr\u00fcn\u00fc her kullan\u0131mdan \u00f6nce iyice<br \/>\n\u00e7alkalay\u0131n. Brightwell Potasion her 1 ml&#8217;si, 3.785 L sudaki potasyum konsantrasyonunu<br \/>\nyakla\u015f\u0131k 21 ppm art\u0131racakt\u0131r. Akvaryum suyunuzdaki potasyum de\u011feri 390 ppm&#8217;nin alt\u0131ndaysa 390 &#8211;<br \/>\n410 ppm aras\u0131nda de\u011fi\u015fene kadar g\u00fcnl\u00fck 75 litre ba\u015f\u0131na maksimum 10 ml oran\u0131nda<br \/>\nekleyin, ard\u0131ndan gerekti\u011finde g\u00fcnl\u00fck veya haftal\u0131k Potasyum de\u011ferini her zaman<br \/>\n+\/-10 ppm aral\u0131\u011f\u0131nda tutmaya \u00e7al\u0131\u015f\u0131n.<\/p>\n<p>\u0130\u00e7erik :<\/p>\n<p>Ar\u0131t\u0131lm\u0131\u015f su, Potasyum s\u00fclfat,<br \/>\nPotasyum klor\u00fcr.<\/p>\n<p>Boyutlar : 250 \u2013 500 ML<\/p>\n<p>Akvaryum katk\u0131lar\u0131 i\u00e7in, Akvaryum Merkezi olarak bizlere<br \/>\nba\u015fvurabilir, size en uygun ve kaliteli \u00fcr\u00fcnler i\u00e7in bilgi sahibi<br \/>\nolabilirsiniz.<\/p>\n<p>&nbsp;<\/p>\n<\/div>","protected":false},"excerpt":{"rendered":"<p>Brightwell &#8211; Potassion &#8211; Concentrated Potassium Solution for Marine Aquaria &#8211; Potasyum Y\u00fckseltici \u00c7\u00f6zelti &#8211; 250 ml \u00dcr\u00fcn Ad\u0131: Potassion<\/p>","protected":false},"featured_media":13140,"comment_status":"closed","ping_status":"open","template":"","meta":[],"pwb-brand":[],"product_brand":[79],"product_cat":[157],"product_tag":[],"class_list":{"0":"post-12613","1":"product","2":"type-product","3":"status-publish","4":"has-post-thumbnail","6":"product_brand-brightwell","7":"product_cat-katkilar","9":"first","10":"outofstock","11":"purchasable","12":"product-type-simple"},"brands":[],"_links":{"self":[{"href":"https:\/\/aquabluebursa.com\/en\/wp-json\/wp\/v2\/product\/12613","targetHints":{"allow":["GET"]}}],"collection":[{"href":"https:\/\/aquabluebursa.com\/en\/wp-json\/wp\/v2\/product"}],"about":[{"href":"https:\/\/aquabluebursa.com\/en\/wp-json\/wp\/v2\/types\/product"}],"replies":[{"embeddable":true,"href":"https:\/\/aquabluebursa.com\/en\/wp-json\/wp\/v2\/comments?post=12613"}],"wp:featuredmedia":[{"embeddable":true,"href":"https:\/\/aquabluebursa.com\/en\/wp-json\/wp\/v2\/media\/13140"}],"wp:attachment":[{"href":"https:\/\/aquabluebursa.com\/en\/wp-json\/wp\/v2\/media?parent=12613"}],"wp:term":[{"taxonomy":"pwb-brand","embeddable":true,"href":"https:\/\/aquabluebursa.com\/en\/wp-json\/wp\/v2\/pwb-brand?post=12613"},{"taxonomy":"product_brand","embeddable":true,"href":"https:\/\/aquabluebursa.com\/en\/wp-json\/wp\/v2\/product_brand?post=12613"},{"taxonomy":"product_cat","embeddable":true,"href":"https:\/\/aquabluebursa.com\/en\/wp-json\/wp\/v2\/product_cat?post=12613"},{"taxonomy":"product_tag","embeddable":true,"href":"https:\/\/aquabluebursa.com\/en\/wp-json\/wp\/v2\/product_tag?post=12613"}],"curies":[{"name":"wp","href":"https:\/\/api.w.org\/{rel}","templated":true}]}}