{"id":12615,"date":"2026-03-13T20:19:13","date_gmt":"2026-03-13T20:19:13","guid":{"rendered":"https:\/\/aquabluebursa.com\/magaza\/kategorilenmemis\/brightwell-fastart-m-250-ml\/"},"modified":"2026-03-13T20:19:13","modified_gmt":"2026-03-13T20:19:13","slug":"brightwell-fastart-m-250-ml","status":"publish","type":"product","link":"https:\/\/aquabluebursa.com\/en\/magaza\/bakteri-kulturleri\/brightwell-fastart-m-250-ml\/","title":{"rendered":"Brightwell &#8211; FaStart-M 250 ml"},"content":{"rendered":"<div>Brightwell &#8211; FaStart-M &#8211; Nutrient balance for establishing and feeding biological filtration in Marine Aquaria &#8211; 250 ml<\/div>\n<div><\/div>\n<div>\n<p>\u00dcr\u00fcn Ad\u0131: FaStart-M<\/p>\n<p>S\u0131n\u0131f\u0131: Bakteri<br \/>\nbesini<\/p>\n<p>Mevcut Ebatlar: 250 \u2013 500 ML<\/p>\n<p>&nbsp;<\/p>\n<p>\u00dcr\u00fcn Bilgisi:<\/p>\n<p>Deniz akvaryumlar\u0131 i\u00e7in \u00f6zel olarak form\u00fcle edilmi\u015ftir.<\/p>\n<p>\u2022Micr\u014dBacter7 ile birlikte<br \/>\nkullan\u0131ld\u0131\u011f\u0131nda, kritik besinleri belirli oranlarda sa\u011flayarak biyolojik filtrasyonun<br \/>\nkurulmas\u0131na destek olur.<\/p>\n<p>(Not: Micr\u014dBacterStart XLM veya<br \/>\nMicr\u014dBacterClean ile kullan\u0131lmak \u00fczere tasarlanmam\u0131\u015ft\u0131r, bunun yerine bu<br \/>\n\u00fcr\u00fcnler i\u00e7in QuikCycl kullan\u0131n.)<\/p>\n<p>\u2022 \u0130lk kurulum s\u0131ras\u0131nda bal\u0131k yemi veya zay\u0131f besin kaynaklar\u0131 kullanmadan<br \/>\nmikrobiyolojiyi \u00e7o\u011falmas\u0131na yard\u0131mc\u0131 olur.<\/p>\n<p>\u2022 Bakteriyoplanktonun (bu organizmalar i\u00e7in \u00f6nemli bir besin kayna\u011f\u0131)<br \/>\n\u00fcremesini te\u015fvik ederek mercanlara ve di\u011fer omurgas\u0131zlara dolayl\u0131 olarak fayda sa\u011flar.<\/p>\n<p>\u2022 Zooksantel mercanlar\u0131n renk a\u00e7\u0131lmalar\u0131n\u0131 \u00f6nlemeye yard\u0131mc\u0131 olur.<\/p>\n<p>\u2022 Mercanlar\u0131n polip a\u00e7\u0131l\u0131mlar\u0131n\u0131 te\u015fvik eder.<\/p>\n<p>&nbsp;<\/p>\n<p>Talimatlar ve Dozaj:<\/p>\n<p>\u00dcr\u00fcn\u00fc kullanmadan \u00f6nce iyice \u00e7alkalay\u0131n. Akvaryuma eklemeden<br \/>\n\u00f6nce uygun su \u015fartlar\u0131n\u0131 sa\u011flay\u0131n.(Is\u0131,Tuzluluk,ph,alkalinte).<\/p>\n<p>75 Litre Akvaryum suyuna 5 ml FaStart-M ekleyin. Nitrat ve fosfat\u0131 s\u0131ras\u0131yla 3 &#8211; 5 ppm<br \/>\nve 0,01 &#8211; 0,03 ppm aral\u0131\u011f\u0131nda tutmak i\u00e7in gerekti\u011finde FaStart-M dozlay\u0131n. Biyolojik dengenin<br \/>\ns\u00fcrd\u00fcr\u00fclebilirli\u011fi i\u00e7in ilk kurulumlarda<br \/>\ns\u0131k s\u0131k test yaparak buna g\u00f6re dozlama yap\u0131n.<\/p>\n<p>&nbsp;<\/p>\n<\/div>","protected":false},"excerpt":{"rendered":"<p>Brightwell &#8211; FaStart-M &#8211; Nutrient balance for establishing and feeding biological filtration in Marine Aquaria &#8211; 250 ml \u00dcr\u00fcn Ad\u0131:<\/p>","protected":false},"featured_media":13142,"comment_status":"closed","ping_status":"open","template":"","meta":[],"pwb-brand":[],"product_brand":[79],"product_cat":[158],"product_tag":[],"class_list":{"0":"post-12615","1":"product","2":"type-product","3":"status-publish","4":"has-post-thumbnail","6":"product_brand-brightwell","7":"product_cat-bakteri-kulturleri","9":"first","10":"instock","11":"purchasable","12":"product-type-simple"},"brands":[],"_links":{"self":[{"href":"https:\/\/aquabluebursa.com\/en\/wp-json\/wp\/v2\/product\/12615","targetHints":{"allow":["GET"]}}],"collection":[{"href":"https:\/\/aquabluebursa.com\/en\/wp-json\/wp\/v2\/product"}],"about":[{"href":"https:\/\/aquabluebursa.com\/en\/wp-json\/wp\/v2\/types\/product"}],"replies":[{"embeddable":true,"href":"https:\/\/aquabluebursa.com\/en\/wp-json\/wp\/v2\/comments?post=12615"}],"wp:featuredmedia":[{"embeddable":true,"href":"https:\/\/aquabluebursa.com\/en\/wp-json\/wp\/v2\/media\/13142"}],"wp:attachment":[{"href":"https:\/\/aquabluebursa.com\/en\/wp-json\/wp\/v2\/media?parent=12615"}],"wp:term":[{"taxonomy":"pwb-brand","embeddable":true,"href":"https:\/\/aquabluebursa.com\/en\/wp-json\/wp\/v2\/pwb-brand?post=12615"},{"taxonomy":"product_brand","embeddable":true,"href":"https:\/\/aquabluebursa.com\/en\/wp-json\/wp\/v2\/product_brand?post=12615"},{"taxonomy":"product_cat","embeddable":true,"href":"https:\/\/aquabluebursa.com\/en\/wp-json\/wp\/v2\/product_cat?post=12615"},{"taxonomy":"product_tag","embeddable":true,"href":"https:\/\/aquabluebursa.com\/en\/wp-json\/wp\/v2\/product_tag?post=12615"}],"curies":[{"name":"wp","href":"https:\/\/api.w.org\/{rel}","templated":true}]}}