{"id":12616,"date":"2026-03-13T20:19:13","date_gmt":"2026-03-13T20:19:13","guid":{"rendered":"https:\/\/aquabluebursa.com\/magaza\/kategorilenmemis\/brightwell-microbacter-dry-rock-bacteria-starter-kit\/"},"modified":"2026-03-13T20:19:14","modified_gmt":"2026-03-13T20:19:14","slug":"brightwell-microbacter-dry-rock-bacteria-starter-kit","status":"publish","type":"product","link":"https:\/\/aquabluebursa.com\/en\/magaza\/bakteri-kulturleri\/brightwell-microbacter-dry-rock-bacteria-starter-kit\/","title":{"rendered":"Brightwell &#8211; Micr\u014dBacter Dry Rock Bacteria Starter Kit"},"content":{"rendered":"<div>Brightwell &#8211; Micr\u014dBacter Dry Rock Bacteria Starter Kit &#8211; Bakteri K\u00fclt\u00fcr\u00fc<\/div>\n<div><\/div>\n<div>\n<p><span style=\"font-weight: bold;\">\u00dcr\u00fcn Ad\u0131:<\/span> Micr\u014dBacter Dry Rock Bacteria<br \/>\nStarter Kit<\/p>\n<p><span style=\"font-weight: bold;\">S\u0131n\u0131f\u0131:<\/span> Bakteri<br \/>\nk\u00fclt\u00fcr\u00fc<\/p>\n<p><span style=\"font-weight: bold;\">Mevcut Ebatlar<\/span>: 125 ML<\/p>\n<p>&nbsp;<\/p>\n<p><span style=\"font-weight: bold;\">\u00dcr\u00fcn Bilgisi:<\/span><\/p>\n<p>\u00b7 QuikCycl (60ml) MicroBacterStart XLM<br \/>\n(125ml) ve MicroBacter Clean (500ml) den olu\u015fan ba\u015flang\u0131\u00e7 Kiti.<\/p>\n<p>&nbsp;<\/p>\n<p>Akvaryum katk\u0131lar\u0131 i\u00e7in, Akvaryum Merkezi olarak bizlere<br \/>\nba\u015fvurabilir, size en uygun ve kaliteli \u00fcr\u00fcnler i\u00e7in bilgi sahibi<br \/>\nolabilirsiniz.<\/p>\n<p>&nbsp;<\/p>\n<\/div>","protected":false},"excerpt":{"rendered":"<p>Brightwell &#8211; Micr\u014dBacter Dry Rock Bacteria Starter Kit &#8211; Bakteri K\u00fclt\u00fcr\u00fc \u00dcr\u00fcn Ad\u0131: Micr\u014dBacter Dry Rock Bacteria Starter Kit S\u0131n\u0131f\u0131:<\/p>","protected":false},"featured_media":13143,"comment_status":"closed","ping_status":"open","template":"","meta":[],"pwb-brand":[],"product_brand":[79],"product_cat":[158],"product_tag":[],"class_list":{"0":"post-12616","1":"product","2":"type-product","3":"status-publish","4":"has-post-thumbnail","6":"product_brand-brightwell","7":"product_cat-bakteri-kulturleri","9":"first","10":"instock","11":"purchasable","12":"product-type-simple"},"brands":[],"_links":{"self":[{"href":"https:\/\/aquabluebursa.com\/en\/wp-json\/wp\/v2\/product\/12616","targetHints":{"allow":["GET"]}}],"collection":[{"href":"https:\/\/aquabluebursa.com\/en\/wp-json\/wp\/v2\/product"}],"about":[{"href":"https:\/\/aquabluebursa.com\/en\/wp-json\/wp\/v2\/types\/product"}],"replies":[{"embeddable":true,"href":"https:\/\/aquabluebursa.com\/en\/wp-json\/wp\/v2\/comments?post=12616"}],"wp:featuredmedia":[{"embeddable":true,"href":"https:\/\/aquabluebursa.com\/en\/wp-json\/wp\/v2\/media\/13143"}],"wp:attachment":[{"href":"https:\/\/aquabluebursa.com\/en\/wp-json\/wp\/v2\/media?parent=12616"}],"wp:term":[{"taxonomy":"pwb-brand","embeddable":true,"href":"https:\/\/aquabluebursa.com\/en\/wp-json\/wp\/v2\/pwb-brand?post=12616"},{"taxonomy":"product_brand","embeddable":true,"href":"https:\/\/aquabluebursa.com\/en\/wp-json\/wp\/v2\/product_brand?post=12616"},{"taxonomy":"product_cat","embeddable":true,"href":"https:\/\/aquabluebursa.com\/en\/wp-json\/wp\/v2\/product_cat?post=12616"},{"taxonomy":"product_tag","embeddable":true,"href":"https:\/\/aquabluebursa.com\/en\/wp-json\/wp\/v2\/product_tag?post=12616"}],"curies":[{"name":"wp","href":"https:\/\/api.w.org\/{rel}","templated":true}]}}