{"id":12622,"date":"2026-03-13T20:19:21","date_gmt":"2026-03-13T20:19:21","guid":{"rendered":"https:\/\/aquabluebursa.com\/magaza\/kategorilenmemis\/brightwell-microbacter7-2-litre\/"},"modified":"2026-03-13T20:19:21","modified_gmt":"2026-03-13T20:19:21","slug":"brightwell-microbacter7-2-litre","status":"publish","type":"product","link":"https:\/\/aquabluebursa.com\/en\/magaza\/bakteri-kulturleri\/brightwell-microbacter7-2-litre\/","title":{"rendered":"Brightwell &#8211; Micr\u014dBacter7 &#8211; 2 L\u0130TRE"},"content":{"rendered":"<div>Brightwell &#8211; Micr\u014dBacter7 &#8211; Complete Bioculture for Marine and FW Aquaria &#8211; Bakteri K\u00fclt\u00fcr\u00fc &#8211; 2 Litre<\/div>\n<div><\/div>\n<div>\n<p>\u00dcr\u00fcn Ad\u0131: MicroBacter7<\/p>\n<p>S\u0131n\u0131f\u0131: Bakteri<br \/>\nk\u00fclt\u00fcr\u00fc<\/p>\n<p>Mevcut Ebatlar: 125 \u2013 250 \u2013 500 \u2013 1000 &#8211; 2000 \u2013 4000 ML<\/p>\n<p>&nbsp;<\/p>\n<p>\u00dcr\u00fcn Bilgisi:<\/p>\n<p>\u00b7 Patojenik olmayan aerobik ve<br \/>\nanaerobik bakterilerin yan\u0131 s\u0131ra yeni akvaryum kurulumlar\u0131nda biyolojik<br \/>\nfiltrasyon sa\u011flamak, deniz ve tatl\u0131 su akvaryumlar\u0131nda nitrifikasyon,<br \/>\ndenitrifikasyon ve organik at\u0131klar\u0131n uzakla\u015ft\u0131r\u0131lmas\u0131 i\u00e7in \u00f6zel olarak form\u00fcle<br \/>\nedilmi\u015f do\u011fal enzimlerden olu\u015fan bakteri k\u00fclt\u00fcr\u00fc.<\/p>\n<p>\u00b7 Nitrat ve fosfat\u0131 azalt\u0131r<\/p>\n<p>\u00b7 12 y\u0131ldan fazla bir s\u00fcredir \u00fcretilen<br \/>\nve d\u00fcnyada en \u00e7ok satan bakteri k\u00fclt\u00fcr\u00fc<\/p>\n<p>\u00b7 Veteriner ve Patologlar taraf\u0131ndan test edilip onay alan \u00fcr\u00fcn.<\/p>\n<p>\u00b7 \u00dcretim tarihinden itibaren 2 y\u0131l. raf<br \/>\n\u00f6mr\u00fc<\/p>\n<p>\u00b7 Mikrobiyologlar taraf\u0131ndan kapsaml\u0131<br \/>\nveriler kullan\u0131larak form\u00fcle edilmi\u015ftir.<\/p>\n<p>&nbsp;<\/p>\n<p>Faydalar\u0131:<\/p>\n<p>1. Organik karbon, amonyak, nitrit, nitrat ve fosfat\u0131n h\u0131zl\u0131 bir \u015fekilde<br \/>\nindirger.<\/p>\n<p>2. Yenmemi\u015f\/sindirilmemi\u015f g\u0131da, d\u0131\u015fk\u0131, ve di\u011fer gizli organik maddelerin<br \/>\nuzakla\u015ft\u0131r\u0131lmas\u0131n\u0131 sa\u011flar.<\/p>\n<p>3. Organik bile\u015fiklerin ve fotosentetik organizmalar\u0131n geli\u015fimini h\u0131zland\u0131r\u0131r.<\/p>\n<p>4. Hidrojen s\u00fclf\u00fcr olu\u015fumunu engeller.<\/p>\n<p>5. Redox potansiyelini art\u0131r\u0131r.<\/p>\n<p>6. \u00d6nceden var olan fosfat\u0131 ,istenmeyen alg ve S\u0130YANO bakterileri yok eder.<\/p>\n<p>7. Akvaryum suyunuzu daha berrak hale getirir.<\/p>\n<p>Talimatlar ve Dozaj:<\/p>\n<p>\u00dcr\u00fcn\u00fc kullanmadan \u00f6nce iyice \u00e7alkalay\u0131n. Akvaryuma eklemeden<br \/>\n\u00f6nce uygun hacimde MicroBacter7&#8217;yi 250<br \/>\nml akvaryum suyuyla temiz bir kapta kar\u0131\u015ft\u0131r\u0131n. Bir pipet yard\u0131m\u0131 ile Micr\u014dBacter7&#8217;yi filtre sisteminizin bulundu\u011fu b\u00f6l\u00fcme ekleyin.<br \/>\nEn iyi sonucu almak i\u00e7in sat\u0131n alma<br \/>\ntarihinden itibaren 1 y\u0131l i\u00e7inde t\u00fcketin.<\/p>\n<p>Yeni kurulmu\u015f akvaryumlarda Biyolojik Filtrasyon ba\u015flang\u0131c\u0131 i\u00e7in \u0130lk<br \/>\n2 Hafta boyunca her g\u00fcn 100 Litre akvaryum suyu i\u00e7in 5 ml ekleyin. Akvaryuma<br \/>\nilave edildikten sonra 4 saatlik bir s\u00fcre boyunca protein Skimmer ve varsa UV<br \/>\nsterilizasyonunu kapat\u0131n. Su berrakl\u0131\u011f\u0131nda g\u00f6zle g\u00f6r\u00fcl\u00fcr bir fark dozlamadan<br \/>\nsonraki 30 dakika i\u00e7inde g\u00f6r\u00fcl\u00fcr.<\/p>\n<p>Yeni olmayan akvaryumlarda Biyolojik Filtrasyon devaml\u0131l\u0131\u011f\u0131n\u0131<br \/>\nsa\u011flamak i\u00e7in 190 Litre akvaryum suyu na haftal\u0131k 5 ml (1 kapak) ilave edin. Akvaryuma<br \/>\nilave edildikten sonra 4 saatlik bir s\u00fcre boyunca protein skimmer ve UV<br \/>\nsterilizasyonunu kapat\u0131n.<\/p>\n<p>\u0130\u00e7erik :<\/p>\n<p>Ar\u0131t\u0131lm\u0131\u015f su, do\u011fal enzimlerin ve<br \/>\npatojenik olmayan, faydal\u0131 mikroorganizmalar\u0131n tescilli kar\u0131\u015f\u0131m\u0131.<\/p>\n<p>Boyutlar : 125 \u2013 250 \u2013 500 \u2013 2000 \u2013 4000 ML<\/p>\n<p>Akvaryum katk\u0131lar\u0131 i\u00e7in, Akvaryum Merkezi olarak bizlere<br \/>\nba\u015fvurabilir, size en uygun ve kaliteli \u00fcr\u00fcnler i\u00e7in bilgi sahibi<br \/>\nolabilirsiniz.<\/p>\n<p>&nbsp;<\/p>\n<\/div>","protected":false},"excerpt":{"rendered":"<p>Brightwell &#8211; Micr\u014dBacter7 &#8211; Complete Bioculture for Marine and FW Aquaria &#8211; Bakteri K\u00fclt\u00fcr\u00fc &#8211; 2 Litre \u00dcr\u00fcn Ad\u0131: MicroBacter7<\/p>","protected":false},"featured_media":13150,"comment_status":"closed","ping_status":"open","template":"","meta":[],"pwb-brand":[],"product_brand":[79],"product_cat":[158],"product_tag":[],"class_list":{"0":"post-12622","1":"product","2":"type-product","3":"status-publish","4":"has-post-thumbnail","6":"product_brand-brightwell","7":"product_cat-bakteri-kulturleri","9":"first","10":"instock","11":"purchasable","12":"product-type-simple"},"brands":[],"_links":{"self":[{"href":"https:\/\/aquabluebursa.com\/en\/wp-json\/wp\/v2\/product\/12622","targetHints":{"allow":["GET"]}}],"collection":[{"href":"https:\/\/aquabluebursa.com\/en\/wp-json\/wp\/v2\/product"}],"about":[{"href":"https:\/\/aquabluebursa.com\/en\/wp-json\/wp\/v2\/types\/product"}],"replies":[{"embeddable":true,"href":"https:\/\/aquabluebursa.com\/en\/wp-json\/wp\/v2\/comments?post=12622"}],"wp:featuredmedia":[{"embeddable":true,"href":"https:\/\/aquabluebursa.com\/en\/wp-json\/wp\/v2\/media\/13150"}],"wp:attachment":[{"href":"https:\/\/aquabluebursa.com\/en\/wp-json\/wp\/v2\/media?parent=12622"}],"wp:term":[{"taxonomy":"pwb-brand","embeddable":true,"href":"https:\/\/aquabluebursa.com\/en\/wp-json\/wp\/v2\/pwb-brand?post=12622"},{"taxonomy":"product_brand","embeddable":true,"href":"https:\/\/aquabluebursa.com\/en\/wp-json\/wp\/v2\/product_brand?post=12622"},{"taxonomy":"product_cat","embeddable":true,"href":"https:\/\/aquabluebursa.com\/en\/wp-json\/wp\/v2\/product_cat?post=12622"},{"taxonomy":"product_tag","embeddable":true,"href":"https:\/\/aquabluebursa.com\/en\/wp-json\/wp\/v2\/product_tag?post=12622"}],"curies":[{"name":"wp","href":"https:\/\/api.w.org\/{rel}","templated":true}]}}