{"id":12626,"date":"2026-03-13T20:19:27","date_gmt":"2026-03-13T20:19:27","guid":{"rendered":"https:\/\/aquabluebursa.com\/magaza\/kategorilenmemis\/brightwell-redoxiclean-250-ml\/"},"modified":"2026-03-13T20:19:27","modified_gmt":"2026-03-13T20:19:27","slug":"brightwell-redoxiclean-250-ml","status":"publish","type":"product","link":"https:\/\/aquabluebursa.com\/en\/magaza\/filtrasyon-malzemeleri\/brightwell-redoxiclean-250-ml\/","title":{"rendered":"Brightwell &#8211; RedoxIclean 250 ML"},"content":{"rendered":"<div>\u00a0Brightwell &#8211; RedoxIclean &#8211; Marin &#038; Tatl\u0131su Akvaryumu Su D\u00fczenleyicisi 250 ML<\/div>\n<div><\/div>\n<div>\n<p>\u00dcr\u00fcn Ad\u0131: RedoxIclean<\/p>\n<p>S\u0131n\u0131f\u0131: Su<br \/>\nd\u00fczenleyici<\/p>\n<p>Mevcut Ebatlar: 250 ML<\/p>\n<p>&nbsp;<\/p>\n<p>Genel bak\u0131\u015f:<\/p>\n<p>\u00b7<br \/>\nPar\u00e7ac\u0131k<br \/>\nve \u00e7\u00f6z\u00fcnm\u00fc\u015f organik madde ayr\u0131\u015fma oran\u0131n\u0131 art\u0131rarak, bile\u015fenlerin protein<br \/>\nkaymas\u0131, aktif karbon ve di\u011fer biyolojik ve kimyasal filtreleme y\u00f6ntemleriyle<br \/>\ndaha etkin bir \u015fekilde \u00e7\u0131kar\u0131lmas\u0131n\u0131 sa\u011flayarak, su kalitesini art\u0131r\u0131r.<\/p>\n<p>\u00b7<br \/>\nT\u00fcm<br \/>\nbal\u0131klar, omurgas\u0131zlar ve bitkilerle kullan\u0131m i\u00e7in g\u00fcvenlidir.<\/p>\n<p>\u00b7<br \/>\n\u00d6zellikle<br \/>\nyo\u011fun stoklu, yo\u011fun beslenen<br \/>\nakvaryumlarda; akvaryumdaki y\u00fcksek organik madde konsantrasyonunun d\u00fc\u015f\u00fcrerek<br \/>\nya\u015fayan canl\u0131lar\u0131n sa\u011fl\u0131\u011f\u0131n\u0131 olumlu y\u00f6nde katk\u0131 sa\u011flar.<\/p>\n<p>\u00b7<br \/>\nKal\u0131nt\u0131<br \/>\nb\u0131rakmaz.<\/p>\n<p>&nbsp;<\/p>\n<p>&nbsp;<\/p>\n<p>Talimatlar ve Dozaj:<\/p>\n<p>Deniz Akvaryumu: Birbirini 12 saatlik aral\u0131klarla 10 g\u00fcn boyunca, en az g\u00fcnde iki kez 190 L<br \/>\nakvaryum suyuna 15 damla (~0,75 ml)<br \/>\nekleyin.Akvaryumda ki Omurgas\u0131zlar poliplerini veya kabuklar\u0131n\u0131 kapat\u0131yor<br \/>\ngibi g\u00f6r\u00fcn\u00fcyorsa, dozu %50 azalt\u0131n ve art arda 20 g\u00fcne kadar<br \/>\nkullan\u0131n.Yeniden dozlamadan \u00f6nce en az 7 g\u00fcn bekleyin.<\/p>\n<p>&nbsp;<\/p>\n<p>\u0130\u00e7erik :<\/p>\n<p>Manganez tuzlar\u0131n\u0131n tescilli<br \/>\nkar\u0131\u015f\u0131m\u0131.<\/p>\n<p>Boyutlar : 250 ML<\/p>\n<p>Akvaryum katk\u0131lar\u0131 i\u00e7in, Akvaryum Merkezi olarak bizlere<br \/>\nba\u015fvurabilir, size en uygun ve kaliteli \u00fcr\u00fcnler i\u00e7in bilgi sahibi<br \/>\nolabilirsiniz.<\/p>\n<p>&nbsp;<\/p>\n<\/div>","protected":false},"excerpt":{"rendered":"<p>\u00a0Brightwell &#8211; RedoxIclean &#8211; Marin &#038; Tatl\u0131su Akvaryumu Su D\u00fczenleyicisi 250 ML \u00dcr\u00fcn Ad\u0131: RedoxIclean S\u0131n\u0131f\u0131: Su d\u00fczenleyici Mevcut Ebatlar:<\/p>","protected":false},"featured_media":13154,"comment_status":"closed","ping_status":"open","template":"","meta":[],"pwb-brand":[],"product_brand":[79],"product_cat":[161],"product_tag":[],"class_list":{"0":"post-12626","1":"product","2":"type-product","3":"status-publish","4":"has-post-thumbnail","6":"product_brand-brightwell","7":"product_cat-filtrasyon-malzemeleri","9":"first","10":"instock","11":"purchasable","12":"product-type-simple"},"brands":[],"_links":{"self":[{"href":"https:\/\/aquabluebursa.com\/en\/wp-json\/wp\/v2\/product\/12626","targetHints":{"allow":["GET"]}}],"collection":[{"href":"https:\/\/aquabluebursa.com\/en\/wp-json\/wp\/v2\/product"}],"about":[{"href":"https:\/\/aquabluebursa.com\/en\/wp-json\/wp\/v2\/types\/product"}],"replies":[{"embeddable":true,"href":"https:\/\/aquabluebursa.com\/en\/wp-json\/wp\/v2\/comments?post=12626"}],"wp:featuredmedia":[{"embeddable":true,"href":"https:\/\/aquabluebursa.com\/en\/wp-json\/wp\/v2\/media\/13154"}],"wp:attachment":[{"href":"https:\/\/aquabluebursa.com\/en\/wp-json\/wp\/v2\/media?parent=12626"}],"wp:term":[{"taxonomy":"pwb-brand","embeddable":true,"href":"https:\/\/aquabluebursa.com\/en\/wp-json\/wp\/v2\/pwb-brand?post=12626"},{"taxonomy":"product_brand","embeddable":true,"href":"https:\/\/aquabluebursa.com\/en\/wp-json\/wp\/v2\/product_brand?post=12626"},{"taxonomy":"product_cat","embeddable":true,"href":"https:\/\/aquabluebursa.com\/en\/wp-json\/wp\/v2\/product_cat?post=12626"},{"taxonomy":"product_tag","embeddable":true,"href":"https:\/\/aquabluebursa.com\/en\/wp-json\/wp\/v2\/product_tag?post=12626"}],"curies":[{"name":"wp","href":"https:\/\/api.w.org\/{rel}","templated":true}]}}