{"id":12627,"date":"2026-03-13T20:19:27","date_gmt":"2026-03-13T20:19:27","guid":{"rendered":"https:\/\/aquabluebursa.com\/magaza\/kategorilenmemis\/brightwell-phosphat-e-250-ml\/"},"modified":"2026-03-13T20:19:28","modified_gmt":"2026-03-13T20:19:28","slug":"brightwell-phosphat-e-250-ml","status":"publish","type":"product","link":"https:\/\/aquabluebursa.com\/en\/magaza\/filtrasyon-malzemeleri\/brightwell-phosphat-e-250-ml\/","title":{"rendered":"Brightwell &#8211; Phosphat-E 250 ml"},"content":{"rendered":"<div>Brightwell &#8211; Phosphat-E Liquid Phosphate Remover for all Marine Aquaria &#8211; Fosfat giderici 250 ml<\/div>\n<div><\/div>\n<div>\n<p>\u00dcr\u00fcn Ad\u0131: Phosphat-E<\/p>\n<p>S\u0131n\u0131f\u0131: Fosfat giderici<\/p>\n<p>Mevcut Ebatlar: 250 ml<\/p>\n<p>&nbsp;<\/p>\n<p>\u00dcr\u00fcn Bilgisi:<\/p>\n<p>\u00b7 Akvaryuma ilave edildikten hemen<br \/>\nsonra reaktif fosfat\u0131 yok etmeye ba\u015flar.<\/p>\n<p>\u00b7 T\u00fcm mercanlar ve bal\u0131klar i\u00e7in g\u00fcvenlidir.<\/p>\n<p>\u00b7 Her 1 ml, 15 litre akvaryum suyundaki<br \/>\n1 ppm fosfat\u0131 ortadan kald\u0131r\u0131r<\/p>\n<p>\u00b7 Canl\u0131 y\u00fck\u00fc fazla olan akvaryumlarda<br \/>\nfosfat kontrol\u00fcne yard\u0131mc\u0131 olmak i\u00e7in s\u00fcrekli olarak kullan\u0131labilir.<\/p>\n<p>\u00b7 Rakip \u00fcr\u00fcnlerin \u00e7o\u011fundan %50&#8217;den<br \/>\nfazla daha g\u00fc\u00e7l\u00fc.<\/p>\n<p>\u00b7 Uzman deniz bilimcileri taraf\u0131ndan<br \/>\nform\u00fcle edilmi\u015ftir.<\/p>\n<p>&nbsp;<\/p>\n<p>Fosfat, canl\u0131 organizmalar\u0131n sa\u011fl\u0131\u011f\u0131 i\u00e7in \u00e7ok k\u00fc\u00e7\u00fck miktarlarda olmas\u0131 (\u00f6rn.003<br \/>\n&gt;0,05 ppm) gerekir, \u00c7o\u011fu akvaryum<br \/>\ntest kiti taraf\u0131ndan \u00f6l\u00e7\u00fclebilir bir konsantrasyonda bulunmas\u0131na izin<br \/>\nverilirse, akvaryum sisteminin genel g\u00f6r\u00fcn\u00fcm\u00fcn\u00fc dolayl\u0131 olarak olumsuz<br \/>\netkileyebilir.. Bu nedenle, ister ara s\u0131ra, ister s\u00fcrekli olsun, y\u00fcksek fosfat<br \/>\nkonsantrasyonlar\u0131yla m\u00fccadele edilmelidir. Phosph\u0101t-E, molek\u00fcl\u00fcn reaktif<br \/>\n(&#8220;serbest\u201d) formunu ba\u011flayarak ve biyolojik al\u0131m i\u00e7in kullan\u0131lamaz hale<br \/>\ngetirerek y\u00fcksek fosfat konsantrasyonlar\u0131na h\u0131zl\u0131 bir \u00e7\u00f6z\u00fcm sa\u011flar. Elde edilen<br \/>\nbu aktif olmayan fosfat bile\u015fi\u011fi, daha sonra mekanik filtrasyon veya protein skimmer<br \/>\nvas\u0131tas\u0131 ile sistemden kal\u0131c\u0131 olarak uzakla\u015ft\u0131r\u0131l\u0131r. Bu ar\u0131tma y\u00f6ntemi, bir<br \/>\ndeniz akvaryumunda \u00f6l\u00e7\u00fclemez bir fosfat konsantrasyonu sa\u011flamak i\u00e7in<br \/>\ngerekti\u011finde veya s\u00fcrekli olarak kullan\u0131labilir.<\/p>\n<p>Talimatlar ve Dozaj:<\/p>\n<p>\u00dcr\u00fcn ilk uyguland\u0131\u011f\u0131nda akvaryum suyunu \u00e7ok azda olsa<br \/>\nbulan\u0131kla\u015ft\u0131rabilir. Bulan\u0131kl\u0131k ge\u00e7icidir ve \u00e7ok k\u0131sa bir s\u00fcre sonra ge\u00e7er.<\/p>\n<p>\u0130lk kullan\u0131mdan \u00f6nce g\u00fcvenilir bir test kiti ile test yaparak<br \/>\nakvaryumdaki fosfat konsantrasyonunu \u00f6l\u00e7\u00fcn.<\/p>\n<p>Brightwell Phosphat-E&#8217;nin her bir 1ml&#8217;si, 15 Litre suda 1 ppm<br \/>\nreaktif (mevcut) fosfat\u0131 ortadan kald\u0131racakt\u0131r. Fosfat alma oran\u0131n\u0131 en \u00fcst<br \/>\nd\u00fczeye \u00e7\u0131karmak i\u00e7in, \u00fcr\u00fcn\u00fc mevcut mekanik filtrenize ya da protein skimmer<br \/>\n\u00fcnitenizin yan\u0131na ekleyiniz.<\/p>\n<p>\u0130\u00e7erik :<\/p>\n<p>Ar\u0131t\u0131lm\u0131\u015f su, ve tescilli fosfat<br \/>\ngidericiler<\/p>\n<p>Boyutlar : |250 ml<\/p>\n<p>Akvaryum katk\u0131lar\u0131 i\u00e7in, Akvaryum Merkezi olarak bizlere<br \/>\nba\u015fvurabilir, size en uygun ve kaliteli \u00fcr\u00fcnler i\u00e7in bilgi sahibi olabilirsiniz.<\/p>\n<p>&nbsp;<\/p>\n<\/div>","protected":false},"excerpt":{"rendered":"<p>Brightwell &#8211; Phosphat-E Liquid Phosphate Remover for all Marine Aquaria &#8211; Fosfat giderici 250 ml \u00dcr\u00fcn Ad\u0131: Phosphat-E S\u0131n\u0131f\u0131: Fosfat<\/p>","protected":false},"featured_media":13155,"comment_status":"closed","ping_status":"open","template":"","meta":[],"pwb-brand":[],"product_brand":[79],"product_cat":[161],"product_tag":[],"class_list":{"0":"post-12627","1":"product","2":"type-product","3":"status-publish","4":"has-post-thumbnail","6":"product_brand-brightwell","7":"product_cat-filtrasyon-malzemeleri","9":"first","10":"instock","11":"purchasable","12":"product-type-simple"},"brands":[],"_links":{"self":[{"href":"https:\/\/aquabluebursa.com\/en\/wp-json\/wp\/v2\/product\/12627","targetHints":{"allow":["GET"]}}],"collection":[{"href":"https:\/\/aquabluebursa.com\/en\/wp-json\/wp\/v2\/product"}],"about":[{"href":"https:\/\/aquabluebursa.com\/en\/wp-json\/wp\/v2\/types\/product"}],"replies":[{"embeddable":true,"href":"https:\/\/aquabluebursa.com\/en\/wp-json\/wp\/v2\/comments?post=12627"}],"wp:featuredmedia":[{"embeddable":true,"href":"https:\/\/aquabluebursa.com\/en\/wp-json\/wp\/v2\/media\/13155"}],"wp:attachment":[{"href":"https:\/\/aquabluebursa.com\/en\/wp-json\/wp\/v2\/media?parent=12627"}],"wp:term":[{"taxonomy":"pwb-brand","embeddable":true,"href":"https:\/\/aquabluebursa.com\/en\/wp-json\/wp\/v2\/pwb-brand?post=12627"},{"taxonomy":"product_brand","embeddable":true,"href":"https:\/\/aquabluebursa.com\/en\/wp-json\/wp\/v2\/product_brand?post=12627"},{"taxonomy":"product_cat","embeddable":true,"href":"https:\/\/aquabluebursa.com\/en\/wp-json\/wp\/v2\/product_cat?post=12627"},{"taxonomy":"product_tag","embeddable":true,"href":"https:\/\/aquabluebursa.com\/en\/wp-json\/wp\/v2\/product_tag?post=12627"}],"curies":[{"name":"wp","href":"https:\/\/api.w.org\/{rel}","templated":true}]}}